{"id":608,"date":"2023-01-28T19:45:22","date_gmt":"2023-01-28T19:45:22","guid":{"rendered":"https:\/\/www.dehydraw.tech\/?post_type=product&#038;p=608"},"modified":"2026-03-07T03:07:21","modified_gmt":"2026-03-07T03:07:21","slug":"young-box-dle-tvych-predstav","status":"publish","type":"product","link":"https:\/\/www.dehydraw.tech\/en\/product\/young-box-dle-tvych-predstav\/","title":{"rendered":"KREKRY ZE SM\u011aS\u00cd NAKL\u00cd\u010cEN\u00ddCH SEM\u00cdNEK 250g"},"content":{"rendered":"<p>Our crackers are nutrient-dense and filling, so you can enjoy them as a hearty snack on their own, or combine them with dips or soups for a healthy light lunch.\nKeep a pack of our crackers in your bag for whenever you need a tasty, filling snack that will care for your health. Our crackers are made with a base of sprouted seeds, making them more nutritious than many other processed snacks\nWhat\u2019s more, all our snacks are vegan and gluten-free! Cold Dried.<\/p>\n<p><strong data-start=\"40\" data-end=\"52\">Slo\u017een\u00ed: <\/strong>ln\u011bn\u00e9 sem\u00ednko hn\u011bd\u00e9* \u00a0(40%), slune\u010dnicov\u00e1 sem\u00ednka j\u00e1dra* \u03a9 (20%), d\u00fd\u0148ov\u00e9 sem\u00ednko* \u03a9 (10%), brokolice (10%), <em><strong>celer \u0159ap\u00edkat\u00fd*<\/strong><\/em> (6%), \u0161pen\u00e1t* (5%), pohanka* \u03a9 (5%), semena chia* \u00a0(2%), <em><strong data-start=\"247\" data-end=\"267\">ho\u0159\u010di\u010dn\u00e1 sem\u00ednka<\/strong>*<\/em>\u00a0 (2%)<br data-start=\"275\" data-end=\"278\" \/>* = produkt ekologick\u00e9ho zem\u011bd\u011blstv\u00ed; \u03a9 = nakl\u00ed\u010den\u00fd<\/p>\n<p>V\u00fdrobek \u0161etrn\u011b su\u0161en\u00fd p\u0159i n\u00edzk\u00e9 teplot\u011b do 42 \u00b0C tak, aby z\u016fstaly zachov\u00e1ny v\u0161echny zdrav\u00ed prosp\u011b\u0161n\u00e9 l\u00e1tky.<br data-start=\"600\" data-end=\"603\" \/>Produkt ur\u010den\u00fd k p\u0159\u00edm\u00e9 konzumaci. Skladujte v suchu do 25 \u00b0C a relativn\u00ed vlhkosti 70 %.<\/p>\n<div class=\"_tableContainer_1rjym_1\">\n<div class=\"group _tableWrapper_1rjym_13 flex w-fit flex-col-reverse\" tabindex=\"-1\">\n<table class=\"w-fit min-w-(--thread-content-width)\" data-start=\"82\" data-end=\"723\">\n<thead data-start=\"82\" data-end=\"144\">\n<tr data-start=\"82\" data-end=\"144\">\n<th style=\"text-align: left;\" data-start=\"82\" data-end=\"117\" data-col-size=\"sm\"><strong data-start=\"84\" data-end=\"104\">V\u00fd\u017eivov\u00e1 hodnota<\/strong><\/th>\n<th style=\"text-align: left;\" data-start=\"117\" data-end=\"144\" data-col-size=\"sm\"><strong data-start=\"119\" data-end=\"142\">na 100 g<\/strong><\/th>\n<\/tr>\n<\/thead>\n<tbody data-start=\"209\" data-end=\"723\">\n<tr data-start=\"209\" data-end=\"272\">\n<td data-start=\"209\" data-end=\"244\" data-col-size=\"sm\">Energetick\u00e1 hodnota<\/td>\n<td data-start=\"244\" data-end=\"272\" data-col-size=\"sm\">129 kcal \/ 537 kJ<\/td>\n<\/tr>\n<tr data-start=\"273\" data-end=\"336\">\n<td data-start=\"273\" data-end=\"308\" data-col-size=\"sm\">Tuky celkem<\/td>\n<td data-start=\"308\" data-end=\"336\" data-col-size=\"sm\">10 g<\/td>\n<\/tr>\n<tr data-start=\"337\" data-end=\"403\">\n<td data-start=\"337\" data-end=\"384\" data-col-size=\"sm\"><em>nasycen\u00e9 mastn\u00e9 kyseliny<\/em><\/td>\n<td data-start=\"384\" data-end=\"403\" data-col-size=\"sm\">1,5 g<\/td>\n<\/tr>\n<tr data-start=\"404\" data-end=\"467\">\n<td data-start=\"404\" data-end=\"439\" data-col-size=\"sm\">Sacharidy celkem<\/td>\n<td data-start=\"439\" data-end=\"467\" data-col-size=\"sm\">3 g<\/td>\n<\/tr>\n<tr data-start=\"468\" data-end=\"531\">\n<td data-start=\"468\" data-end=\"503\" data-col-size=\"sm\"><em>cukry<\/em><\/td>\n<td data-start=\"503\" data-end=\"531\" data-col-size=\"sm\">0,3 g<\/td>\n<\/tr>\n<tr data-start=\"532\" data-end=\"595\">\n<td data-start=\"532\" data-end=\"567\" data-col-size=\"sm\">Vl\u00e1knina<\/td>\n<td data-start=\"567\" data-end=\"595\" data-col-size=\"sm\">2 g<\/td>\n<\/tr>\n<tr data-start=\"596\" data-end=\"659\">\n<td data-start=\"596\" data-end=\"631\" data-col-size=\"sm\">B\u00edlkoviny<\/td>\n<td data-start=\"631\" data-end=\"659\" data-col-size=\"sm\">6 g<\/td>\n<\/tr>\n<tr data-start=\"660\" data-end=\"723\">\n<td data-start=\"660\" data-end=\"695\" data-col-size=\"sm\">S\u016fl<\/td>\n<td data-start=\"695\" data-end=\"723\" data-col-size=\"sm\">0,08 g<\/td>\n<\/tr>\n<\/tbody>\n<\/table>\n<\/div>\n<p><em>Uveden\u00e9 v\u00fd\u017eivov\u00e9 hodnoty jsou pr\u016fm\u011brn\u00e9 a mohou se li\u0161it v z\u00e1vislosti na zralosti, sez\u00f3n\u011b a zp\u016fsobu skladov\u00e1n\u00ed.<\/em><\/p>\n<p><strong data-start=\"1509\" data-end=\"1548\">\u2714\ufe0fRAW GUARANTEE \u2714\ufe0fECO FRIENDLY \u2714\ufe0fSTOP FOOD WASTE \u2714\ufe0fGLUTEN-FREE<\/strong><strong data-start=\"1551\" data-end=\"1600\"> \u2714\ufe0fACTIVATED \u2714\ufe0fGUARANTEE OF ORIGIN<\/strong><\/p>\n<\/div>","protected":false},"excerpt":{"rendered":"<p>Krekry jsou vhodn\u00e9 jako chutn\u00e1 alternativa k pe\u010divu. Neobsahuj\u00ed lepek, mouku, kyp\u0159\u00edc\u00ed l\u00e1tky a zv\u00fdraz\u0148ova\u010de chuti. Jsou vyr\u00e1b\u011bn\u00e9 pouze z v\u00fd\u017eivn\u00fdch celistv\u00fdch surovin, jako jsou sem\u00ednka a zelenina. Jsou su\u0161en\u00e9 za studena, tak\u017ee si uchov\u00e1vaj\u00ed v\u0161echny sv\u00e9 \u017eiviny v p\u016fvodn\u00ed neznehodnocen\u00e9 form\u011b. S vysok\u00fdm obsahem vl\u00e1kniny a bez p\u0159idan\u00e9 soli. Slo\u017een\u00ed: ln\u011bn\u00e9 sem\u00ednko hn\u011bd\u00e9* \u00a0(40%),&#8230;<\/p>","protected":false},"featured_media":3905,"comment_status":"open","ping_status":"closed","template":"","meta":{"_kadence_starter_templates_imported_post":false,"_kad_post_transparent":"default","_kad_post_title":"","_kad_post_layout":"default","_kad_post_sidebar_id":"","_kad_post_content_style":"default","_kad_post_vertical_padding":"default","_kad_post_feature":"","_kad_post_feature_position":"","_kad_post_header":false,"_kad_post_footer":false},"product_cat":[50],"product_tag":[],"class_list":{"0":"post-608","1":"product","2":"type-product","3":"status-publish","4":"has-post-thumbnail","6":"product_cat-lifestyle-edice","8":"first","9":"outofstock","10":"taxable","11":"shipping-taxable","12":"purchasable","13":"product-type-simple","14":"entry","15":"content-bg","16":"loop-entry"},"yoast_head":"<!-- This site is optimized with the Yoast SEO plugin v24.0 - https:\/\/yoast.com\/wordpress\/plugins\/seo\/ -->\n<title>KREKRY ZE SM\u011aS\u00cd NAKL\u00cd\u010cEN\u00ddCH SEM\u00cdNEK 250g - dehydraw.tech<\/title>\n<meta name=\"description\" content=\"BIO krekry jsou vhodn\u00e9 jako chutn\u00e1 alternativa k pe\u010divu. Neobsahuj\u00ed lepek, mouku, kyp\u0159\u00edc\u00ed l\u00e1tky a zv\u00fdraz\u0148ova\u010de chuti. Jsou vyr\u00e1b\u011bn\u00e9 pouze z v\u00fd\u017eivn\u00fdch ...\" \/>\n<meta name=\"robots\" content=\"index, follow, max-snippet:-1, max-image-preview:large, max-video-preview:-1\" \/>\n<link rel=\"canonical\" href=\"https:\/\/www.dehydraw.tech\/en\/product\/young-box-dle-tvych-predstav\/\" \/>\n<meta property=\"og:locale\" content=\"en_GB\" \/>\n<meta property=\"og:type\" content=\"article\" \/>\n<meta property=\"og:title\" content=\"KREKRY ZE SM\u011aS\u00cd NAKL\u00cd\u010cEN\u00ddCH SEM\u00cdNEK 250g - dehydraw.tech\" \/>\n<meta property=\"og:description\" content=\"BIO krekry jsou vhodn\u00e9 jako chutn\u00e1 alternativa k pe\u010divu. Neobsahuj\u00ed lepek, mouku, kyp\u0159\u00edc\u00ed l\u00e1tky a zv\u00fdraz\u0148ova\u010de chuti. Jsou vyr\u00e1b\u011bn\u00e9 pouze z v\u00fd\u017eivn\u00fdch ...\" \/>\n<meta property=\"og:url\" content=\"https:\/\/www.dehydraw.tech\/en\/product\/young-box-dle-tvych-predstav\/\" \/>\n<meta property=\"og:site_name\" content=\"dehydraw.tech\" \/>\n<meta property=\"article:modified_time\" content=\"2026-03-07T03:07:21+00:00\" \/>\n<meta property=\"og:image\" content=\"http:\/\/www.dehydraw.tech\/wp-content\/uploads\/2023\/01\/IMG_3007-1024x683.png\" \/>\n\t<meta property=\"og:image:width\" content=\"1024\" \/>\n\t<meta property=\"og:image:height\" content=\"683\" \/>\n\t<meta property=\"og:image:type\" content=\"image\/png\" \/>\n<meta name=\"twitter:card\" content=\"summary_large_image\" \/>\n<meta name=\"twitter:label1\" content=\"Estimated reading time\" \/>\n\t<meta name=\"twitter:data1\" content=\"2 minutes\" \/>\n<script type=\"application\/ld+json\" class=\"yoast-schema-graph\">{\"@context\":\"https:\/\/schema.org\",\"@graph\":[{\"@type\":\"WebPage\",\"@id\":\"https:\/\/www.dehydraw.tech\/produkt\/young-box-dle-tvych-predstav\/\",\"url\":\"https:\/\/www.dehydraw.tech\/produkt\/young-box-dle-tvych-predstav\/\",\"name\":\"KREKRY ZE SM\u011aS\u00cd NAKL\u00cd\u010cEN\u00ddCH SEM\u00cdNEK 250g - dehydraw.tech\",\"isPartOf\":{\"@id\":\"https:\/\/www.dehydraw.tech\/#website\"},\"primaryImageOfPage\":{\"@id\":\"https:\/\/www.dehydraw.tech\/produkt\/young-box-dle-tvych-predstav\/#primaryimage\"},\"image\":{\"@id\":\"https:\/\/www.dehydraw.tech\/produkt\/young-box-dle-tvych-predstav\/#primaryimage\"},\"thumbnailUrl\":\"https:\/\/www.dehydraw.tech\/wp-content\/uploads\/2023\/01\/IMG_3007.png\",\"datePublished\":\"2023-01-28T19:45:22+00:00\",\"dateModified\":\"2026-03-07T03:07:21+00:00\",\"description\":\"BIO krekry jsou vhodn\u00e9 jako chutn\u00e1 alternativa k pe\u010divu. Neobsahuj\u00ed lepek, mouku, kyp\u0159\u00edc\u00ed l\u00e1tky a zv\u00fdraz\u0148ova\u010de chuti. Jsou vyr\u00e1b\u011bn\u00e9 pouze z v\u00fd\u017eivn\u00fdch ...\",\"breadcrumb\":{\"@id\":\"https:\/\/www.dehydraw.tech\/produkt\/young-box-dle-tvych-predstav\/#breadcrumb\"},\"inLanguage\":\"en-GB\",\"potentialAction\":[{\"@type\":\"ReadAction\",\"target\":[\"https:\/\/www.dehydraw.tech\/produkt\/young-box-dle-tvych-predstav\/\"]}]},{\"@type\":\"ImageObject\",\"inLanguage\":\"en-GB\",\"@id\":\"https:\/\/www.dehydraw.tech\/produkt\/young-box-dle-tvych-predstav\/#primaryimage\",\"url\":\"https:\/\/www.dehydraw.tech\/wp-content\/uploads\/2023\/01\/IMG_3007.png\",\"contentUrl\":\"https:\/\/www.dehydraw.tech\/wp-content\/uploads\/2023\/01\/IMG_3007.png\",\"width\":1536,\"height\":1024},{\"@type\":\"BreadcrumbList\",\"@id\":\"https:\/\/www.dehydraw.tech\/produkt\/young-box-dle-tvych-predstav\/#breadcrumb\",\"itemListElement\":[{\"@type\":\"ListItem\",\"position\":1,\"name\":\"Dom\u016f\",\"item\":\"https:\/\/www.dehydraw.tech\/\"},{\"@type\":\"ListItem\",\"position\":2,\"name\":\"E-shop\",\"item\":\"https:\/\/www.dehydraw.tech\/e-shop\/\"},{\"@type\":\"ListItem\",\"position\":3,\"name\":\"KREKRY ZE SM\u011aS\u00cd NAKL\u00cd\u010cEN\u00ddCH SEM\u00cdNEK 250g\"}]},{\"@type\":\"WebSite\",\"@id\":\"https:\/\/www.dehydraw.tech\/#website\",\"url\":\"https:\/\/www.dehydraw.tech\/\",\"name\":\"dehydraw.tech\",\"description\":\"Dehydraw Tech\",\"publisher\":{\"@id\":\"https:\/\/www.dehydraw.tech\/#organization\"},\"potentialAction\":[{\"@type\":\"SearchAction\",\"target\":{\"@type\":\"EntryPoint\",\"urlTemplate\":\"https:\/\/www.dehydraw.tech\/?s={search_term_string}\"},\"query-input\":{\"@type\":\"PropertyValueSpecification\",\"valueRequired\":true,\"valueName\":\"search_term_string\"}}],\"inLanguage\":\"en-GB\"},{\"@type\":\"Organization\",\"@id\":\"https:\/\/www.dehydraw.tech\/#organization\",\"name\":\"dehydraw.tech\",\"url\":\"https:\/\/www.dehydraw.tech\/\",\"logo\":{\"@type\":\"ImageObject\",\"inLanguage\":\"en-GB\",\"@id\":\"https:\/\/www.dehydraw.tech\/#\/schema\/logo\/image\/\",\"url\":\"https:\/\/www.dehydraw.tech\/wp-content\/uploads\/2023\/01\/dehydraw-logo.png\",\"contentUrl\":\"https:\/\/www.dehydraw.tech\/wp-content\/uploads\/2023\/01\/dehydraw-logo.png\",\"width\":700,\"height\":90,\"caption\":\"dehydraw.tech\"},\"image\":{\"@id\":\"https:\/\/www.dehydraw.tech\/#\/schema\/logo\/image\/\"}}]}<\/script>\n<!-- \/ Yoast SEO plugin. -->","yoast_head_json":{"title":"KREKRY ZE SM\u011aS\u00cd NAKL\u00cd\u010cEN\u00ddCH SEM\u00cdNEK 250g - dehydraw.tech","description":"BIO krekry jsou vhodn\u00e9 jako chutn\u00e1 alternativa k pe\u010divu. Neobsahuj\u00ed lepek, mouku, kyp\u0159\u00edc\u00ed l\u00e1tky a zv\u00fdraz\u0148ova\u010de chuti. Jsou vyr\u00e1b\u011bn\u00e9 pouze z v\u00fd\u017eivn\u00fdch ...","robots":{"index":"index","follow":"follow","max-snippet":"max-snippet:-1","max-image-preview":"max-image-preview:large","max-video-preview":"max-video-preview:-1"},"canonical":"https:\/\/www.dehydraw.tech\/en\/product\/young-box-dle-tvych-predstav\/","og_locale":"en_GB","og_type":"article","og_title":"KREKRY ZE SM\u011aS\u00cd NAKL\u00cd\u010cEN\u00ddCH SEM\u00cdNEK 250g - dehydraw.tech","og_description":"BIO krekry jsou vhodn\u00e9 jako chutn\u00e1 alternativa k pe\u010divu. Neobsahuj\u00ed lepek, mouku, kyp\u0159\u00edc\u00ed l\u00e1tky a zv\u00fdraz\u0148ova\u010de chuti. Jsou vyr\u00e1b\u011bn\u00e9 pouze z v\u00fd\u017eivn\u00fdch ...","og_url":"https:\/\/www.dehydraw.tech\/en\/product\/young-box-dle-tvych-predstav\/","og_site_name":"dehydraw.tech","article_modified_time":"2026-03-07T03:07:21+00:00","og_image":[{"width":1024,"height":683,"url":"http:\/\/www.dehydraw.tech\/wp-content\/uploads\/2023\/01\/IMG_3007-1024x683.png","type":"image\/png"}],"twitter_card":"summary_large_image","twitter_misc":{"Estimated reading time":"2 minutes"},"schema":{"@context":"https:\/\/schema.org","@graph":[{"@type":"WebPage","@id":"https:\/\/www.dehydraw.tech\/produkt\/young-box-dle-tvych-predstav\/","url":"https:\/\/www.dehydraw.tech\/produkt\/young-box-dle-tvych-predstav\/","name":"KREKRY ZE SM\u011aS\u00cd NAKL\u00cd\u010cEN\u00ddCH SEM\u00cdNEK 250g - dehydraw.tech","isPartOf":{"@id":"https:\/\/www.dehydraw.tech\/#website"},"primaryImageOfPage":{"@id":"https:\/\/www.dehydraw.tech\/produkt\/young-box-dle-tvych-predstav\/#primaryimage"},"image":{"@id":"https:\/\/www.dehydraw.tech\/produkt\/young-box-dle-tvych-predstav\/#primaryimage"},"thumbnailUrl":"https:\/\/www.dehydraw.tech\/wp-content\/uploads\/2023\/01\/IMG_3007.png","datePublished":"2023-01-28T19:45:22+00:00","dateModified":"2026-03-07T03:07:21+00:00","description":"BIO krekry jsou vhodn\u00e9 jako chutn\u00e1 alternativa k pe\u010divu. Neobsahuj\u00ed lepek, mouku, kyp\u0159\u00edc\u00ed l\u00e1tky a zv\u00fdraz\u0148ova\u010de chuti. Jsou vyr\u00e1b\u011bn\u00e9 pouze z v\u00fd\u017eivn\u00fdch ...","breadcrumb":{"@id":"https:\/\/www.dehydraw.tech\/produkt\/young-box-dle-tvych-predstav\/#breadcrumb"},"inLanguage":"en-GB","potentialAction":[{"@type":"ReadAction","target":["https:\/\/www.dehydraw.tech\/produkt\/young-box-dle-tvych-predstav\/"]}]},{"@type":"ImageObject","inLanguage":"en-GB","@id":"https:\/\/www.dehydraw.tech\/produkt\/young-box-dle-tvych-predstav\/#primaryimage","url":"https:\/\/www.dehydraw.tech\/wp-content\/uploads\/2023\/01\/IMG_3007.png","contentUrl":"https:\/\/www.dehydraw.tech\/wp-content\/uploads\/2023\/01\/IMG_3007.png","width":1536,"height":1024},{"@type":"BreadcrumbList","@id":"https:\/\/www.dehydraw.tech\/produkt\/young-box-dle-tvych-predstav\/#breadcrumb","itemListElement":[{"@type":"ListItem","position":1,"name":"Dom\u016f","item":"https:\/\/www.dehydraw.tech\/"},{"@type":"ListItem","position":2,"name":"E-shop","item":"https:\/\/www.dehydraw.tech\/e-shop\/"},{"@type":"ListItem","position":3,"name":"KREKRY ZE SM\u011aS\u00cd NAKL\u00cd\u010cEN\u00ddCH SEM\u00cdNEK 250g"}]},{"@type":"WebSite","@id":"https:\/\/www.dehydraw.tech\/#website","url":"https:\/\/www.dehydraw.tech\/","name":"dehydraw.tech","description":"Dehydraw Tech","publisher":{"@id":"https:\/\/www.dehydraw.tech\/#organization"},"potentialAction":[{"@type":"SearchAction","target":{"@type":"EntryPoint","urlTemplate":"https:\/\/www.dehydraw.tech\/?s={search_term_string}"},"query-input":{"@type":"PropertyValueSpecification","valueRequired":true,"valueName":"search_term_string"}}],"inLanguage":"en-GB"},{"@type":"Organization","@id":"https:\/\/www.dehydraw.tech\/#organization","name":"dehydraw.tech","url":"https:\/\/www.dehydraw.tech\/","logo":{"@type":"ImageObject","inLanguage":"en-GB","@id":"https:\/\/www.dehydraw.tech\/#\/schema\/logo\/image\/","url":"https:\/\/www.dehydraw.tech\/wp-content\/uploads\/2023\/01\/dehydraw-logo.png","contentUrl":"https:\/\/www.dehydraw.tech\/wp-content\/uploads\/2023\/01\/dehydraw-logo.png","width":700,"height":90,"caption":"dehydraw.tech"},"image":{"@id":"https:\/\/www.dehydraw.tech\/#\/schema\/logo\/image\/"}}]}},"_links":{"self":[{"href":"https:\/\/www.dehydraw.tech\/en\/wp-json\/wp\/v2\/product\/608","targetHints":{"allow":["GET"]}}],"collection":[{"href":"https:\/\/www.dehydraw.tech\/en\/wp-json\/wp\/v2\/product"}],"about":[{"href":"https:\/\/www.dehydraw.tech\/en\/wp-json\/wp\/v2\/types\/product"}],"replies":[{"embeddable":true,"href":"https:\/\/www.dehydraw.tech\/en\/wp-json\/wp\/v2\/comments?post=608"}],"wp:featuredmedia":[{"embeddable":true,"href":"https:\/\/www.dehydraw.tech\/en\/wp-json\/wp\/v2\/media\/3905"}],"wp:attachment":[{"href":"https:\/\/www.dehydraw.tech\/en\/wp-json\/wp\/v2\/media?parent=608"}],"wp:term":[{"taxonomy":"product_cat","embeddable":true,"href":"https:\/\/www.dehydraw.tech\/en\/wp-json\/wp\/v2\/product_cat?post=608"},{"taxonomy":"product_tag","embeddable":true,"href":"https:\/\/www.dehydraw.tech\/en\/wp-json\/wp\/v2\/product_tag?post=608"}],"curies":[{"name":"wp","href":"https:\/\/api.w.org\/{rel}","templated":true}]}}