{"id":606,"date":"2023-01-28T19:43:44","date_gmt":"2023-01-28T19:43:44","guid":{"rendered":"https:\/\/www.dehydraw.tech\/?post_type=product&#038;p=606"},"modified":"2026-03-06T20:09:18","modified_gmt":"2026-03-06T20:09:18","slug":"bio-krupave-stredomorske-placky","status":"publish","type":"product","link":"https:\/\/www.dehydraw.tech\/en\/product\/bio-krupave-stredomorske-placky\/","title":{"rendered":"K\u0158UPAV\u00c9 ST\u0158EDOMO\u0158SK\u00c9 PLACKY 300g"},"content":{"rendered":"<p>Inspired by the warmth of the Mediterranean sun and the incredible, flavoursome vegetables of the region, our raw, activated crackers will take you straight to the riviera.\nCrispy and light, they\u2019re full of sprouted buckwheat, activated nuts and seeds. \nThanks to their prebiotic they\u2019re also nourishing for your gut bacteria and can contribute to good gut health. They\u2019re a healthier choice when compared to baked wheat crackers, which are often processed and low in nutrients.\nWith their Italian flavour, our gluten-free crackers are the perfect aperitif with a cool drink on a warm afternoon.<\/p>\n<p><strong>Slo\u017een\u00ed:<\/strong> slune\u010dnicov\u00e1 sem\u00ednka j\u00e1dra* (20 %), <em><strong>para o\u0159echy*<\/strong><\/em> (20 %), ln\u011bn\u00e9 sem\u00ednko zlat\u00e9* (12 %), \u010do\u010dka \u010derven\u00e1* (9 %), su\u0161en\u00e1 raj\u010data s mo\u0159skou sol\u00ed* (8 %), olivy* (6 %), cizrna* (5,5 %), major\u00e1nka \u010derstv\u011b rozemlet\u00e1, \u010desnek su\u0161en\u00fd*, rozmar\u00fdn*, kurkuma*, \u0161alv\u011bj*, bazalka* (3,8 %), tymi\u00e1n* (3,5 %), oregano*, him\u00e1lajsk\u00e1 s\u016fl*, hn\u011bd\u00fd ocet* (1 %), r\u016f\u017eov\u00e1 him\u00e1lajsk\u00e1 s\u016fl (&lt;1 %). <em>*- produkt ekologick\u00e9ho zem\u011bd\u011blstv\u00ed.<\/em><\/p>\n<div class=\"_tableContainer_1rjym_1\">\n<div class=\"group _tableWrapper_1rjym_13 flex w-fit flex-col-reverse\" tabindex=\"-1\">\n<table class=\"w-fit min-w-(--thread-content-width)\" data-start=\"900\" data-end=\"1529\">\n<thead data-start=\"900\" data-end=\"962\">\n<tr data-start=\"900\" data-end=\"962\">\n<th style=\"text-align: left;\" data-start=\"900\" data-end=\"938\" data-col-size=\"sm\">Nutri\u010dn\u00ed hodnoty<\/th>\n<th style=\"text-align: left;\" data-start=\"938\" data-end=\"962\" data-col-size=\"sm\">Na 100g<\/th>\n<\/tr>\n<\/thead>\n<tbody data-start=\"1026\" data-end=\"1529\">\n<tr data-start=\"1026\" data-end=\"1088\">\n<td data-start=\"1026\" data-end=\"1063\" data-col-size=\"sm\">Energetick\u00e1 hodnota<\/td>\n<td data-start=\"1063\" data-end=\"1088\" data-col-size=\"sm\">382 kcal \/ 1588 kJ<\/td>\n<\/tr>\n<tr data-start=\"1089\" data-end=\"1151\">\n<td data-start=\"1089\" data-end=\"1126\" data-col-size=\"sm\">Tuky<\/td>\n<td data-start=\"1126\" data-end=\"1151\" data-col-size=\"sm\">27 g<\/td>\n<\/tr>\n<tr data-start=\"1152\" data-end=\"1214\">\n<td data-start=\"1152\" data-end=\"1189\" data-col-size=\"sm\"><em>z toho nasycen\u00e9 mastn\u00e9 kyseliny<\/em><\/td>\n<td data-start=\"1189\" data-end=\"1214\" data-col-size=\"sm\"><em>7 g<\/em><\/td>\n<\/tr>\n<tr data-start=\"1215\" data-end=\"1277\">\n<td data-start=\"1215\" data-end=\"1252\" data-col-size=\"sm\">Sacharidy<\/td>\n<td data-start=\"1252\" data-end=\"1277\" data-col-size=\"sm\">19 g<\/td>\n<\/tr>\n<tr data-start=\"1278\" data-end=\"1340\">\n<td data-start=\"1278\" data-end=\"1315\" data-col-size=\"sm\"><em>z toho cukry<\/em><\/td>\n<td data-start=\"1315\" data-end=\"1340\" data-col-size=\"sm\"><em>9 g<\/em><\/td>\n<\/tr>\n<tr data-start=\"1341\" data-end=\"1403\">\n<td data-start=\"1341\" data-end=\"1378\" data-col-size=\"sm\">Vl\u00e1knina<\/td>\n<td data-start=\"1378\" data-end=\"1403\" data-col-size=\"sm\">10 g<\/td>\n<\/tr>\n<tr data-start=\"1404\" data-end=\"1466\">\n<td data-start=\"1404\" data-end=\"1441\" data-col-size=\"sm\">B\u00edlkoviny<\/td>\n<td data-start=\"1441\" data-end=\"1466\" data-col-size=\"sm\">13 g<\/td>\n<\/tr>\n<tr data-start=\"1467\" data-end=\"1529\">\n<td data-start=\"1467\" data-end=\"1504\" data-col-size=\"sm\">S\u016fl<\/td>\n<td data-start=\"1504\" data-end=\"1529\" data-col-size=\"sm\">0,7 g<\/td>\n<\/tr>\n<\/tbody>\n<\/table>\n<\/div>\n<\/div>\n<p data-start=\"1531\" data-end=\"1634\"><em>*Uveden\u00e9 hodnoty jsou pr\u016fm\u011brn\u00e9 a mohou se li\u0161it v z\u00e1vislosti na zralosti, sez\u00f3n\u011b a zp\u016fsobu skladov\u00e1n\u00ed.<\/em><\/p>\n<p data-start=\"1531\" data-end=\"1634\"><strong data-start=\"1509\" data-end=\"1548\">\u2714\ufe0fRAW GUARANTEE \u2714\ufe0fECO FRIENDLY \u2714\ufe0fSTOP FOOD WASTE \u2714\ufe0fGLUTEN-FREE<\/strong><strong data-start=\"1551\" data-end=\"1600\"> \u2714\ufe0fACTIVATED \u2714\ufe0fGUARANTEE OF ORIGIN<\/strong><\/p>","protected":false},"excerpt":{"rendered":"<p>Ln\u011bn\u00e9 placky s pohankou, o\u0159echy a na slunci su\u0161en\u00fdmi raj\u010daty. Placky jsou vhodn\u00e9 jako chutn\u00e1 alternativa k pe\u010divu. Neobsahuj\u00ed lepek, mouku, kyp\u0159\u00edc\u00ed l\u00e1tky a zv\u00fdraz\u0148ova\u010de chuti. Jsou vyr\u00e1b\u011bn\u00e9 pouze z v\u00fd\u017eivn\u00fdch celistv\u00fdch surovin, jako jsou sem\u00ednka o\u0159echy a zelenina. Jsou su\u0161en\u00e9 za studena, tak\u017ee si uchov\u00e1vaj\u00ed v\u0161echny sv\u00e9 \u017eiviny v p\u016fvodn\u00ed neznehodnocen\u00e9 form\u011b. S vysok\u00fdm&#8230;<\/p>","protected":false},"featured_media":3912,"comment_status":"open","ping_status":"closed","template":"","meta":{"_kadence_starter_templates_imported_post":false,"_kad_post_transparent":"default","_kad_post_title":"","_kad_post_layout":"default","_kad_post_sidebar_id":"","_kad_post_content_style":"default","_kad_post_vertical_padding":"default","_kad_post_feature":"","_kad_post_feature_position":"","_kad_post_header":false,"_kad_post_footer":false},"product_cat":[51],"product_tag":[],"class_list":{"0":"post-606","1":"product","2":"type-product","3":"status-publish","4":"has-post-thumbnail","6":"product_cat-sport-edice","8":"first","9":"instock","10":"taxable","11":"shipping-taxable","12":"purchasable","13":"product-type-simple","14":"entry","15":"content-bg","16":"loop-entry"},"yoast_head":"<!-- This site is optimized with the Yoast SEO plugin v24.0 - https:\/\/yoast.com\/wordpress\/plugins\/seo\/ -->\n<title>K\u0158UPAV\u00c9 ST\u0158EDOMO\u0158SK\u00c9 PLACKY 300g - dehydraw.tech<\/title>\n<meta name=\"description\" content=\"K\u0158UPAV\u00c9 ST\u0158EDOMO\u0158SK\u00c9 PLACKY s pohankou, o\u0159echy a na slunci su\u0161en\u00fdmi raj\u010daty. Placky jsou vhodn\u00e9 jako chutn\u00e1 alternativa k pe\u010divu.\" \/>\n<meta name=\"robots\" content=\"index, follow, max-snippet:-1, max-image-preview:large, max-video-preview:-1\" \/>\n<link rel=\"canonical\" href=\"https:\/\/www.dehydraw.tech\/en\/product\/bio-krupave-stredomorske-placky\/\" \/>\n<meta property=\"og:locale\" content=\"en_GB\" \/>\n<meta property=\"og:type\" content=\"article\" \/>\n<meta property=\"og:title\" content=\"K\u0158UPAV\u00c9 ST\u0158EDOMO\u0158SK\u00c9 PLACKY 300g - dehydraw.tech\" \/>\n<meta property=\"og:description\" content=\"K\u0158UPAV\u00c9 ST\u0158EDOMO\u0158SK\u00c9 PLACKY s pohankou, o\u0159echy a na slunci su\u0161en\u00fdmi raj\u010daty. Placky jsou vhodn\u00e9 jako chutn\u00e1 alternativa k pe\u010divu.\" \/>\n<meta property=\"og:url\" content=\"https:\/\/www.dehydraw.tech\/en\/product\/bio-krupave-stredomorske-placky\/\" \/>\n<meta property=\"og:site_name\" content=\"dehydraw.tech\" \/>\n<meta property=\"article:modified_time\" content=\"2026-03-06T20:09:18+00:00\" \/>\n<meta property=\"og:image\" content=\"http:\/\/www.dehydraw.tech\/wp-content\/uploads\/2023\/01\/IMG_3017-1024x683.png\" \/>\n\t<meta property=\"og:image:width\" content=\"1024\" \/>\n\t<meta property=\"og:image:height\" content=\"683\" \/>\n\t<meta property=\"og:image:type\" content=\"image\/png\" \/>\n<meta name=\"twitter:card\" content=\"summary_large_image\" \/>\n<meta name=\"twitter:label1\" content=\"Estimated reading time\" \/>\n\t<meta name=\"twitter:data1\" content=\"2 minutes\" \/>\n<script type=\"application\/ld+json\" class=\"yoast-schema-graph\">{\"@context\":\"https:\/\/schema.org\",\"@graph\":[{\"@type\":\"WebPage\",\"@id\":\"https:\/\/www.dehydraw.tech\/produkt\/bio-krupave-stredomorske-placky\/\",\"url\":\"https:\/\/www.dehydraw.tech\/produkt\/bio-krupave-stredomorske-placky\/\",\"name\":\"K\u0158UPAV\u00c9 ST\u0158EDOMO\u0158SK\u00c9 PLACKY 300g - dehydraw.tech\",\"isPartOf\":{\"@id\":\"https:\/\/www.dehydraw.tech\/#website\"},\"primaryImageOfPage\":{\"@id\":\"https:\/\/www.dehydraw.tech\/produkt\/bio-krupave-stredomorske-placky\/#primaryimage\"},\"image\":{\"@id\":\"https:\/\/www.dehydraw.tech\/produkt\/bio-krupave-stredomorske-placky\/#primaryimage\"},\"thumbnailUrl\":\"https:\/\/www.dehydraw.tech\/wp-content\/uploads\/2023\/01\/IMG_3017.png\",\"datePublished\":\"2023-01-28T19:43:44+00:00\",\"dateModified\":\"2026-03-06T20:09:18+00:00\",\"description\":\"K\u0158UPAV\u00c9 ST\u0158EDOMO\u0158SK\u00c9 PLACKY s pohankou, o\u0159echy a na slunci su\u0161en\u00fdmi raj\u010daty. Placky jsou vhodn\u00e9 jako chutn\u00e1 alternativa k pe\u010divu.\",\"breadcrumb\":{\"@id\":\"https:\/\/www.dehydraw.tech\/produkt\/bio-krupave-stredomorske-placky\/#breadcrumb\"},\"inLanguage\":\"en-GB\",\"potentialAction\":[{\"@type\":\"ReadAction\",\"target\":[\"https:\/\/www.dehydraw.tech\/produkt\/bio-krupave-stredomorske-placky\/\"]}]},{\"@type\":\"ImageObject\",\"inLanguage\":\"en-GB\",\"@id\":\"https:\/\/www.dehydraw.tech\/produkt\/bio-krupave-stredomorske-placky\/#primaryimage\",\"url\":\"https:\/\/www.dehydraw.tech\/wp-content\/uploads\/2023\/01\/IMG_3017.png\",\"contentUrl\":\"https:\/\/www.dehydraw.tech\/wp-content\/uploads\/2023\/01\/IMG_3017.png\",\"width\":1536,\"height\":1024},{\"@type\":\"BreadcrumbList\",\"@id\":\"https:\/\/www.dehydraw.tech\/produkt\/bio-krupave-stredomorske-placky\/#breadcrumb\",\"itemListElement\":[{\"@type\":\"ListItem\",\"position\":1,\"name\":\"Dom\u016f\",\"item\":\"https:\/\/www.dehydraw.tech\/\"},{\"@type\":\"ListItem\",\"position\":2,\"name\":\"E-shop\",\"item\":\"https:\/\/www.dehydraw.tech\/e-shop\/\"},{\"@type\":\"ListItem\",\"position\":3,\"name\":\"K\u0158UPAV\u00c9 ST\u0158EDOMO\u0158SK\u00c9 PLACKY 300g\"}]},{\"@type\":\"WebSite\",\"@id\":\"https:\/\/www.dehydraw.tech\/#website\",\"url\":\"https:\/\/www.dehydraw.tech\/\",\"name\":\"dehydraw.tech\",\"description\":\"Dehydraw Tech\",\"publisher\":{\"@id\":\"https:\/\/www.dehydraw.tech\/#organization\"},\"potentialAction\":[{\"@type\":\"SearchAction\",\"target\":{\"@type\":\"EntryPoint\",\"urlTemplate\":\"https:\/\/www.dehydraw.tech\/?s={search_term_string}\"},\"query-input\":{\"@type\":\"PropertyValueSpecification\",\"valueRequired\":true,\"valueName\":\"search_term_string\"}}],\"inLanguage\":\"en-GB\"},{\"@type\":\"Organization\",\"@id\":\"https:\/\/www.dehydraw.tech\/#organization\",\"name\":\"dehydraw.tech\",\"url\":\"https:\/\/www.dehydraw.tech\/\",\"logo\":{\"@type\":\"ImageObject\",\"inLanguage\":\"en-GB\",\"@id\":\"https:\/\/www.dehydraw.tech\/#\/schema\/logo\/image\/\",\"url\":\"https:\/\/www.dehydraw.tech\/wp-content\/uploads\/2023\/01\/dehydraw-logo.png\",\"contentUrl\":\"https:\/\/www.dehydraw.tech\/wp-content\/uploads\/2023\/01\/dehydraw-logo.png\",\"width\":700,\"height\":90,\"caption\":\"dehydraw.tech\"},\"image\":{\"@id\":\"https:\/\/www.dehydraw.tech\/#\/schema\/logo\/image\/\"}}]}<\/script>\n<!-- \/ Yoast SEO plugin. -->","yoast_head_json":{"title":"K\u0158UPAV\u00c9 ST\u0158EDOMO\u0158SK\u00c9 PLACKY 300g - dehydraw.tech","description":"K\u0158UPAV\u00c9 ST\u0158EDOMO\u0158SK\u00c9 PLACKY s pohankou, o\u0159echy a na slunci su\u0161en\u00fdmi raj\u010daty. Placky jsou vhodn\u00e9 jako chutn\u00e1 alternativa k pe\u010divu.","robots":{"index":"index","follow":"follow","max-snippet":"max-snippet:-1","max-image-preview":"max-image-preview:large","max-video-preview":"max-video-preview:-1"},"canonical":"https:\/\/www.dehydraw.tech\/en\/product\/bio-krupave-stredomorske-placky\/","og_locale":"en_GB","og_type":"article","og_title":"K\u0158UPAV\u00c9 ST\u0158EDOMO\u0158SK\u00c9 PLACKY 300g - dehydraw.tech","og_description":"K\u0158UPAV\u00c9 ST\u0158EDOMO\u0158SK\u00c9 PLACKY s pohankou, o\u0159echy a na slunci su\u0161en\u00fdmi raj\u010daty. Placky jsou vhodn\u00e9 jako chutn\u00e1 alternativa k pe\u010divu.","og_url":"https:\/\/www.dehydraw.tech\/en\/product\/bio-krupave-stredomorske-placky\/","og_site_name":"dehydraw.tech","article_modified_time":"2026-03-06T20:09:18+00:00","og_image":[{"width":1024,"height":683,"url":"http:\/\/www.dehydraw.tech\/wp-content\/uploads\/2023\/01\/IMG_3017-1024x683.png","type":"image\/png"}],"twitter_card":"summary_large_image","twitter_misc":{"Estimated reading time":"2 minutes"},"schema":{"@context":"https:\/\/schema.org","@graph":[{"@type":"WebPage","@id":"https:\/\/www.dehydraw.tech\/produkt\/bio-krupave-stredomorske-placky\/","url":"https:\/\/www.dehydraw.tech\/produkt\/bio-krupave-stredomorske-placky\/","name":"K\u0158UPAV\u00c9 ST\u0158EDOMO\u0158SK\u00c9 PLACKY 300g - dehydraw.tech","isPartOf":{"@id":"https:\/\/www.dehydraw.tech\/#website"},"primaryImageOfPage":{"@id":"https:\/\/www.dehydraw.tech\/produkt\/bio-krupave-stredomorske-placky\/#primaryimage"},"image":{"@id":"https:\/\/www.dehydraw.tech\/produkt\/bio-krupave-stredomorske-placky\/#primaryimage"},"thumbnailUrl":"https:\/\/www.dehydraw.tech\/wp-content\/uploads\/2023\/01\/IMG_3017.png","datePublished":"2023-01-28T19:43:44+00:00","dateModified":"2026-03-06T20:09:18+00:00","description":"K\u0158UPAV\u00c9 ST\u0158EDOMO\u0158SK\u00c9 PLACKY s pohankou, o\u0159echy a na slunci su\u0161en\u00fdmi raj\u010daty. Placky jsou vhodn\u00e9 jako chutn\u00e1 alternativa k pe\u010divu.","breadcrumb":{"@id":"https:\/\/www.dehydraw.tech\/produkt\/bio-krupave-stredomorske-placky\/#breadcrumb"},"inLanguage":"en-GB","potentialAction":[{"@type":"ReadAction","target":["https:\/\/www.dehydraw.tech\/produkt\/bio-krupave-stredomorske-placky\/"]}]},{"@type":"ImageObject","inLanguage":"en-GB","@id":"https:\/\/www.dehydraw.tech\/produkt\/bio-krupave-stredomorske-placky\/#primaryimage","url":"https:\/\/www.dehydraw.tech\/wp-content\/uploads\/2023\/01\/IMG_3017.png","contentUrl":"https:\/\/www.dehydraw.tech\/wp-content\/uploads\/2023\/01\/IMG_3017.png","width":1536,"height":1024},{"@type":"BreadcrumbList","@id":"https:\/\/www.dehydraw.tech\/produkt\/bio-krupave-stredomorske-placky\/#breadcrumb","itemListElement":[{"@type":"ListItem","position":1,"name":"Dom\u016f","item":"https:\/\/www.dehydraw.tech\/"},{"@type":"ListItem","position":2,"name":"E-shop","item":"https:\/\/www.dehydraw.tech\/e-shop\/"},{"@type":"ListItem","position":3,"name":"K\u0158UPAV\u00c9 ST\u0158EDOMO\u0158SK\u00c9 PLACKY 300g"}]},{"@type":"WebSite","@id":"https:\/\/www.dehydraw.tech\/#website","url":"https:\/\/www.dehydraw.tech\/","name":"dehydraw.tech","description":"Dehydraw Tech","publisher":{"@id":"https:\/\/www.dehydraw.tech\/#organization"},"potentialAction":[{"@type":"SearchAction","target":{"@type":"EntryPoint","urlTemplate":"https:\/\/www.dehydraw.tech\/?s={search_term_string}"},"query-input":{"@type":"PropertyValueSpecification","valueRequired":true,"valueName":"search_term_string"}}],"inLanguage":"en-GB"},{"@type":"Organization","@id":"https:\/\/www.dehydraw.tech\/#organization","name":"dehydraw.tech","url":"https:\/\/www.dehydraw.tech\/","logo":{"@type":"ImageObject","inLanguage":"en-GB","@id":"https:\/\/www.dehydraw.tech\/#\/schema\/logo\/image\/","url":"https:\/\/www.dehydraw.tech\/wp-content\/uploads\/2023\/01\/dehydraw-logo.png","contentUrl":"https:\/\/www.dehydraw.tech\/wp-content\/uploads\/2023\/01\/dehydraw-logo.png","width":700,"height":90,"caption":"dehydraw.tech"},"image":{"@id":"https:\/\/www.dehydraw.tech\/#\/schema\/logo\/image\/"}}]}},"_links":{"self":[{"href":"https:\/\/www.dehydraw.tech\/en\/wp-json\/wp\/v2\/product\/606","targetHints":{"allow":["GET"]}}],"collection":[{"href":"https:\/\/www.dehydraw.tech\/en\/wp-json\/wp\/v2\/product"}],"about":[{"href":"https:\/\/www.dehydraw.tech\/en\/wp-json\/wp\/v2\/types\/product"}],"replies":[{"embeddable":true,"href":"https:\/\/www.dehydraw.tech\/en\/wp-json\/wp\/v2\/comments?post=606"}],"wp:featuredmedia":[{"embeddable":true,"href":"https:\/\/www.dehydraw.tech\/en\/wp-json\/wp\/v2\/media\/3912"}],"wp:attachment":[{"href":"https:\/\/www.dehydraw.tech\/en\/wp-json\/wp\/v2\/media?parent=606"}],"wp:term":[{"taxonomy":"product_cat","embeddable":true,"href":"https:\/\/www.dehydraw.tech\/en\/wp-json\/wp\/v2\/product_cat?post=606"},{"taxonomy":"product_tag","embeddable":true,"href":"https:\/\/www.dehydraw.tech\/en\/wp-json\/wp\/v2\/product_tag?post=606"}],"curies":[{"name":"wp","href":"https:\/\/api.w.org\/{rel}","templated":true}]}}