{"id":3848,"date":"2025-10-09T08:27:15","date_gmt":"2025-10-09T08:27:15","guid":{"rendered":"https:\/\/www.dehydraw.tech\/?post_type=product&#038;p=3848"},"modified":"2026-03-07T02:58:06","modified_gmt":"2026-03-07T02:58:06","slug":"apricot-chutney-fermentedrehydrated-fruit-base-170g","status":"publish","type":"product","link":"https:\/\/www.dehydraw.tech\/en\/product\/apricot-chutney-fermentedrehydrated-fruit-base-170g\/","title":{"rendered":"APRICOT CHUTNEY fermented&#038;rehydrated fruit base 170g"},"content":{"rendered":"<div>Revoluce chut\u00ed!<\/div>\n<div>\n<p>Od klasick\u00e9ho chutney si u t\u00e9to kombinace p\u0159ijdou na sv\u00e9 i vyznava\u010di pikantn\u00ed chuti, p\u0159esto\u017ee prim zde st\u00e1le hraje sladko-kysel\u00e1 chu\u0165. Fermentovan\u00e9 &amp; rehydratovan\u00e9 produkty Dehydraw.Tech podporuj\u00ed celkovou pohodu a zaji\u0161\u0165uj\u00ed p\u0159\u00edjemn\u00fd a harmonick\u00fd pocit v tr\u00e1vic\u00edm traktu.<\/p>\n<p data-start=\"166\" data-end=\"345\"><strong>Slo\u017een\u00ed:<\/strong> su\u0161en\u00e9 meru\u0148ky* (80 %), su\u0161en\u00e1 jablka*, extra panensk\u00fd olivov\u00fd olej*, su\u0161en\u00fd \u010desnek*, mo\u0159sk\u00e1 s\u016fl, z\u00e1zvor*, chilli pep\u0159*. <em>* = produkt z kontrolovan\u00e9ho ekologick\u00e9ho zem\u011bd\u011blstv\u00ed<\/em><\/p>\n<p data-start=\"347\" data-end=\"426\">Tento produkt m\u016f\u017ee obsahovat stopy sezamu, o\u0159ech\u016f, ho\u0159\u010di\u010dn\u00fdch sem\u00ednek a celeru.<\/p>\n<div class=\"_tableContainer_1rjym_1\">\n<div class=\"group _tableWrapper_1rjym_13 flex w-fit flex-col-reverse\" tabindex=\"-1\">\n<table class=\"w-fit min-w-(--thread-content-width)\" data-start=\"563\" data-end=\"1192\">\n<thead data-start=\"563\" data-end=\"625\">\n<tr data-start=\"563\" data-end=\"625\">\n<th style=\"text-align: left;\" data-start=\"563\" data-end=\"601\" data-col-size=\"sm\">Nutri\u010dn\u00ed hodnoty<\/th>\n<th style=\"text-align: left;\" data-start=\"601\" data-end=\"625\" data-col-size=\"sm\">Na 100g<\/th>\n<\/tr>\n<\/thead>\n<tbody data-start=\"689\" data-end=\"1192\">\n<tr data-start=\"689\" data-end=\"751\">\n<td data-start=\"689\" data-end=\"726\" data-col-size=\"sm\">Energetick\u00e1 hodnota<\/td>\n<td data-start=\"726\" data-end=\"751\" data-col-size=\"sm\">428,4 kJ \/ 101,1 kcal<\/td>\n<\/tr>\n<tr data-start=\"752\" data-end=\"814\">\n<td data-start=\"752\" data-end=\"789\" data-col-size=\"sm\">Tuky<\/td>\n<td data-start=\"789\" data-end=\"814\" data-col-size=\"sm\">0,3 g<\/td>\n<\/tr>\n<tr data-start=\"815\" data-end=\"877\">\n<td data-start=\"815\" data-end=\"852\" data-col-size=\"sm\"><em>z toho nasycen\u00e9 mastn\u00e9 kyseliny<\/em><\/td>\n<td data-start=\"852\" data-end=\"877\" data-col-size=\"sm\"><em>0,1 g<\/em><\/td>\n<\/tr>\n<tr data-start=\"878\" data-end=\"940\">\n<td data-start=\"878\" data-end=\"915\" data-col-size=\"sm\">Sacharidy<\/td>\n<td data-start=\"915\" data-end=\"940\" data-col-size=\"sm\">24,8 g<\/td>\n<\/tr>\n<tr data-start=\"941\" data-end=\"1003\">\n<td data-start=\"941\" data-end=\"978\" data-col-size=\"sm\"><em>z toho cukry<\/em><\/td>\n<td data-start=\"978\" data-end=\"1003\" data-col-size=\"sm\"><em>22,3 g<\/em><\/td>\n<\/tr>\n<tr data-start=\"1004\" data-end=\"1066\">\n<td data-start=\"1004\" data-end=\"1041\" data-col-size=\"sm\">Vl\u00e1knina<\/td>\n<td data-start=\"1041\" data-end=\"1066\" data-col-size=\"sm\">1,3 g<\/td>\n<\/tr>\n<tr data-start=\"1067\" data-end=\"1129\">\n<td data-start=\"1067\" data-end=\"1104\" data-col-size=\"sm\">B\u00edlkoviny<\/td>\n<td data-start=\"1104\" data-end=\"1129\" data-col-size=\"sm\">1,2 g<\/td>\n<\/tr>\n<tr data-start=\"1130\" data-end=\"1192\">\n<td data-start=\"1130\" data-end=\"1167\" data-col-size=\"sm\">S\u016fl<\/td>\n<td data-start=\"1167\" data-end=\"1192\" data-col-size=\"sm\">0,9 g<\/td>\n<\/tr>\n<\/tbody>\n<\/table>\n<p><em>Uveden\u00e9 v\u00fd\u017eivov\u00e9 hodnoty jsou pr\u016fm\u011brn\u00e9 a mohou se li\u0161it v z\u00e1vislosti na zralosti, sez\u00f3n\u011b a zp\u016fsobu skladov\u00e1n\u00ed.<\/em><\/p>\n<p><strong data-start=\"1509\" data-end=\"1548\">\u2714\ufe0fRAW GUARANTEE \u2714\ufe0fECO FRIENDLY \u2714\ufe0fSTOP FOOD WASTE \u2714\ufe0fGLUTEN-FREE<\/strong><strong data-start=\"1551\" data-end=\"1600\"> \u2714\ufe0f FERMENTED \u2714\ufe0fGUARANTEE OF ORIGIN<\/strong><\/p>\n<\/div>\n<\/div>\n<\/div>","protected":false},"excerpt":{"rendered":"<p>Revoluce chut\u00ed! Od klasick\u00e9ho chutney si u t\u00e9to kombinace p\u0159ijdou na sv\u00e9 i vyznava\u010di pikantn\u00ed chuti, p\u0159esto\u017ee prim zde st\u00e1le hraje sladko-kysel\u00e1 chu\u0165. Fermentovan\u00e9 &amp; rehydratovan\u00e9 produkty Dehydraw.Tech podporuj\u00ed celkovou pohodu a zaji\u0161\u0165uj\u00ed p\u0159\u00edjemn\u00fd a harmonick\u00fd pocit v tr\u00e1vic\u00edm traktu. Slo\u017een\u00ed: su\u0161en\u00e9 meru\u0148ky* (80 %), su\u0161en\u00e1 jablka*, extra panensk\u00fd olivov\u00fd olej*, su\u0161en\u00fd \u010desnek*, mo\u0159sk\u00e1 s\u016fl,&#8230;<\/p>","protected":false},"featured_media":3911,"comment_status":"open","ping_status":"closed","template":"","meta":{"_kadence_starter_templates_imported_post":false,"_kad_post_transparent":"default","_kad_post_title":"","_kad_post_layout":"default","_kad_post_sidebar_id":"","_kad_post_content_style":"default","_kad_post_vertical_padding":"default","_kad_post_feature":"","_kad_post_feature_position":"","_kad_post_header":false,"_kad_post_footer":false},"product_cat":[51],"product_tag":[],"class_list":{"0":"post-3848","1":"product","2":"type-product","3":"status-publish","4":"has-post-thumbnail","6":"product_cat-sport-edice","7":"product_shipping_class-placena","9":"first","10":"outofstock","11":"taxable","12":"shipping-taxable","13":"purchasable","14":"product-type-simple","15":"entry","16":"content-bg","17":"loop-entry"},"yoast_head":"<!-- This site is optimized with the Yoast SEO plugin v24.0 - https:\/\/yoast.com\/wordpress\/plugins\/seo\/ -->\n<title>APRICOT CHUTNEY fermented&amp;rehydrated fruit base 170g - dehydraw.tech<\/title>\n<meta name=\"robots\" content=\"index, follow, max-snippet:-1, max-image-preview:large, max-video-preview:-1\" \/>\n<link rel=\"canonical\" href=\"https:\/\/www.dehydraw.tech\/en\/product\/apricot-chutney-fermentedrehydrated-fruit-base-170g\/\" \/>\n<meta property=\"og:locale\" content=\"en_GB\" \/>\n<meta property=\"og:type\" content=\"article\" \/>\n<meta property=\"og:title\" content=\"APRICOT CHUTNEY fermented&amp;rehydrated fruit base 170g - dehydraw.tech\" \/>\n<meta property=\"og:description\" content=\"Revoluce chut\u00ed! Od klasick\u00e9ho chutney si u t\u00e9to kombinace p\u0159ijdou na sv\u00e9 i vyznava\u010di pikantn\u00ed chuti, p\u0159esto\u017ee prim zde st\u00e1le hraje sladko-kysel\u00e1 chu\u0165. Fermentovan\u00e9 &amp; rehydratovan\u00e9 produkty Dehydraw.Tech podporuj\u00ed celkovou pohodu a zaji\u0161\u0165uj\u00ed p\u0159\u00edjemn\u00fd a harmonick\u00fd pocit v tr\u00e1vic\u00edm traktu. Slo\u017een\u00ed: su\u0161en\u00e9 meru\u0148ky* (80 %), su\u0161en\u00e1 jablka*, extra panensk\u00fd olivov\u00fd olej*, su\u0161en\u00fd \u010desnek*, mo\u0159sk\u00e1 s\u016fl,...\" \/>\n<meta property=\"og:url\" content=\"https:\/\/www.dehydraw.tech\/en\/product\/apricot-chutney-fermentedrehydrated-fruit-base-170g\/\" \/>\n<meta property=\"og:site_name\" content=\"dehydraw.tech\" \/>\n<meta property=\"article:modified_time\" content=\"2026-03-07T02:58:06+00:00\" \/>\n<meta property=\"og:image\" content=\"http:\/\/www.dehydraw.tech\/wp-content\/uploads\/2025\/10\/IMG_3016.png\" \/>\n\t<meta property=\"og:image:width\" content=\"1024\" \/>\n\t<meta property=\"og:image:height\" content=\"1024\" \/>\n\t<meta property=\"og:image:type\" content=\"image\/png\" \/>\n<meta name=\"twitter:card\" content=\"summary_large_image\" \/>\n<meta name=\"twitter:label1\" content=\"Estimated reading time\" \/>\n\t<meta name=\"twitter:data1\" content=\"1 minute\" \/>\n<script type=\"application\/ld+json\" class=\"yoast-schema-graph\">{\"@context\":\"https:\/\/schema.org\",\"@graph\":[{\"@type\":\"WebPage\",\"@id\":\"https:\/\/www.dehydraw.tech\/produkt\/apricot-chutney-fermentedrehydrated-fruit-base-170g\/\",\"url\":\"https:\/\/www.dehydraw.tech\/produkt\/apricot-chutney-fermentedrehydrated-fruit-base-170g\/\",\"name\":\"APRICOT CHUTNEY fermented&rehydrated fruit base 170g - dehydraw.tech\",\"isPartOf\":{\"@id\":\"https:\/\/www.dehydraw.tech\/#website\"},\"primaryImageOfPage\":{\"@id\":\"https:\/\/www.dehydraw.tech\/produkt\/apricot-chutney-fermentedrehydrated-fruit-base-170g\/#primaryimage\"},\"image\":{\"@id\":\"https:\/\/www.dehydraw.tech\/produkt\/apricot-chutney-fermentedrehydrated-fruit-base-170g\/#primaryimage\"},\"thumbnailUrl\":\"https:\/\/www.dehydraw.tech\/wp-content\/uploads\/2025\/10\/IMG_3016.png\",\"datePublished\":\"2025-10-09T08:27:15+00:00\",\"dateModified\":\"2026-03-07T02:58:06+00:00\",\"breadcrumb\":{\"@id\":\"https:\/\/www.dehydraw.tech\/produkt\/apricot-chutney-fermentedrehydrated-fruit-base-170g\/#breadcrumb\"},\"inLanguage\":\"en-GB\",\"potentialAction\":[{\"@type\":\"ReadAction\",\"target\":[\"https:\/\/www.dehydraw.tech\/produkt\/apricot-chutney-fermentedrehydrated-fruit-base-170g\/\"]}]},{\"@type\":\"ImageObject\",\"inLanguage\":\"en-GB\",\"@id\":\"https:\/\/www.dehydraw.tech\/produkt\/apricot-chutney-fermentedrehydrated-fruit-base-170g\/#primaryimage\",\"url\":\"https:\/\/www.dehydraw.tech\/wp-content\/uploads\/2025\/10\/IMG_3016.png\",\"contentUrl\":\"https:\/\/www.dehydraw.tech\/wp-content\/uploads\/2025\/10\/IMG_3016.png\",\"width\":1024,\"height\":1024},{\"@type\":\"BreadcrumbList\",\"@id\":\"https:\/\/www.dehydraw.tech\/produkt\/apricot-chutney-fermentedrehydrated-fruit-base-170g\/#breadcrumb\",\"itemListElement\":[{\"@type\":\"ListItem\",\"position\":1,\"name\":\"Dom\u016f\",\"item\":\"https:\/\/www.dehydraw.tech\/\"},{\"@type\":\"ListItem\",\"position\":2,\"name\":\"E-shop\",\"item\":\"https:\/\/www.dehydraw.tech\/e-shop\/\"},{\"@type\":\"ListItem\",\"position\":3,\"name\":\"APRICOT CHUTNEY fermented&#038;rehydrated fruit base 170g\"}]},{\"@type\":\"WebSite\",\"@id\":\"https:\/\/www.dehydraw.tech\/#website\",\"url\":\"https:\/\/www.dehydraw.tech\/\",\"name\":\"dehydraw.tech\",\"description\":\"Dehydraw Tech\",\"publisher\":{\"@id\":\"https:\/\/www.dehydraw.tech\/#organization\"},\"potentialAction\":[{\"@type\":\"SearchAction\",\"target\":{\"@type\":\"EntryPoint\",\"urlTemplate\":\"https:\/\/www.dehydraw.tech\/?s={search_term_string}\"},\"query-input\":{\"@type\":\"PropertyValueSpecification\",\"valueRequired\":true,\"valueName\":\"search_term_string\"}}],\"inLanguage\":\"en-GB\"},{\"@type\":\"Organization\",\"@id\":\"https:\/\/www.dehydraw.tech\/#organization\",\"name\":\"dehydraw.tech\",\"url\":\"https:\/\/www.dehydraw.tech\/\",\"logo\":{\"@type\":\"ImageObject\",\"inLanguage\":\"en-GB\",\"@id\":\"https:\/\/www.dehydraw.tech\/#\/schema\/logo\/image\/\",\"url\":\"https:\/\/www.dehydraw.tech\/wp-content\/uploads\/2023\/01\/dehydraw-logo.png\",\"contentUrl\":\"https:\/\/www.dehydraw.tech\/wp-content\/uploads\/2023\/01\/dehydraw-logo.png\",\"width\":700,\"height\":90,\"caption\":\"dehydraw.tech\"},\"image\":{\"@id\":\"https:\/\/www.dehydraw.tech\/#\/schema\/logo\/image\/\"}}]}<\/script>\n<!-- \/ Yoast SEO plugin. -->","yoast_head_json":{"title":"APRICOT CHUTNEY fermented&rehydrated fruit base 170g - dehydraw.tech","robots":{"index":"index","follow":"follow","max-snippet":"max-snippet:-1","max-image-preview":"max-image-preview:large","max-video-preview":"max-video-preview:-1"},"canonical":"https:\/\/www.dehydraw.tech\/en\/product\/apricot-chutney-fermentedrehydrated-fruit-base-170g\/","og_locale":"en_GB","og_type":"article","og_title":"APRICOT CHUTNEY fermented&rehydrated fruit base 170g - dehydraw.tech","og_description":"Revoluce chut\u00ed! Od klasick\u00e9ho chutney si u t\u00e9to kombinace p\u0159ijdou na sv\u00e9 i vyznava\u010di pikantn\u00ed chuti, p\u0159esto\u017ee prim zde st\u00e1le hraje sladko-kysel\u00e1 chu\u0165. Fermentovan\u00e9 &amp; rehydratovan\u00e9 produkty Dehydraw.Tech podporuj\u00ed celkovou pohodu a zaji\u0161\u0165uj\u00ed p\u0159\u00edjemn\u00fd a harmonick\u00fd pocit v tr\u00e1vic\u00edm traktu. Slo\u017een\u00ed: su\u0161en\u00e9 meru\u0148ky* (80 %), su\u0161en\u00e1 jablka*, extra panensk\u00fd olivov\u00fd olej*, su\u0161en\u00fd \u010desnek*, mo\u0159sk\u00e1 s\u016fl,...","og_url":"https:\/\/www.dehydraw.tech\/en\/product\/apricot-chutney-fermentedrehydrated-fruit-base-170g\/","og_site_name":"dehydraw.tech","article_modified_time":"2026-03-07T02:58:06+00:00","og_image":[{"width":1024,"height":1024,"url":"http:\/\/www.dehydraw.tech\/wp-content\/uploads\/2025\/10\/IMG_3016.png","type":"image\/png"}],"twitter_card":"summary_large_image","twitter_misc":{"Estimated reading time":"1 minute"},"schema":{"@context":"https:\/\/schema.org","@graph":[{"@type":"WebPage","@id":"https:\/\/www.dehydraw.tech\/produkt\/apricot-chutney-fermentedrehydrated-fruit-base-170g\/","url":"https:\/\/www.dehydraw.tech\/produkt\/apricot-chutney-fermentedrehydrated-fruit-base-170g\/","name":"APRICOT CHUTNEY fermented&rehydrated fruit base 170g - dehydraw.tech","isPartOf":{"@id":"https:\/\/www.dehydraw.tech\/#website"},"primaryImageOfPage":{"@id":"https:\/\/www.dehydraw.tech\/produkt\/apricot-chutney-fermentedrehydrated-fruit-base-170g\/#primaryimage"},"image":{"@id":"https:\/\/www.dehydraw.tech\/produkt\/apricot-chutney-fermentedrehydrated-fruit-base-170g\/#primaryimage"},"thumbnailUrl":"https:\/\/www.dehydraw.tech\/wp-content\/uploads\/2025\/10\/IMG_3016.png","datePublished":"2025-10-09T08:27:15+00:00","dateModified":"2026-03-07T02:58:06+00:00","breadcrumb":{"@id":"https:\/\/www.dehydraw.tech\/produkt\/apricot-chutney-fermentedrehydrated-fruit-base-170g\/#breadcrumb"},"inLanguage":"en-GB","potentialAction":[{"@type":"ReadAction","target":["https:\/\/www.dehydraw.tech\/produkt\/apricot-chutney-fermentedrehydrated-fruit-base-170g\/"]}]},{"@type":"ImageObject","inLanguage":"en-GB","@id":"https:\/\/www.dehydraw.tech\/produkt\/apricot-chutney-fermentedrehydrated-fruit-base-170g\/#primaryimage","url":"https:\/\/www.dehydraw.tech\/wp-content\/uploads\/2025\/10\/IMG_3016.png","contentUrl":"https:\/\/www.dehydraw.tech\/wp-content\/uploads\/2025\/10\/IMG_3016.png","width":1024,"height":1024},{"@type":"BreadcrumbList","@id":"https:\/\/www.dehydraw.tech\/produkt\/apricot-chutney-fermentedrehydrated-fruit-base-170g\/#breadcrumb","itemListElement":[{"@type":"ListItem","position":1,"name":"Dom\u016f","item":"https:\/\/www.dehydraw.tech\/"},{"@type":"ListItem","position":2,"name":"E-shop","item":"https:\/\/www.dehydraw.tech\/e-shop\/"},{"@type":"ListItem","position":3,"name":"APRICOT CHUTNEY fermented&#038;rehydrated fruit base 170g"}]},{"@type":"WebSite","@id":"https:\/\/www.dehydraw.tech\/#website","url":"https:\/\/www.dehydraw.tech\/","name":"dehydraw.tech","description":"Dehydraw Tech","publisher":{"@id":"https:\/\/www.dehydraw.tech\/#organization"},"potentialAction":[{"@type":"SearchAction","target":{"@type":"EntryPoint","urlTemplate":"https:\/\/www.dehydraw.tech\/?s={search_term_string}"},"query-input":{"@type":"PropertyValueSpecification","valueRequired":true,"valueName":"search_term_string"}}],"inLanguage":"en-GB"},{"@type":"Organization","@id":"https:\/\/www.dehydraw.tech\/#organization","name":"dehydraw.tech","url":"https:\/\/www.dehydraw.tech\/","logo":{"@type":"ImageObject","inLanguage":"en-GB","@id":"https:\/\/www.dehydraw.tech\/#\/schema\/logo\/image\/","url":"https:\/\/www.dehydraw.tech\/wp-content\/uploads\/2023\/01\/dehydraw-logo.png","contentUrl":"https:\/\/www.dehydraw.tech\/wp-content\/uploads\/2023\/01\/dehydraw-logo.png","width":700,"height":90,"caption":"dehydraw.tech"},"image":{"@id":"https:\/\/www.dehydraw.tech\/#\/schema\/logo\/image\/"}}]}},"_links":{"self":[{"href":"https:\/\/www.dehydraw.tech\/en\/wp-json\/wp\/v2\/product\/3848","targetHints":{"allow":["GET"]}}],"collection":[{"href":"https:\/\/www.dehydraw.tech\/en\/wp-json\/wp\/v2\/product"}],"about":[{"href":"https:\/\/www.dehydraw.tech\/en\/wp-json\/wp\/v2\/types\/product"}],"replies":[{"embeddable":true,"href":"https:\/\/www.dehydraw.tech\/en\/wp-json\/wp\/v2\/comments?post=3848"}],"wp:featuredmedia":[{"embeddable":true,"href":"https:\/\/www.dehydraw.tech\/en\/wp-json\/wp\/v2\/media\/3911"}],"wp:attachment":[{"href":"https:\/\/www.dehydraw.tech\/en\/wp-json\/wp\/v2\/media?parent=3848"}],"wp:term":[{"taxonomy":"product_cat","embeddable":true,"href":"https:\/\/www.dehydraw.tech\/en\/wp-json\/wp\/v2\/product_cat?post=3848"},{"taxonomy":"product_tag","embeddable":true,"href":"https:\/\/www.dehydraw.tech\/en\/wp-json\/wp\/v2\/product_tag?post=3848"}],"curies":[{"name":"wp","href":"https:\/\/api.w.org\/{rel}","templated":true}]}}