{"id":3846,"date":"2025-10-09T08:17:51","date_gmt":"2025-10-09T08:17:51","guid":{"rendered":"https:\/\/www.dehydraw.tech\/?post_type=product&#038;p=3846"},"modified":"2026-03-06T20:27:23","modified_gmt":"2026-03-06T20:27:23","slug":"boost-nutmix-glycinetribulus-added-100g","status":"publish","type":"product","link":"https:\/\/www.dehydraw.tech\/en\/product\/boost-nutmix-glycinetribulus-added-100g\/","title":{"rendered":"BOOST NUTMIX glycine&#038;tribulus added 100g"},"content":{"rendered":"<div>RAW mandle ochucen\u00e9 nev\u0161edn\u00ed marin\u00e1dou.<\/div>\n<div>\n<p>D\u00edky sv\u00e9mu \u0161etrn\u00e9mu zpracov\u00e1n\u00ed a raw kvalit\u011b v\u0161ech pou\u017eit\u00fdch surovin se m\u016f\u017eete t\u011b\u0161it na po\u0159\u00e1dnou d\u00e1vku v\u00fd\u017eivn\u00fdch l\u00e1tek a opravdovou chu\u0165 surovin. Tyto o\u0159\u00ed\u0161ky jsou tak\u00e9 zdrojem proteinu a vl\u00e1kniny. Slazen\u00e9 glycinem.<\/p>\n<p data-start=\"160\" data-end=\"394\"><strong>Slo\u017een\u00ed:<\/strong> Mandle* \u00a0(66 %), rozinky*, cibule*, L-Glycin (10 %), Tribulus Terrestris (kotvi\u010dn\u00edk zemn\u00ed) (1 %), nerafinovan\u00e1 mo\u0159sk\u00e1 s\u016fl, \u010desnek*, mlet\u00e9 kajensk\u00e9 ko\u0159en\u00ed*. <em>* = produkt z kontrolovan\u00e9ho ekologick\u00e9ho zem\u011bd\u011blstv\u00ed<\/em><\/p>\n<p data-start=\"396\" data-end=\"485\"><em>Tento produkt obsahuje <strong>o\u0159echy<\/strong> a m\u016f\u017ee obsahovat stopy sezamu, ho\u0159\u010di\u010dn\u00fdch sem\u00ednek a celeru.<\/em><\/p>\n<div class=\"_tableContainer_1rjym_1\">\n<div class=\"group _tableWrapper_1rjym_13 flex w-fit flex-col-reverse\" tabindex=\"-1\">\n<table class=\"w-fit min-w-(--thread-content-width)\" data-start=\"530\" data-end=\"1159\">\n<thead data-start=\"530\" data-end=\"592\">\n<tr data-start=\"530\" data-end=\"592\">\n<th style=\"text-align: left;\" data-start=\"530\" data-end=\"568\" data-col-size=\"sm\">Nutri\u010dn\u00ed hodnoty<\/th>\n<th style=\"text-align: left;\" data-start=\"568\" data-end=\"592\" data-col-size=\"sm\">Na 100g<\/th>\n<\/tr>\n<\/thead>\n<tbody data-start=\"656\" data-end=\"1159\">\n<tr data-start=\"656\" data-end=\"718\">\n<td data-start=\"656\" data-end=\"693\" data-col-size=\"sm\">Energetick\u00e1 hodnota<\/td>\n<td data-col-size=\"sm\" data-start=\"693\" data-end=\"718\">2283 kJ \/ 547 kcal<\/td>\n<\/tr>\n<tr data-start=\"719\" data-end=\"781\">\n<td data-start=\"719\" data-end=\"756\" data-col-size=\"sm\">Tuky<\/td>\n<td data-col-size=\"sm\" data-start=\"756\" data-end=\"781\">40 g<\/td>\n<\/tr>\n<tr data-start=\"782\" data-end=\"844\">\n<td data-start=\"782\" data-end=\"819\" data-col-size=\"sm\"><em>z toho nasycen\u00e9 mastn\u00e9 kyseliny<\/em><\/td>\n<td data-col-size=\"sm\" data-start=\"819\" data-end=\"844\"><em>2 g<\/em><\/td>\n<\/tr>\n<tr data-start=\"845\" data-end=\"907\">\n<td data-start=\"845\" data-end=\"882\" data-col-size=\"sm\">Sacharidy<\/td>\n<td data-col-size=\"sm\" data-start=\"882\" data-end=\"907\">26 g<\/td>\n<\/tr>\n<tr data-start=\"908\" data-end=\"970\">\n<td data-start=\"908\" data-end=\"945\" data-col-size=\"sm\"><em>z toho cukry<\/em><\/td>\n<td data-col-size=\"sm\" data-start=\"945\" data-end=\"970\"><em>17 g<\/em><\/td>\n<\/tr>\n<tr data-start=\"971\" data-end=\"1033\">\n<td data-start=\"971\" data-end=\"1008\" data-col-size=\"sm\">Vl\u00e1knina<\/td>\n<td data-col-size=\"sm\" data-start=\"1008\" data-end=\"1033\">11 g<\/td>\n<\/tr>\n<tr data-start=\"1034\" data-end=\"1096\">\n<td data-start=\"1034\" data-end=\"1071\" data-col-size=\"sm\">B\u00edlkoviny<\/td>\n<td data-col-size=\"sm\" data-start=\"1071\" data-end=\"1096\">18 g<\/td>\n<\/tr>\n<tr data-start=\"1097\" data-end=\"1159\">\n<td data-start=\"1097\" data-end=\"1134\" data-col-size=\"sm\">S\u016fl<\/td>\n<td data-col-size=\"sm\" data-start=\"1134\" data-end=\"1159\">0,324 g<\/td>\n<\/tr>\n<\/tbody>\n<\/table>\n<\/div>\n<\/div>\n<\/div>\n<p data-start=\"1379\" data-end=\"1492\"><em>* Uveden\u00e9 v\u00fd\u017eivov\u00e9 hodnoty jsou pr\u016fm\u011brn\u00e9 a mohou se li\u0161it v z\u00e1vislosti na zralosti, sez\u00f3n\u011b a zp\u016fsobu skladov\u00e1n\u00ed.<\/em><\/p>\n<p data-start=\"1379\" data-end=\"1492\"><strong data-start=\"1509\" data-end=\"1548\">\u2714\ufe0fRAW GUARANTEE \u2714\ufe0fECO FRIENDLY \u2714\ufe0fSTOP FOOD WASTE \u2714\ufe0fGLUTEN-FREE<\/strong><strong data-start=\"1551\" data-end=\"1600\"> \u2714\ufe0fACTIVATED \u2714\ufe0fGUARANTEE OF ORIGIN<\/strong><\/p>","protected":false},"excerpt":{"rendered":"<p>RAW mandle ochucen\u00e9 nev\u0161edn\u00ed marin\u00e1dou. D\u00edky sv\u00e9mu \u0161etrn\u00e9mu zpracov\u00e1n\u00ed a raw kvalit\u011b v\u0161ech pou\u017eit\u00fdch surovin se m\u016f\u017eete t\u011b\u0161it na po\u0159\u00e1dnou d\u00e1vku v\u00fd\u017eivn\u00fdch l\u00e1tek a opravdovou chu\u0165 surovin. Tyto o\u0159\u00ed\u0161ky jsou tak\u00e9 zdrojem proteinu a vl\u00e1kniny. Slazen\u00e9 glycinem. Slo\u017een\u00ed: Mandle* \u00a0(66 %), rozinky*, cibule*, L-Glycin (10 %), Tribulus Terrestris (kotvi\u010dn\u00edk zemn\u00ed) (1 %), nerafinovan\u00e1 mo\u0159sk\u00e1 s\u016fl,&#8230;<\/p>","protected":false},"featured_media":3913,"comment_status":"open","ping_status":"closed","template":"","meta":{"_kadence_starter_templates_imported_post":false,"_kad_post_transparent":"default","_kad_post_title":"","_kad_post_layout":"default","_kad_post_sidebar_id":"","_kad_post_content_style":"default","_kad_post_vertical_padding":"default","_kad_post_feature":"","_kad_post_feature_position":"","_kad_post_header":false,"_kad_post_footer":false},"product_cat":[51],"product_tag":[],"class_list":{"0":"post-3846","1":"product","2":"type-product","3":"status-publish","4":"has-post-thumbnail","6":"product_cat-sport-edice","8":"first","9":"outofstock","10":"taxable","11":"shipping-taxable","12":"purchasable","13":"product-type-simple","14":"entry","15":"content-bg","16":"loop-entry"},"yoast_head":"<!-- This site is optimized with the Yoast SEO plugin v24.0 - https:\/\/yoast.com\/wordpress\/plugins\/seo\/ -->\n<title>BOOST NUTMIX glycine&amp;tribulus added 100g - dehydraw.tech<\/title>\n<meta name=\"robots\" content=\"index, follow, max-snippet:-1, max-image-preview:large, max-video-preview:-1\" \/>\n<link rel=\"canonical\" href=\"https:\/\/www.dehydraw.tech\/en\/product\/boost-nutmix-glycinetribulus-added-100g\/\" \/>\n<meta property=\"og:locale\" content=\"en_GB\" \/>\n<meta property=\"og:type\" content=\"article\" \/>\n<meta property=\"og:title\" content=\"BOOST NUTMIX glycine&amp;tribulus added 100g - dehydraw.tech\" \/>\n<meta property=\"og:description\" content=\"RAW mandle ochucen\u00e9 nev\u0161edn\u00ed marin\u00e1dou. D\u00edky sv\u00e9mu \u0161etrn\u00e9mu zpracov\u00e1n\u00ed a raw kvalit\u011b v\u0161ech pou\u017eit\u00fdch surovin se m\u016f\u017eete t\u011b\u0161it na po\u0159\u00e1dnou d\u00e1vku v\u00fd\u017eivn\u00fdch l\u00e1tek a opravdovou chu\u0165 surovin. Tyto o\u0159\u00ed\u0161ky jsou tak\u00e9 zdrojem proteinu a vl\u00e1kniny. Slazen\u00e9 glycinem. Slo\u017een\u00ed: Mandle* \u00a0(66 %), rozinky*, cibule*, L-Glycin (10 %), Tribulus Terrestris (kotvi\u010dn\u00edk zemn\u00ed) (1 %), nerafinovan\u00e1 mo\u0159sk\u00e1 s\u016fl,...\" \/>\n<meta property=\"og:url\" content=\"https:\/\/www.dehydraw.tech\/en\/product\/boost-nutmix-glycinetribulus-added-100g\/\" \/>\n<meta property=\"og:site_name\" content=\"dehydraw.tech\" \/>\n<meta property=\"article:modified_time\" content=\"2026-03-06T20:27:23+00:00\" \/>\n<meta property=\"og:image\" content=\"http:\/\/www.dehydraw.tech\/wp-content\/uploads\/2025\/10\/IMG_3019.png\" \/>\n\t<meta property=\"og:image:width\" content=\"1536\" \/>\n\t<meta property=\"og:image:height\" content=\"1024\" \/>\n\t<meta property=\"og:image:type\" content=\"image\/png\" \/>\n<meta name=\"twitter:card\" content=\"summary_large_image\" \/>\n<meta name=\"twitter:label1\" content=\"Estimated reading time\" \/>\n\t<meta name=\"twitter:data1\" content=\"2 minutes\" \/>\n<script type=\"application\/ld+json\" class=\"yoast-schema-graph\">{\"@context\":\"https:\/\/schema.org\",\"@graph\":[{\"@type\":\"WebPage\",\"@id\":\"https:\/\/www.dehydraw.tech\/produkt\/boost-nutmix-glycinetribulus-added-100g\/\",\"url\":\"https:\/\/www.dehydraw.tech\/produkt\/boost-nutmix-glycinetribulus-added-100g\/\",\"name\":\"BOOST NUTMIX glycine&tribulus added 100g - dehydraw.tech\",\"isPartOf\":{\"@id\":\"https:\/\/www.dehydraw.tech\/#website\"},\"primaryImageOfPage\":{\"@id\":\"https:\/\/www.dehydraw.tech\/produkt\/boost-nutmix-glycinetribulus-added-100g\/#primaryimage\"},\"image\":{\"@id\":\"https:\/\/www.dehydraw.tech\/produkt\/boost-nutmix-glycinetribulus-added-100g\/#primaryimage\"},\"thumbnailUrl\":\"https:\/\/www.dehydraw.tech\/wp-content\/uploads\/2025\/10\/IMG_3019.png\",\"datePublished\":\"2025-10-09T08:17:51+00:00\",\"dateModified\":\"2026-03-06T20:27:23+00:00\",\"breadcrumb\":{\"@id\":\"https:\/\/www.dehydraw.tech\/produkt\/boost-nutmix-glycinetribulus-added-100g\/#breadcrumb\"},\"inLanguage\":\"en-GB\",\"potentialAction\":[{\"@type\":\"ReadAction\",\"target\":[\"https:\/\/www.dehydraw.tech\/produkt\/boost-nutmix-glycinetribulus-added-100g\/\"]}]},{\"@type\":\"ImageObject\",\"inLanguage\":\"en-GB\",\"@id\":\"https:\/\/www.dehydraw.tech\/produkt\/boost-nutmix-glycinetribulus-added-100g\/#primaryimage\",\"url\":\"https:\/\/www.dehydraw.tech\/wp-content\/uploads\/2025\/10\/IMG_3019.png\",\"contentUrl\":\"https:\/\/www.dehydraw.tech\/wp-content\/uploads\/2025\/10\/IMG_3019.png\",\"width\":1536,\"height\":1024},{\"@type\":\"BreadcrumbList\",\"@id\":\"https:\/\/www.dehydraw.tech\/produkt\/boost-nutmix-glycinetribulus-added-100g\/#breadcrumb\",\"itemListElement\":[{\"@type\":\"ListItem\",\"position\":1,\"name\":\"Dom\u016f\",\"item\":\"https:\/\/www.dehydraw.tech\/\"},{\"@type\":\"ListItem\",\"position\":2,\"name\":\"E-shop\",\"item\":\"https:\/\/www.dehydraw.tech\/e-shop\/\"},{\"@type\":\"ListItem\",\"position\":3,\"name\":\"BOOST NUTMIX glycine&#038;tribulus added 100g\"}]},{\"@type\":\"WebSite\",\"@id\":\"https:\/\/www.dehydraw.tech\/#website\",\"url\":\"https:\/\/www.dehydraw.tech\/\",\"name\":\"dehydraw.tech\",\"description\":\"Dehydraw Tech\",\"publisher\":{\"@id\":\"https:\/\/www.dehydraw.tech\/#organization\"},\"potentialAction\":[{\"@type\":\"SearchAction\",\"target\":{\"@type\":\"EntryPoint\",\"urlTemplate\":\"https:\/\/www.dehydraw.tech\/?s={search_term_string}\"},\"query-input\":{\"@type\":\"PropertyValueSpecification\",\"valueRequired\":true,\"valueName\":\"search_term_string\"}}],\"inLanguage\":\"en-GB\"},{\"@type\":\"Organization\",\"@id\":\"https:\/\/www.dehydraw.tech\/#organization\",\"name\":\"dehydraw.tech\",\"url\":\"https:\/\/www.dehydraw.tech\/\",\"logo\":{\"@type\":\"ImageObject\",\"inLanguage\":\"en-GB\",\"@id\":\"https:\/\/www.dehydraw.tech\/#\/schema\/logo\/image\/\",\"url\":\"https:\/\/www.dehydraw.tech\/wp-content\/uploads\/2023\/01\/dehydraw-logo.png\",\"contentUrl\":\"https:\/\/www.dehydraw.tech\/wp-content\/uploads\/2023\/01\/dehydraw-logo.png\",\"width\":700,\"height\":90,\"caption\":\"dehydraw.tech\"},\"image\":{\"@id\":\"https:\/\/www.dehydraw.tech\/#\/schema\/logo\/image\/\"}}]}<\/script>\n<!-- \/ Yoast SEO plugin. -->","yoast_head_json":{"title":"BOOST NUTMIX glycine&tribulus added 100g - dehydraw.tech","robots":{"index":"index","follow":"follow","max-snippet":"max-snippet:-1","max-image-preview":"max-image-preview:large","max-video-preview":"max-video-preview:-1"},"canonical":"https:\/\/www.dehydraw.tech\/en\/product\/boost-nutmix-glycinetribulus-added-100g\/","og_locale":"en_GB","og_type":"article","og_title":"BOOST NUTMIX glycine&tribulus added 100g - dehydraw.tech","og_description":"RAW mandle ochucen\u00e9 nev\u0161edn\u00ed marin\u00e1dou. D\u00edky sv\u00e9mu \u0161etrn\u00e9mu zpracov\u00e1n\u00ed a raw kvalit\u011b v\u0161ech pou\u017eit\u00fdch surovin se m\u016f\u017eete t\u011b\u0161it na po\u0159\u00e1dnou d\u00e1vku v\u00fd\u017eivn\u00fdch l\u00e1tek a opravdovou chu\u0165 surovin. Tyto o\u0159\u00ed\u0161ky jsou tak\u00e9 zdrojem proteinu a vl\u00e1kniny. Slazen\u00e9 glycinem. Slo\u017een\u00ed: Mandle* \u00a0(66 %), rozinky*, cibule*, L-Glycin (10 %), Tribulus Terrestris (kotvi\u010dn\u00edk zemn\u00ed) (1 %), nerafinovan\u00e1 mo\u0159sk\u00e1 s\u016fl,...","og_url":"https:\/\/www.dehydraw.tech\/en\/product\/boost-nutmix-glycinetribulus-added-100g\/","og_site_name":"dehydraw.tech","article_modified_time":"2026-03-06T20:27:23+00:00","og_image":[{"width":1536,"height":1024,"url":"http:\/\/www.dehydraw.tech\/wp-content\/uploads\/2025\/10\/IMG_3019.png","type":"image\/png"}],"twitter_card":"summary_large_image","twitter_misc":{"Estimated reading time":"2 minutes"},"schema":{"@context":"https:\/\/schema.org","@graph":[{"@type":"WebPage","@id":"https:\/\/www.dehydraw.tech\/produkt\/boost-nutmix-glycinetribulus-added-100g\/","url":"https:\/\/www.dehydraw.tech\/produkt\/boost-nutmix-glycinetribulus-added-100g\/","name":"BOOST NUTMIX glycine&tribulus added 100g - dehydraw.tech","isPartOf":{"@id":"https:\/\/www.dehydraw.tech\/#website"},"primaryImageOfPage":{"@id":"https:\/\/www.dehydraw.tech\/produkt\/boost-nutmix-glycinetribulus-added-100g\/#primaryimage"},"image":{"@id":"https:\/\/www.dehydraw.tech\/produkt\/boost-nutmix-glycinetribulus-added-100g\/#primaryimage"},"thumbnailUrl":"https:\/\/www.dehydraw.tech\/wp-content\/uploads\/2025\/10\/IMG_3019.png","datePublished":"2025-10-09T08:17:51+00:00","dateModified":"2026-03-06T20:27:23+00:00","breadcrumb":{"@id":"https:\/\/www.dehydraw.tech\/produkt\/boost-nutmix-glycinetribulus-added-100g\/#breadcrumb"},"inLanguage":"en-GB","potentialAction":[{"@type":"ReadAction","target":["https:\/\/www.dehydraw.tech\/produkt\/boost-nutmix-glycinetribulus-added-100g\/"]}]},{"@type":"ImageObject","inLanguage":"en-GB","@id":"https:\/\/www.dehydraw.tech\/produkt\/boost-nutmix-glycinetribulus-added-100g\/#primaryimage","url":"https:\/\/www.dehydraw.tech\/wp-content\/uploads\/2025\/10\/IMG_3019.png","contentUrl":"https:\/\/www.dehydraw.tech\/wp-content\/uploads\/2025\/10\/IMG_3019.png","width":1536,"height":1024},{"@type":"BreadcrumbList","@id":"https:\/\/www.dehydraw.tech\/produkt\/boost-nutmix-glycinetribulus-added-100g\/#breadcrumb","itemListElement":[{"@type":"ListItem","position":1,"name":"Dom\u016f","item":"https:\/\/www.dehydraw.tech\/"},{"@type":"ListItem","position":2,"name":"E-shop","item":"https:\/\/www.dehydraw.tech\/e-shop\/"},{"@type":"ListItem","position":3,"name":"BOOST NUTMIX glycine&#038;tribulus added 100g"}]},{"@type":"WebSite","@id":"https:\/\/www.dehydraw.tech\/#website","url":"https:\/\/www.dehydraw.tech\/","name":"dehydraw.tech","description":"Dehydraw Tech","publisher":{"@id":"https:\/\/www.dehydraw.tech\/#organization"},"potentialAction":[{"@type":"SearchAction","target":{"@type":"EntryPoint","urlTemplate":"https:\/\/www.dehydraw.tech\/?s={search_term_string}"},"query-input":{"@type":"PropertyValueSpecification","valueRequired":true,"valueName":"search_term_string"}}],"inLanguage":"en-GB"},{"@type":"Organization","@id":"https:\/\/www.dehydraw.tech\/#organization","name":"dehydraw.tech","url":"https:\/\/www.dehydraw.tech\/","logo":{"@type":"ImageObject","inLanguage":"en-GB","@id":"https:\/\/www.dehydraw.tech\/#\/schema\/logo\/image\/","url":"https:\/\/www.dehydraw.tech\/wp-content\/uploads\/2023\/01\/dehydraw-logo.png","contentUrl":"https:\/\/www.dehydraw.tech\/wp-content\/uploads\/2023\/01\/dehydraw-logo.png","width":700,"height":90,"caption":"dehydraw.tech"},"image":{"@id":"https:\/\/www.dehydraw.tech\/#\/schema\/logo\/image\/"}}]}},"_links":{"self":[{"href":"https:\/\/www.dehydraw.tech\/en\/wp-json\/wp\/v2\/product\/3846","targetHints":{"allow":["GET"]}}],"collection":[{"href":"https:\/\/www.dehydraw.tech\/en\/wp-json\/wp\/v2\/product"}],"about":[{"href":"https:\/\/www.dehydraw.tech\/en\/wp-json\/wp\/v2\/types\/product"}],"replies":[{"embeddable":true,"href":"https:\/\/www.dehydraw.tech\/en\/wp-json\/wp\/v2\/comments?post=3846"}],"wp:featuredmedia":[{"embeddable":true,"href":"https:\/\/www.dehydraw.tech\/en\/wp-json\/wp\/v2\/media\/3913"}],"wp:attachment":[{"href":"https:\/\/www.dehydraw.tech\/en\/wp-json\/wp\/v2\/media?parent=3846"}],"wp:term":[{"taxonomy":"product_cat","embeddable":true,"href":"https:\/\/www.dehydraw.tech\/en\/wp-json\/wp\/v2\/product_cat?post=3846"},{"taxonomy":"product_tag","embeddable":true,"href":"https:\/\/www.dehydraw.tech\/en\/wp-json\/wp\/v2\/product_tag?post=3846"}],"curies":[{"name":"wp","href":"https:\/\/api.w.org\/{rel}","templated":true}]}}