{"id":3837,"date":"2025-10-09T05:17:09","date_gmt":"2025-10-09T05:17:09","guid":{"rendered":"https:\/\/www.dehydraw.tech\/?post_type=product&#038;p=3837"},"modified":"2026-03-07T07:27:13","modified_gmt":"2026-03-07T07:27:13","slug":"figblack-garlic-dip-fermentedrehydrated-fruit-base-170g","status":"publish","type":"product","link":"https:\/\/www.dehydraw.tech\/en\/product\/figblack-garlic-dip-fermentedrehydrated-fruit-base-170g\/","title":{"rendered":"FIG&#038;BLACK GARLIC DIP fermented&#038;rehydrated fruit base 170g"},"content":{"rendered":"<div>Revoluce chut\u00ed!<\/div>\n<div>\u010cesnek se pou\u017e\u00edv\u00e1 do j\u00eddel jako v\u00fdrazn\u00e1 p\u0159\u00edsada, kter\u00e1 m\u00e1 nezam\u011bnitelnou chu\u0165 i\u00a0v\u016fni. Ostrou chu\u0165 ale procesem fermentac\u00ed \u010desnek zcela ztrat\u00ed. Je nasl\u00e1dl\u00fd, m\u00edrn\u011b o\u0159\u00ed\u0161kov\u00fd a i\u00a0jeho v\u016fn\u011b ztrat\u00ed svou \u0161tiplavost. Delik\u00e1tn\u00ed chu\u0165 dipu , kter\u00e1 jist\u011b vynikne na va\u0161em toastu.<\/div>\n<div>Fermentovan\u00e9 &amp; rehydratovan\u00e9 produkty Dehydraw.Tech podporuj\u00ed celkovou pohodu a zaji\u0161\u0165uj\u00ed p\u0159\u00edjemn\u00fd a harmonick\u00fd pocit v tr\u00e1vic\u00edm traktu<\/div>\n<div><\/div>\n<div><strong>Slo\u017een\u00ed:\u00a0<\/strong> f\u00edky* (57 %), \u010derven\u00e1 cibule*, \u010dern\u00fd \u010desnek* (9 %), vinn\u00fd ocet*, balzamikov\u00fd ocet*, extra panensk\u00fd olivov\u00fd olej*, ko\u0159en\u00ed, mo\u0159sk\u00e1 s\u016fl, chilli. <em>*= produkt ekologick\u00e9ho zem\u011bd\u011blstv\u00ed\u00a0<\/em><\/div>\n<div><\/div>\n<div>\n<div class=\"_tableContainer_1rjym_1\">\n<div class=\"group _tableWrapper_1rjym_13 flex w-fit flex-col-reverse\" tabindex=\"-1\">\n<table class=\"w-fit min-w-(--thread-content-width)\" data-start=\"560\" data-end=\"861\">\n<thead data-start=\"560\" data-end=\"598\">\n<tr data-start=\"560\" data-end=\"598\">\n<th style=\"text-align: left;\" data-start=\"560\" data-end=\"573\" data-col-size=\"sm\"><strong data-start=\"562\" data-end=\"572\">V\u00fd\u017eivov\u00e9 hodnoty<\/strong><\/th>\n<th style=\"text-align: left;\" data-start=\"573\" data-end=\"598\" data-col-size=\"sm\"><strong data-start=\"575\" data-end=\"596\">Na 100 g<\/strong><\/th>\n<\/tr>\n<\/thead>\n<tbody data-start=\"639\" data-end=\"861\">\n<tr data-start=\"639\" data-end=\"686\">\n<td data-start=\"639\" data-end=\"661\" data-col-size=\"sm\">Energetick\u00e1 hodnota<\/td>\n<td data-start=\"661\" data-end=\"686\" data-col-size=\"sm\">539,2 kJ \/ 127,2 kcal<\/td>\n<\/tr>\n<tr data-start=\"687\" data-end=\"703\">\n<td data-start=\"687\" data-end=\"694\" data-col-size=\"sm\">Tuky<\/td>\n<td data-start=\"694\" data-end=\"703\" data-col-size=\"sm\">3,5 g<\/td>\n<\/tr>\n<tr data-start=\"704\" data-end=\"749\">\n<td data-start=\"704\" data-end=\"740\" data-col-size=\"sm\"><em>z toho nasycen\u00e9 mastn\u00e9 kyseliny<\/em><\/td>\n<td data-start=\"740\" data-end=\"749\" data-col-size=\"sm\"><em>0,1 g<\/em><\/td>\n<\/tr>\n<tr data-start=\"750\" data-end=\"772\">\n<td data-start=\"750\" data-end=\"762\" data-col-size=\"sm\">Sacharidy<\/td>\n<td data-start=\"762\" data-end=\"772\" data-col-size=\"sm\">29,3 g<\/td>\n<\/tr>\n<tr data-start=\"773\" data-end=\"800\">\n<td data-start=\"773\" data-end=\"790\" data-col-size=\"sm\"><em>z toho cukry<\/em><\/td>\n<td data-start=\"790\" data-end=\"800\" data-col-size=\"sm\"><em>26,6 g<\/em><\/td>\n<\/tr>\n<tr data-start=\"801\" data-end=\"821\">\n<td data-start=\"801\" data-end=\"812\" data-col-size=\"sm\">Vl\u00e1knina<\/td>\n<td data-start=\"812\" data-end=\"821\" data-col-size=\"sm\">2,6 g<\/td>\n<\/tr>\n<tr data-start=\"822\" data-end=\"843\">\n<td data-start=\"822\" data-end=\"834\" data-col-size=\"sm\">B\u00edlkoviny<\/td>\n<td data-start=\"834\" data-end=\"843\" data-col-size=\"sm\">1,3 g<\/td>\n<\/tr>\n<tr data-start=\"844\" data-end=\"861\">\n<td data-start=\"844\" data-end=\"850\" data-col-size=\"sm\">S\u016fl<\/td>\n<td data-start=\"850\" data-end=\"861\" data-col-size=\"sm\">0,478 g<\/td>\n<\/tr>\n<\/tbody>\n<\/table>\n<\/div>\n<\/div>\n<\/div>\n<div><em style=\"font-family: var(--global-body-font-family);\">Uveden\u00e9 v\u00fd\u017eivov\u00e9 hodnoty jsou pr\u016fm\u011brn\u00e9 a mohou se li\u0161it v z\u00e1vislosti na zralosti, sez\u00f3n\u011b a zp\u016fsobu skladov\u00e1n\u00ed.<\/em><\/div>\n<div>\n<p><strong data-start=\"1509\" data-end=\"1548\">\u2714\ufe0fRAW GUARANTEE \u2714\ufe0fECO FRIENDLY \u2714\ufe0fSTOP FOOD WASTE \u2714\ufe0fGLUTEN-FREE<\/strong><strong data-start=\"1551\" data-end=\"1600\"> \u2714\ufe0f FERMENTED \u2714\ufe0fGUARANTEE OF ORIGIN<\/strong><\/p>\n<\/div>","protected":false},"excerpt":{"rendered":"<p>Revoluce chut\u00ed! \u010cesnek se pou\u017e\u00edv\u00e1 do j\u00eddel jako v\u00fdrazn\u00e1 p\u0159\u00edsada, kter\u00e1 m\u00e1 nezam\u011bnitelnou chu\u0165 i\u00a0v\u016fni. Ostrou chu\u0165 ale procesem fermentac\u00ed \u010desnek zcela ztrat\u00ed. Je nasl\u00e1dl\u00fd, m\u00edrn\u011b o\u0159\u00ed\u0161kov\u00fd a i\u00a0jeho v\u016fn\u011b ztrat\u00ed svou \u0161tiplavost. Delik\u00e1tn\u00ed chu\u0165 dipu , kter\u00e1 jist\u011b vynikne na va\u0161em toastu. Fermentovan\u00e9 &amp; rehydratovan\u00e9 produkty Dehydraw.Tech podporuj\u00ed celkovou pohodu a zaji\u0161\u0165uj\u00ed p\u0159\u00edjemn\u00fd a&#8230;<\/p>","protected":false},"featured_media":3924,"comment_status":"open","ping_status":"closed","template":"","meta":{"_kadence_starter_templates_imported_post":false,"_kad_post_transparent":"default","_kad_post_title":"","_kad_post_layout":"default","_kad_post_sidebar_id":"","_kad_post_content_style":"default","_kad_post_vertical_padding":"default","_kad_post_feature":"","_kad_post_feature_position":"","_kad_post_header":false,"_kad_post_footer":false},"product_cat":[62],"product_tag":[],"class_list":{"0":"post-3837","1":"product","2":"type-product","3":"status-publish","4":"has-post-thumbnail","6":"product_cat-young-edice","8":"first","9":"outofstock","10":"taxable","11":"shipping-taxable","12":"purchasable","13":"product-type-simple","14":"entry","15":"content-bg","16":"loop-entry"},"yoast_head":"<!-- This site is optimized with the Yoast SEO plugin v24.0 - https:\/\/yoast.com\/wordpress\/plugins\/seo\/ -->\n<title>FIG&amp;BLACK GARLIC DIP fermented&amp;rehydrated fruit base 170g - dehydraw.tech<\/title>\n<meta name=\"robots\" content=\"index, follow, max-snippet:-1, max-image-preview:large, max-video-preview:-1\" \/>\n<link rel=\"canonical\" href=\"https:\/\/www.dehydraw.tech\/en\/product\/figblack-garlic-dip-fermentedrehydrated-fruit-base-170g\/\" \/>\n<meta property=\"og:locale\" content=\"en_GB\" \/>\n<meta property=\"og:type\" content=\"article\" \/>\n<meta property=\"og:title\" content=\"FIG&amp;BLACK GARLIC DIP fermented&amp;rehydrated fruit base 170g - dehydraw.tech\" \/>\n<meta property=\"og:description\" content=\"Revoluce chut\u00ed! \u010cesnek se pou\u017e\u00edv\u00e1 do j\u00eddel jako v\u00fdrazn\u00e1 p\u0159\u00edsada, kter\u00e1 m\u00e1 nezam\u011bnitelnou chu\u0165 i\u00a0v\u016fni. Ostrou chu\u0165 ale procesem fermentac\u00ed \u010desnek zcela ztrat\u00ed. Je nasl\u00e1dl\u00fd, m\u00edrn\u011b o\u0159\u00ed\u0161kov\u00fd a i\u00a0jeho v\u016fn\u011b ztrat\u00ed svou \u0161tiplavost. Delik\u00e1tn\u00ed chu\u0165 dipu , kter\u00e1 jist\u011b vynikne na va\u0161em toastu. Fermentovan\u00e9 &amp; rehydratovan\u00e9 produkty Dehydraw.Tech podporuj\u00ed celkovou pohodu a zaji\u0161\u0165uj\u00ed p\u0159\u00edjemn\u00fd a...\" \/>\n<meta property=\"og:url\" content=\"https:\/\/www.dehydraw.tech\/en\/product\/figblack-garlic-dip-fermentedrehydrated-fruit-base-170g\/\" \/>\n<meta property=\"og:site_name\" content=\"dehydraw.tech\" \/>\n<meta property=\"article:modified_time\" content=\"2026-03-07T07:27:13+00:00\" \/>\n<meta property=\"og:image\" content=\"http:\/\/www.dehydraw.tech\/wp-content\/uploads\/2025\/10\/IMG_3029-1024x683.png\" \/>\n\t<meta property=\"og:image:width\" content=\"1024\" \/>\n\t<meta property=\"og:image:height\" content=\"683\" \/>\n\t<meta property=\"og:image:type\" content=\"image\/png\" \/>\n<meta name=\"twitter:card\" content=\"summary_large_image\" \/>\n<meta name=\"twitter:label1\" content=\"Estimated reading time\" \/>\n\t<meta name=\"twitter:data1\" content=\"2 minutes\" \/>\n<script type=\"application\/ld+json\" class=\"yoast-schema-graph\">{\"@context\":\"https:\/\/schema.org\",\"@graph\":[{\"@type\":\"WebPage\",\"@id\":\"https:\/\/www.dehydraw.tech\/produkt\/figblack-garlic-dip-fermentedrehydrated-fruit-base-170g\/\",\"url\":\"https:\/\/www.dehydraw.tech\/produkt\/figblack-garlic-dip-fermentedrehydrated-fruit-base-170g\/\",\"name\":\"FIG&BLACK GARLIC DIP fermented&rehydrated fruit base 170g - dehydraw.tech\",\"isPartOf\":{\"@id\":\"https:\/\/www.dehydraw.tech\/#website\"},\"primaryImageOfPage\":{\"@id\":\"https:\/\/www.dehydraw.tech\/produkt\/figblack-garlic-dip-fermentedrehydrated-fruit-base-170g\/#primaryimage\"},\"image\":{\"@id\":\"https:\/\/www.dehydraw.tech\/produkt\/figblack-garlic-dip-fermentedrehydrated-fruit-base-170g\/#primaryimage\"},\"thumbnailUrl\":\"https:\/\/www.dehydraw.tech\/wp-content\/uploads\/2025\/10\/IMG_3029.png\",\"datePublished\":\"2025-10-09T05:17:09+00:00\",\"dateModified\":\"2026-03-07T07:27:13+00:00\",\"breadcrumb\":{\"@id\":\"https:\/\/www.dehydraw.tech\/produkt\/figblack-garlic-dip-fermentedrehydrated-fruit-base-170g\/#breadcrumb\"},\"inLanguage\":\"en-GB\",\"potentialAction\":[{\"@type\":\"ReadAction\",\"target\":[\"https:\/\/www.dehydraw.tech\/produkt\/figblack-garlic-dip-fermentedrehydrated-fruit-base-170g\/\"]}]},{\"@type\":\"ImageObject\",\"inLanguage\":\"en-GB\",\"@id\":\"https:\/\/www.dehydraw.tech\/produkt\/figblack-garlic-dip-fermentedrehydrated-fruit-base-170g\/#primaryimage\",\"url\":\"https:\/\/www.dehydraw.tech\/wp-content\/uploads\/2025\/10\/IMG_3029.png\",\"contentUrl\":\"https:\/\/www.dehydraw.tech\/wp-content\/uploads\/2025\/10\/IMG_3029.png\",\"width\":1536,\"height\":1024},{\"@type\":\"BreadcrumbList\",\"@id\":\"https:\/\/www.dehydraw.tech\/produkt\/figblack-garlic-dip-fermentedrehydrated-fruit-base-170g\/#breadcrumb\",\"itemListElement\":[{\"@type\":\"ListItem\",\"position\":1,\"name\":\"Dom\u016f\",\"item\":\"https:\/\/www.dehydraw.tech\/\"},{\"@type\":\"ListItem\",\"position\":2,\"name\":\"E-shop\",\"item\":\"https:\/\/www.dehydraw.tech\/e-shop\/\"},{\"@type\":\"ListItem\",\"position\":3,\"name\":\"FIG&#038;BLACK GARLIC DIP fermented&#038;rehydrated fruit base 170g\"}]},{\"@type\":\"WebSite\",\"@id\":\"https:\/\/www.dehydraw.tech\/#website\",\"url\":\"https:\/\/www.dehydraw.tech\/\",\"name\":\"dehydraw.tech\",\"description\":\"Dehydraw Tech\",\"publisher\":{\"@id\":\"https:\/\/www.dehydraw.tech\/#organization\"},\"potentialAction\":[{\"@type\":\"SearchAction\",\"target\":{\"@type\":\"EntryPoint\",\"urlTemplate\":\"https:\/\/www.dehydraw.tech\/?s={search_term_string}\"},\"query-input\":{\"@type\":\"PropertyValueSpecification\",\"valueRequired\":true,\"valueName\":\"search_term_string\"}}],\"inLanguage\":\"en-GB\"},{\"@type\":\"Organization\",\"@id\":\"https:\/\/www.dehydraw.tech\/#organization\",\"name\":\"dehydraw.tech\",\"url\":\"https:\/\/www.dehydraw.tech\/\",\"logo\":{\"@type\":\"ImageObject\",\"inLanguage\":\"en-GB\",\"@id\":\"https:\/\/www.dehydraw.tech\/#\/schema\/logo\/image\/\",\"url\":\"https:\/\/www.dehydraw.tech\/wp-content\/uploads\/2023\/01\/dehydraw-logo.png\",\"contentUrl\":\"https:\/\/www.dehydraw.tech\/wp-content\/uploads\/2023\/01\/dehydraw-logo.png\",\"width\":700,\"height\":90,\"caption\":\"dehydraw.tech\"},\"image\":{\"@id\":\"https:\/\/www.dehydraw.tech\/#\/schema\/logo\/image\/\"}}]}<\/script>\n<!-- \/ Yoast SEO plugin. -->","yoast_head_json":{"title":"FIG&BLACK GARLIC DIP fermented&rehydrated fruit base 170g - dehydraw.tech","robots":{"index":"index","follow":"follow","max-snippet":"max-snippet:-1","max-image-preview":"max-image-preview:large","max-video-preview":"max-video-preview:-1"},"canonical":"https:\/\/www.dehydraw.tech\/en\/product\/figblack-garlic-dip-fermentedrehydrated-fruit-base-170g\/","og_locale":"en_GB","og_type":"article","og_title":"FIG&BLACK GARLIC DIP fermented&rehydrated fruit base 170g - dehydraw.tech","og_description":"Revoluce chut\u00ed! \u010cesnek se pou\u017e\u00edv\u00e1 do j\u00eddel jako v\u00fdrazn\u00e1 p\u0159\u00edsada, kter\u00e1 m\u00e1 nezam\u011bnitelnou chu\u0165 i\u00a0v\u016fni. Ostrou chu\u0165 ale procesem fermentac\u00ed \u010desnek zcela ztrat\u00ed. Je nasl\u00e1dl\u00fd, m\u00edrn\u011b o\u0159\u00ed\u0161kov\u00fd a i\u00a0jeho v\u016fn\u011b ztrat\u00ed svou \u0161tiplavost. Delik\u00e1tn\u00ed chu\u0165 dipu , kter\u00e1 jist\u011b vynikne na va\u0161em toastu. Fermentovan\u00e9 &amp; rehydratovan\u00e9 produkty Dehydraw.Tech podporuj\u00ed celkovou pohodu a zaji\u0161\u0165uj\u00ed p\u0159\u00edjemn\u00fd a...","og_url":"https:\/\/www.dehydraw.tech\/en\/product\/figblack-garlic-dip-fermentedrehydrated-fruit-base-170g\/","og_site_name":"dehydraw.tech","article_modified_time":"2026-03-07T07:27:13+00:00","og_image":[{"width":1024,"height":683,"url":"http:\/\/www.dehydraw.tech\/wp-content\/uploads\/2025\/10\/IMG_3029-1024x683.png","type":"image\/png"}],"twitter_card":"summary_large_image","twitter_misc":{"Estimated reading time":"2 minutes"},"schema":{"@context":"https:\/\/schema.org","@graph":[{"@type":"WebPage","@id":"https:\/\/www.dehydraw.tech\/produkt\/figblack-garlic-dip-fermentedrehydrated-fruit-base-170g\/","url":"https:\/\/www.dehydraw.tech\/produkt\/figblack-garlic-dip-fermentedrehydrated-fruit-base-170g\/","name":"FIG&BLACK GARLIC DIP fermented&rehydrated fruit base 170g - dehydraw.tech","isPartOf":{"@id":"https:\/\/www.dehydraw.tech\/#website"},"primaryImageOfPage":{"@id":"https:\/\/www.dehydraw.tech\/produkt\/figblack-garlic-dip-fermentedrehydrated-fruit-base-170g\/#primaryimage"},"image":{"@id":"https:\/\/www.dehydraw.tech\/produkt\/figblack-garlic-dip-fermentedrehydrated-fruit-base-170g\/#primaryimage"},"thumbnailUrl":"https:\/\/www.dehydraw.tech\/wp-content\/uploads\/2025\/10\/IMG_3029.png","datePublished":"2025-10-09T05:17:09+00:00","dateModified":"2026-03-07T07:27:13+00:00","breadcrumb":{"@id":"https:\/\/www.dehydraw.tech\/produkt\/figblack-garlic-dip-fermentedrehydrated-fruit-base-170g\/#breadcrumb"},"inLanguage":"en-GB","potentialAction":[{"@type":"ReadAction","target":["https:\/\/www.dehydraw.tech\/produkt\/figblack-garlic-dip-fermentedrehydrated-fruit-base-170g\/"]}]},{"@type":"ImageObject","inLanguage":"en-GB","@id":"https:\/\/www.dehydraw.tech\/produkt\/figblack-garlic-dip-fermentedrehydrated-fruit-base-170g\/#primaryimage","url":"https:\/\/www.dehydraw.tech\/wp-content\/uploads\/2025\/10\/IMG_3029.png","contentUrl":"https:\/\/www.dehydraw.tech\/wp-content\/uploads\/2025\/10\/IMG_3029.png","width":1536,"height":1024},{"@type":"BreadcrumbList","@id":"https:\/\/www.dehydraw.tech\/produkt\/figblack-garlic-dip-fermentedrehydrated-fruit-base-170g\/#breadcrumb","itemListElement":[{"@type":"ListItem","position":1,"name":"Dom\u016f","item":"https:\/\/www.dehydraw.tech\/"},{"@type":"ListItem","position":2,"name":"E-shop","item":"https:\/\/www.dehydraw.tech\/e-shop\/"},{"@type":"ListItem","position":3,"name":"FIG&#038;BLACK GARLIC DIP fermented&#038;rehydrated fruit base 170g"}]},{"@type":"WebSite","@id":"https:\/\/www.dehydraw.tech\/#website","url":"https:\/\/www.dehydraw.tech\/","name":"dehydraw.tech","description":"Dehydraw Tech","publisher":{"@id":"https:\/\/www.dehydraw.tech\/#organization"},"potentialAction":[{"@type":"SearchAction","target":{"@type":"EntryPoint","urlTemplate":"https:\/\/www.dehydraw.tech\/?s={search_term_string}"},"query-input":{"@type":"PropertyValueSpecification","valueRequired":true,"valueName":"search_term_string"}}],"inLanguage":"en-GB"},{"@type":"Organization","@id":"https:\/\/www.dehydraw.tech\/#organization","name":"dehydraw.tech","url":"https:\/\/www.dehydraw.tech\/","logo":{"@type":"ImageObject","inLanguage":"en-GB","@id":"https:\/\/www.dehydraw.tech\/#\/schema\/logo\/image\/","url":"https:\/\/www.dehydraw.tech\/wp-content\/uploads\/2023\/01\/dehydraw-logo.png","contentUrl":"https:\/\/www.dehydraw.tech\/wp-content\/uploads\/2023\/01\/dehydraw-logo.png","width":700,"height":90,"caption":"dehydraw.tech"},"image":{"@id":"https:\/\/www.dehydraw.tech\/#\/schema\/logo\/image\/"}}]}},"_links":{"self":[{"href":"https:\/\/www.dehydraw.tech\/en\/wp-json\/wp\/v2\/product\/3837","targetHints":{"allow":["GET"]}}],"collection":[{"href":"https:\/\/www.dehydraw.tech\/en\/wp-json\/wp\/v2\/product"}],"about":[{"href":"https:\/\/www.dehydraw.tech\/en\/wp-json\/wp\/v2\/types\/product"}],"replies":[{"embeddable":true,"href":"https:\/\/www.dehydraw.tech\/en\/wp-json\/wp\/v2\/comments?post=3837"}],"wp:featuredmedia":[{"embeddable":true,"href":"https:\/\/www.dehydraw.tech\/en\/wp-json\/wp\/v2\/media\/3924"}],"wp:attachment":[{"href":"https:\/\/www.dehydraw.tech\/en\/wp-json\/wp\/v2\/media?parent=3837"}],"wp:term":[{"taxonomy":"product_cat","embeddable":true,"href":"https:\/\/www.dehydraw.tech\/en\/wp-json\/wp\/v2\/product_cat?post=3837"},{"taxonomy":"product_tag","embeddable":true,"href":"https:\/\/www.dehydraw.tech\/en\/wp-json\/wp\/v2\/product_tag?post=3837"}],"curies":[{"name":"wp","href":"https:\/\/api.w.org\/{rel}","templated":true}]}}