{"id":3544,"date":"2023-11-28T10:07:42","date_gmt":"2023-11-28T10:07:42","guid":{"rendered":"https:\/\/www.dehydraw.tech\/?post_type=product&#038;p=3544"},"modified":"2026-03-06T19:40:08","modified_gmt":"2026-03-06T19:40:08","slug":"morning-of-champions-kulicky-s-matou-a-merunkou-na-kontrolu-hmotnosti","status":"publish","type":"product","link":"https:\/\/www.dehydraw.tech\/en\/product\/morning-of-champions-kulicky-s-matou-a-merunkou-na-kontrolu-hmotnosti\/","title":{"rendered":"MORNING OF CHAMPIONS meru\u0148kov\u00e9 kuli\u010dky s m\u00e1tou na kontrolu hmotnosti 40g"},"content":{"rendered":"<p>Energy Balls are small yummy raw confectionery desserts to satisfy your sweet-tooth. They are made with pure dried fruits, nuts and seeds and without any added refined sugar. Keep a pack in your desk drawer to enjoy alongside your morning coffee.<\/p>\n<p><strong>Slo\u017een\u00ed:<\/strong> datle*, jablko*, meru\u0148ka 11%<em data-start=\"152\" data-end=\"169\">, <strong>l\u00edskov\u00fd o\u0159ech<\/strong><\/em><strong>,<\/strong> slune\u010dnicov\u00e1 sem\u00ednka*, mandle*, m\u00e1ta 1%*. <em>*- produkt ekologick\u00e9ho zem\u011bd\u011blstv\u00ed\u00a0<\/em><\/p>\n<p data-start=\"433\" data-end=\"468\"><strong data-start=\"433\" data-end=\"468\">Nutri\u010dn\u00ed hodnoty (na 100 g):<\/strong><\/p>\n<div class=\"_tableContainer_1rjym_1\">\n<div class=\"group _tableWrapper_1rjym_13 flex w-fit flex-col-reverse\" tabindex=\"-1\">\n<table class=\"w-fit min-w-(--thread-content-width)\" data-start=\"470\" data-end=\"994\">\n<thead data-start=\"470\" data-end=\"520\">\n<tr data-start=\"470\" data-end=\"520\">\n<th style=\"text-align: left;\" data-start=\"470\" data-end=\"498\" data-col-size=\"sm\">Nutri\u010dn\u00ed hodnoty<\/th>\n<th style=\"text-align: left;\" data-start=\"498\" data-end=\"520\" data-col-size=\"sm\">Na 100g<\/th>\n<\/tr>\n<\/thead>\n<tbody data-start=\"573\" data-end=\"994\">\n<tr data-start=\"573\" data-end=\"624\">\n<td data-start=\"573\" data-end=\"602\" data-col-size=\"sm\">Energie<\/td>\n<td data-col-size=\"sm\" data-start=\"602\" data-end=\"624\">661 kJ \/ 158 kcal<\/td>\n<\/tr>\n<tr data-start=\"625\" data-end=\"676\">\n<td data-start=\"625\" data-end=\"654\" data-col-size=\"sm\">B\u00edlkoviny<\/td>\n<td data-col-size=\"sm\" data-start=\"654\" data-end=\"676\">3,2 g<\/td>\n<\/tr>\n<tr data-start=\"677\" data-end=\"728\">\n<td data-start=\"677\" data-end=\"706\" data-col-size=\"sm\">Tuky<\/td>\n<td data-col-size=\"sm\" data-start=\"706\" data-end=\"728\">5,2 g<\/td>\n<\/tr>\n<tr data-start=\"729\" data-end=\"786\">\n<td data-start=\"729\" data-end=\"765\" data-col-size=\"sm\"><em>z toho nasycen\u00e9 mastn\u00e9 kyseliny<\/em><\/td>\n<td data-col-size=\"sm\" data-start=\"765\" data-end=\"786\">&#8211;<\/td>\n<\/tr>\n<tr data-start=\"787\" data-end=\"838\">\n<td data-start=\"787\" data-end=\"816\" data-col-size=\"sm\">Sacharidy<\/td>\n<td data-col-size=\"sm\" data-start=\"816\" data-end=\"838\">23 g<\/td>\n<\/tr>\n<tr data-start=\"839\" data-end=\"890\">\n<td data-start=\"839\" data-end=\"868\" data-col-size=\"sm\"><em>z toho cukry\u00a0<\/em><\/td>\n<td data-col-size=\"sm\" data-start=\"868\" data-end=\"890\">10 g<\/td>\n<\/tr>\n<tr data-start=\"891\" data-end=\"942\">\n<td data-start=\"891\" data-end=\"920\" data-col-size=\"sm\">Vl\u00e1knina<\/td>\n<td data-col-size=\"sm\" data-start=\"920\" data-end=\"942\">3,2 g<\/td>\n<\/tr>\n<tr data-start=\"943\" data-end=\"994\">\n<td data-start=\"943\" data-end=\"972\" data-col-size=\"sm\">S\u016fl<\/td>\n<td data-col-size=\"sm\" data-start=\"972\" data-end=\"994\">0,02 g<\/td>\n<\/tr>\n<\/tbody>\n<\/table>\n<p><em>Uveden\u00e9 nutri\u010dn\u00ed hodnoty jsou pr\u016fm\u011brn\u00e9 a mohou se li\u0161it v z\u00e1vislosti na zralosti, sez\u00f3n\u011b a podm\u00ednk\u00e1ch skladov\u00e1n\u00ed.<\/em><\/p>\n<p><strong data-start=\"1509\" data-end=\"1548\">\u2714\ufe0fRAW GUARANTEE \u2714\ufe0fECO FRIENDLY \u2714\ufe0fSTOP FOOD WASTE \u2714\ufe0fGLUTEN-FREE<\/strong><strong data-start=\"1551\" data-end=\"1600\">\u00a0\u2714\ufe0fINNOVATOR \u2714\ufe0fGUARANTEE OF ORIGIN<\/strong><\/p>\n<\/div>\n<\/div>","protected":false},"excerpt":{"rendered":"<p>Sladk\u00e9 dezert\u00edky ve tvaru kuli\u010dek jsou vhodn\u00e9 jako alternativa k pr\u016fmyslov\u011b vyr\u00e1b\u011bn\u00e9mu cukrov\u00ed. Neobsahuj\u00ed \u017e\u00e1dn\u00fd rafinovan\u00fd cukr, lepek, ztu\u017een\u00e9 tuky ani konzervanty 40g. Slo\u017een\u00ed: datle*, jablko*, meru\u0148ka 11%, l\u00edskov\u00fd o\u0159ech, slune\u010dnicov\u00e1 sem\u00ednka*, mandle*, m\u00e1ta 1%*. *- produkt ekologick\u00e9ho zem\u011bd\u011blstv\u00ed\u00a0 Nutri\u010dn\u00ed hodnoty (na 100 g): Nutri\u010dn\u00ed hodnoty Na 100g Energie 661 kJ \/ 158 kcal B\u00edlkoviny&#8230;<\/p>","protected":false},"featured_media":3910,"comment_status":"open","ping_status":"closed","template":"","meta":{"_kadence_starter_templates_imported_post":false,"_kad_post_transparent":"default","_kad_post_title":"","_kad_post_layout":"default","_kad_post_sidebar_id":"","_kad_post_content_style":"default","_kad_post_vertical_padding":"default","_kad_post_feature":"","_kad_post_feature_position":"","_kad_post_header":false,"_kad_post_footer":false},"product_cat":[51],"product_tag":[],"class_list":{"0":"post-3544","1":"product","2":"type-product","3":"status-publish","4":"has-post-thumbnail","6":"product_cat-sport-edice","8":"first","9":"instock","10":"taxable","11":"shipping-taxable","12":"purchasable","13":"product-type-simple","14":"entry","15":"content-bg","16":"loop-entry"},"yoast_head":"<!-- This site is optimized with the Yoast SEO plugin v24.0 - https:\/\/yoast.com\/wordpress\/plugins\/seo\/ -->\n<title>MORNING OF CHAMPIONS meru\u0148kov\u00e9 kuli\u010dky s m\u00e1tou na kontrolu hmotnosti 40g - dehydraw.tech<\/title>\n<meta name=\"description\" content=\"MORNING OF CHAMPIONS sladk\u00e9 dezert\u00edky ve tvaru kuli\u010dek jsou vhodn\u00e9 jako alternativa k pr\u016fmyslov\u011b vyr\u00e1b\u011bn\u00e9mu cukrov\u00ed. Neobsahuj\u00ed \u017e\u00e1dn\u00fd rafinovan\u00fd cukr...\" \/>\n<meta name=\"robots\" content=\"index, follow, max-snippet:-1, max-image-preview:large, max-video-preview:-1\" \/>\n<link rel=\"canonical\" href=\"https:\/\/www.dehydraw.tech\/en\/product\/morning-of-champions-kulicky-s-matou-a-merunkou-na-kontrolu-hmotnosti\/\" \/>\n<meta property=\"og:locale\" content=\"en_GB\" \/>\n<meta property=\"og:type\" content=\"article\" \/>\n<meta property=\"og:title\" content=\"MORNING OF CHAMPIONS meru\u0148kov\u00e9 kuli\u010dky s m\u00e1tou na kontrolu hmotnosti 40g - dehydraw.tech\" \/>\n<meta property=\"og:description\" content=\"MORNING OF CHAMPIONS sladk\u00e9 dezert\u00edky ve tvaru kuli\u010dek jsou vhodn\u00e9 jako alternativa k pr\u016fmyslov\u011b vyr\u00e1b\u011bn\u00e9mu cukrov\u00ed. Neobsahuj\u00ed \u017e\u00e1dn\u00fd rafinovan\u00fd cukr...\" \/>\n<meta property=\"og:url\" content=\"https:\/\/www.dehydraw.tech\/en\/product\/morning-of-champions-kulicky-s-matou-a-merunkou-na-kontrolu-hmotnosti\/\" \/>\n<meta property=\"og:site_name\" content=\"dehydraw.tech\" \/>\n<meta property=\"article:modified_time\" content=\"2026-03-06T19:40:08+00:00\" \/>\n<meta property=\"og:image\" content=\"http:\/\/www.dehydraw.tech\/wp-content\/uploads\/2023\/11\/IMG_3015-1024x683.png\" \/>\n\t<meta property=\"og:image:width\" content=\"1024\" \/>\n\t<meta property=\"og:image:height\" content=\"683\" \/>\n\t<meta property=\"og:image:type\" content=\"image\/png\" \/>\n<meta name=\"twitter:card\" content=\"summary_large_image\" \/>\n<meta name=\"twitter:label1\" content=\"Estimated reading time\" \/>\n\t<meta name=\"twitter:data1\" content=\"1 minute\" \/>\n<script type=\"application\/ld+json\" class=\"yoast-schema-graph\">{\"@context\":\"https:\/\/schema.org\",\"@graph\":[{\"@type\":\"WebPage\",\"@id\":\"https:\/\/www.dehydraw.tech\/produkt\/morning-of-champions-kulicky-s-matou-a-merunkou-na-kontrolu-hmotnosti\/\",\"url\":\"https:\/\/www.dehydraw.tech\/produkt\/morning-of-champions-kulicky-s-matou-a-merunkou-na-kontrolu-hmotnosti\/\",\"name\":\"MORNING OF CHAMPIONS meru\u0148kov\u00e9 kuli\u010dky s m\u00e1tou na kontrolu hmotnosti 40g - dehydraw.tech\",\"isPartOf\":{\"@id\":\"https:\/\/www.dehydraw.tech\/#website\"},\"primaryImageOfPage\":{\"@id\":\"https:\/\/www.dehydraw.tech\/produkt\/morning-of-champions-kulicky-s-matou-a-merunkou-na-kontrolu-hmotnosti\/#primaryimage\"},\"image\":{\"@id\":\"https:\/\/www.dehydraw.tech\/produkt\/morning-of-champions-kulicky-s-matou-a-merunkou-na-kontrolu-hmotnosti\/#primaryimage\"},\"thumbnailUrl\":\"https:\/\/www.dehydraw.tech\/wp-content\/uploads\/2023\/11\/IMG_3015.png\",\"datePublished\":\"2023-11-28T10:07:42+00:00\",\"dateModified\":\"2026-03-06T19:40:08+00:00\",\"description\":\"MORNING OF CHAMPIONS sladk\u00e9 dezert\u00edky ve tvaru kuli\u010dek jsou vhodn\u00e9 jako alternativa k pr\u016fmyslov\u011b vyr\u00e1b\u011bn\u00e9mu cukrov\u00ed. Neobsahuj\u00ed \u017e\u00e1dn\u00fd rafinovan\u00fd cukr...\",\"breadcrumb\":{\"@id\":\"https:\/\/www.dehydraw.tech\/produkt\/morning-of-champions-kulicky-s-matou-a-merunkou-na-kontrolu-hmotnosti\/#breadcrumb\"},\"inLanguage\":\"en-GB\",\"potentialAction\":[{\"@type\":\"ReadAction\",\"target\":[\"https:\/\/www.dehydraw.tech\/produkt\/morning-of-champions-kulicky-s-matou-a-merunkou-na-kontrolu-hmotnosti\/\"]}]},{\"@type\":\"ImageObject\",\"inLanguage\":\"en-GB\",\"@id\":\"https:\/\/www.dehydraw.tech\/produkt\/morning-of-champions-kulicky-s-matou-a-merunkou-na-kontrolu-hmotnosti\/#primaryimage\",\"url\":\"https:\/\/www.dehydraw.tech\/wp-content\/uploads\/2023\/11\/IMG_3015.png\",\"contentUrl\":\"https:\/\/www.dehydraw.tech\/wp-content\/uploads\/2023\/11\/IMG_3015.png\",\"width\":1536,\"height\":1024},{\"@type\":\"BreadcrumbList\",\"@id\":\"https:\/\/www.dehydraw.tech\/produkt\/morning-of-champions-kulicky-s-matou-a-merunkou-na-kontrolu-hmotnosti\/#breadcrumb\",\"itemListElement\":[{\"@type\":\"ListItem\",\"position\":1,\"name\":\"Dom\u016f\",\"item\":\"https:\/\/www.dehydraw.tech\/\"},{\"@type\":\"ListItem\",\"position\":2,\"name\":\"E-shop\",\"item\":\"https:\/\/www.dehydraw.tech\/e-shop\/\"},{\"@type\":\"ListItem\",\"position\":3,\"name\":\"MORNING OF CHAMPIONS meru\u0148kov\u00e9 kuli\u010dky s m\u00e1tou na kontrolu hmotnosti 40g\"}]},{\"@type\":\"WebSite\",\"@id\":\"https:\/\/www.dehydraw.tech\/#website\",\"url\":\"https:\/\/www.dehydraw.tech\/\",\"name\":\"dehydraw.tech\",\"description\":\"Dehydraw Tech\",\"publisher\":{\"@id\":\"https:\/\/www.dehydraw.tech\/#organization\"},\"potentialAction\":[{\"@type\":\"SearchAction\",\"target\":{\"@type\":\"EntryPoint\",\"urlTemplate\":\"https:\/\/www.dehydraw.tech\/?s={search_term_string}\"},\"query-input\":{\"@type\":\"PropertyValueSpecification\",\"valueRequired\":true,\"valueName\":\"search_term_string\"}}],\"inLanguage\":\"en-GB\"},{\"@type\":\"Organization\",\"@id\":\"https:\/\/www.dehydraw.tech\/#organization\",\"name\":\"dehydraw.tech\",\"url\":\"https:\/\/www.dehydraw.tech\/\",\"logo\":{\"@type\":\"ImageObject\",\"inLanguage\":\"en-GB\",\"@id\":\"https:\/\/www.dehydraw.tech\/#\/schema\/logo\/image\/\",\"url\":\"https:\/\/www.dehydraw.tech\/wp-content\/uploads\/2023\/01\/dehydraw-logo.png\",\"contentUrl\":\"https:\/\/www.dehydraw.tech\/wp-content\/uploads\/2023\/01\/dehydraw-logo.png\",\"width\":700,\"height\":90,\"caption\":\"dehydraw.tech\"},\"image\":{\"@id\":\"https:\/\/www.dehydraw.tech\/#\/schema\/logo\/image\/\"}}]}<\/script>\n<!-- \/ Yoast SEO plugin. -->","yoast_head_json":{"title":"MORNING OF CHAMPIONS meru\u0148kov\u00e9 kuli\u010dky s m\u00e1tou na kontrolu hmotnosti 40g - dehydraw.tech","description":"MORNING OF CHAMPIONS sladk\u00e9 dezert\u00edky ve tvaru kuli\u010dek jsou vhodn\u00e9 jako alternativa k pr\u016fmyslov\u011b vyr\u00e1b\u011bn\u00e9mu cukrov\u00ed. Neobsahuj\u00ed \u017e\u00e1dn\u00fd rafinovan\u00fd cukr...","robots":{"index":"index","follow":"follow","max-snippet":"max-snippet:-1","max-image-preview":"max-image-preview:large","max-video-preview":"max-video-preview:-1"},"canonical":"https:\/\/www.dehydraw.tech\/en\/product\/morning-of-champions-kulicky-s-matou-a-merunkou-na-kontrolu-hmotnosti\/","og_locale":"en_GB","og_type":"article","og_title":"MORNING OF CHAMPIONS meru\u0148kov\u00e9 kuli\u010dky s m\u00e1tou na kontrolu hmotnosti 40g - dehydraw.tech","og_description":"MORNING OF CHAMPIONS sladk\u00e9 dezert\u00edky ve tvaru kuli\u010dek jsou vhodn\u00e9 jako alternativa k pr\u016fmyslov\u011b vyr\u00e1b\u011bn\u00e9mu cukrov\u00ed. Neobsahuj\u00ed \u017e\u00e1dn\u00fd rafinovan\u00fd cukr...","og_url":"https:\/\/www.dehydraw.tech\/en\/product\/morning-of-champions-kulicky-s-matou-a-merunkou-na-kontrolu-hmotnosti\/","og_site_name":"dehydraw.tech","article_modified_time":"2026-03-06T19:40:08+00:00","og_image":[{"width":1024,"height":683,"url":"http:\/\/www.dehydraw.tech\/wp-content\/uploads\/2023\/11\/IMG_3015-1024x683.png","type":"image\/png"}],"twitter_card":"summary_large_image","twitter_misc":{"Estimated reading time":"1 minute"},"schema":{"@context":"https:\/\/schema.org","@graph":[{"@type":"WebPage","@id":"https:\/\/www.dehydraw.tech\/produkt\/morning-of-champions-kulicky-s-matou-a-merunkou-na-kontrolu-hmotnosti\/","url":"https:\/\/www.dehydraw.tech\/produkt\/morning-of-champions-kulicky-s-matou-a-merunkou-na-kontrolu-hmotnosti\/","name":"MORNING OF CHAMPIONS meru\u0148kov\u00e9 kuli\u010dky s m\u00e1tou na kontrolu hmotnosti 40g - dehydraw.tech","isPartOf":{"@id":"https:\/\/www.dehydraw.tech\/#website"},"primaryImageOfPage":{"@id":"https:\/\/www.dehydraw.tech\/produkt\/morning-of-champions-kulicky-s-matou-a-merunkou-na-kontrolu-hmotnosti\/#primaryimage"},"image":{"@id":"https:\/\/www.dehydraw.tech\/produkt\/morning-of-champions-kulicky-s-matou-a-merunkou-na-kontrolu-hmotnosti\/#primaryimage"},"thumbnailUrl":"https:\/\/www.dehydraw.tech\/wp-content\/uploads\/2023\/11\/IMG_3015.png","datePublished":"2023-11-28T10:07:42+00:00","dateModified":"2026-03-06T19:40:08+00:00","description":"MORNING OF CHAMPIONS sladk\u00e9 dezert\u00edky ve tvaru kuli\u010dek jsou vhodn\u00e9 jako alternativa k pr\u016fmyslov\u011b vyr\u00e1b\u011bn\u00e9mu cukrov\u00ed. Neobsahuj\u00ed \u017e\u00e1dn\u00fd rafinovan\u00fd cukr...","breadcrumb":{"@id":"https:\/\/www.dehydraw.tech\/produkt\/morning-of-champions-kulicky-s-matou-a-merunkou-na-kontrolu-hmotnosti\/#breadcrumb"},"inLanguage":"en-GB","potentialAction":[{"@type":"ReadAction","target":["https:\/\/www.dehydraw.tech\/produkt\/morning-of-champions-kulicky-s-matou-a-merunkou-na-kontrolu-hmotnosti\/"]}]},{"@type":"ImageObject","inLanguage":"en-GB","@id":"https:\/\/www.dehydraw.tech\/produkt\/morning-of-champions-kulicky-s-matou-a-merunkou-na-kontrolu-hmotnosti\/#primaryimage","url":"https:\/\/www.dehydraw.tech\/wp-content\/uploads\/2023\/11\/IMG_3015.png","contentUrl":"https:\/\/www.dehydraw.tech\/wp-content\/uploads\/2023\/11\/IMG_3015.png","width":1536,"height":1024},{"@type":"BreadcrumbList","@id":"https:\/\/www.dehydraw.tech\/produkt\/morning-of-champions-kulicky-s-matou-a-merunkou-na-kontrolu-hmotnosti\/#breadcrumb","itemListElement":[{"@type":"ListItem","position":1,"name":"Dom\u016f","item":"https:\/\/www.dehydraw.tech\/"},{"@type":"ListItem","position":2,"name":"E-shop","item":"https:\/\/www.dehydraw.tech\/e-shop\/"},{"@type":"ListItem","position":3,"name":"MORNING OF CHAMPIONS meru\u0148kov\u00e9 kuli\u010dky s m\u00e1tou na kontrolu hmotnosti 40g"}]},{"@type":"WebSite","@id":"https:\/\/www.dehydraw.tech\/#website","url":"https:\/\/www.dehydraw.tech\/","name":"dehydraw.tech","description":"Dehydraw Tech","publisher":{"@id":"https:\/\/www.dehydraw.tech\/#organization"},"potentialAction":[{"@type":"SearchAction","target":{"@type":"EntryPoint","urlTemplate":"https:\/\/www.dehydraw.tech\/?s={search_term_string}"},"query-input":{"@type":"PropertyValueSpecification","valueRequired":true,"valueName":"search_term_string"}}],"inLanguage":"en-GB"},{"@type":"Organization","@id":"https:\/\/www.dehydraw.tech\/#organization","name":"dehydraw.tech","url":"https:\/\/www.dehydraw.tech\/","logo":{"@type":"ImageObject","inLanguage":"en-GB","@id":"https:\/\/www.dehydraw.tech\/#\/schema\/logo\/image\/","url":"https:\/\/www.dehydraw.tech\/wp-content\/uploads\/2023\/01\/dehydraw-logo.png","contentUrl":"https:\/\/www.dehydraw.tech\/wp-content\/uploads\/2023\/01\/dehydraw-logo.png","width":700,"height":90,"caption":"dehydraw.tech"},"image":{"@id":"https:\/\/www.dehydraw.tech\/#\/schema\/logo\/image\/"}}]}},"_links":{"self":[{"href":"https:\/\/www.dehydraw.tech\/en\/wp-json\/wp\/v2\/product\/3544","targetHints":{"allow":["GET"]}}],"collection":[{"href":"https:\/\/www.dehydraw.tech\/en\/wp-json\/wp\/v2\/product"}],"about":[{"href":"https:\/\/www.dehydraw.tech\/en\/wp-json\/wp\/v2\/types\/product"}],"replies":[{"embeddable":true,"href":"https:\/\/www.dehydraw.tech\/en\/wp-json\/wp\/v2\/comments?post=3544"}],"wp:featuredmedia":[{"embeddable":true,"href":"https:\/\/www.dehydraw.tech\/en\/wp-json\/wp\/v2\/media\/3910"}],"wp:attachment":[{"href":"https:\/\/www.dehydraw.tech\/en\/wp-json\/wp\/v2\/media?parent=3544"}],"wp:term":[{"taxonomy":"product_cat","embeddable":true,"href":"https:\/\/www.dehydraw.tech\/en\/wp-json\/wp\/v2\/product_cat?post=3544"},{"taxonomy":"product_tag","embeddable":true,"href":"https:\/\/www.dehydraw.tech\/en\/wp-json\/wp\/v2\/product_tag?post=3544"}],"curies":[{"name":"wp","href":"https:\/\/api.w.org\/{rel}","templated":true}]}}