{"id":3539,"date":"2023-11-28T09:36:17","date_gmt":"2023-11-28T09:36:17","guid":{"rendered":"https:\/\/www.dehydraw.tech\/?post_type=product&#038;p=3539"},"modified":"2026-03-07T06:52:57","modified_gmt":"2026-03-07T06:52:57","slug":"unlimited-possibilities-imunitni-kulicky-s-brusinkou-a-rakytnikem","status":"publish","type":"product","link":"https:\/\/www.dehydraw.tech\/en\/product\/unlimited-possibilities-imunitni-kulicky-s-brusinkou-a-rakytnikem\/","title":{"rendered":"UNLIMITED POSSIBILITIES imunitn\u00ed kuli\u010dky s brusinkou a rakytn\u00edkem 40g"},"content":{"rendered":"<p>Sladk\u00e9 dezert\u00edky ve tvaru kuli\u010dek jsou vhodn\u00e9 jako alternativa k pr\u016fmyslov\u011b vyr\u00e1b\u011bn\u00e9mu cukrov\u00ed. Neobsahuj\u00ed \u017e\u00e1dn\u00fd rafinovan\u00fd cukr, lepek, ztu\u017een\u00e9 tuky ani konzervanty.<\/p>\n<p data-start=\"137\" data-end=\"345\"><strong>Slo\u017een\u00ed:<\/strong> datle*, d\u00fd\u0148ov\u00e1 sem\u00ednka*, brusinky* (22 %), slune\u010dnicov\u00e1 sem\u00ednka*, <em><strong data-start=\"203\" data-end=\"213\">mandle<\/strong>*<\/em>, rakytn\u00edk* (12 %), chia sem\u00ednka*, h\u0159eb\u00ed\u010dek*, kardamom*. <em>* = produkt ekologick\u00e9ho zem\u011bd\u011blstv\u00ed.<\/em><\/p>\n<div class=\"_tableContainer_1rjym_1\">\n<div class=\"group _tableWrapper_1rjym_13 flex w-fit flex-col-reverse\" tabindex=\"-1\">\n<table class=\"w-fit min-w-(--thread-content-width)\" data-start=\"539\" data-end=\"761\">\n<thead data-start=\"539\" data-end=\"570\">\n<tr data-start=\"539\" data-end=\"570\">\n<th style=\"text-align: left;\" data-start=\"539\" data-end=\"558\" data-col-size=\"sm\">V\u00fd\u017eivov\u00e9 hodnoty<\/th>\n<th style=\"text-align: left;\" data-start=\"558\" data-end=\"570\" data-col-size=\"sm\">Na 100g<\/th>\n<\/tr>\n<\/thead>\n<tbody data-start=\"604\" data-end=\"761\">\n<tr data-start=\"604\" data-end=\"635\">\n<td data-start=\"604\" data-end=\"614\" data-col-size=\"sm\">Energie<\/td>\n<td data-start=\"614\" data-end=\"635\" data-col-size=\"sm\">728 kJ \/ 174 kcal<\/td>\n<\/tr>\n<tr data-start=\"636\" data-end=\"657\">\n<td data-start=\"636\" data-end=\"648\" data-col-size=\"sm\">B\u00edlkoviny<\/td>\n<td data-start=\"648\" data-end=\"657\" data-col-size=\"sm\">6,2 g<\/td>\n<\/tr>\n<tr data-start=\"658\" data-end=\"674\">\n<td data-start=\"658\" data-end=\"665\" data-col-size=\"sm\">Tuky<\/td>\n<td data-start=\"665\" data-end=\"674\" data-col-size=\"sm\">6,3 g<\/td>\n<\/tr>\n<tr data-start=\"675\" data-end=\"691\">\n<td data-start=\"675\" data-end=\"681\" data-col-size=\"sm\">S\u016fl<\/td>\n<td data-start=\"681\" data-end=\"691\" data-col-size=\"sm\">0,06 g<\/td>\n<\/tr>\n<tr data-start=\"692\" data-end=\"715\">\n<td data-start=\"692\" data-end=\"704\" data-col-size=\"sm\">Sacharidy<\/td>\n<td data-start=\"704\" data-end=\"715\" data-col-size=\"sm\">25,07 g<\/td>\n<\/tr>\n<tr data-start=\"716\" data-end=\"740\">\n<td data-start=\"716\" data-end=\"733\" data-col-size=\"sm\"><em>z toho cukry<\/em><\/td>\n<td data-start=\"733\" data-end=\"740\" data-col-size=\"sm\"><em>8 g<\/em><\/td>\n<\/tr>\n<tr data-start=\"741\" data-end=\"761\">\n<td data-start=\"741\" data-end=\"752\" data-col-size=\"sm\">Vl\u00e1knina<\/td>\n<td data-start=\"752\" data-end=\"761\" data-col-size=\"sm\">1,7 g<\/td>\n<\/tr>\n<\/tbody>\n<\/table>\n<\/div>\n<\/div>\n<p><em>Uveden\u00e9 nutri\u010dn\u00ed hodnoty jsou pr\u016fm\u011brn\u00e9 a mohou se li\u0161it v z\u00e1vislosti na zralosti, sez\u00f3n\u011b a podm\u00ednk\u00e1ch skladov\u00e1n\u00ed.<\/em><\/p>\n<p><strong data-start=\"1509\" data-end=\"1548\">\u2714\ufe0fRAW GUARANTEE \u2714\ufe0fECO FRIENDLY \u2714\ufe0fSTOP FOOD WASTE \u2714\ufe0fGLUTEN-FREE<\/strong><strong data-start=\"1551\" data-end=\"1600\">\u00a0\u2714\ufe0fINNOVATOR \u2714\ufe0fGUARANTEE OF ORIGIN<\/strong><\/p>","protected":false},"excerpt":{"rendered":"<p>Sladk\u00e9 dezert\u00edky ve tvaru kuli\u010dek jsou vhodn\u00e9 jako alternativa k pr\u016fmyslov\u011b vyr\u00e1b\u011bn\u00e9mu cukrov\u00ed. Neobsahuj\u00ed \u017e\u00e1dn\u00fd rafinovan\u00fd cukr, lepek, ztu\u017een\u00e9 tuky ani konzervanty. Slo\u017een\u00ed: datle*, d\u00fd\u0148ov\u00e1 sem\u00ednka*, brusinky* (22 %), slune\u010dnicov\u00e1 sem\u00ednka*, mandle*, rakytn\u00edk* (12 %), chia sem\u00ednka*, h\u0159eb\u00ed\u010dek*, kardamom*. * = produkt ekologick\u00e9ho zem\u011bd\u011blstv\u00ed. V\u00fd\u017eivov\u00e9 hodnoty Na 100g Energie 728 kJ \/ 174 kcal B\u00edlkoviny&#8230;<\/p>","protected":false},"featured_media":3919,"comment_status":"open","ping_status":"closed","template":"","meta":{"_kadence_starter_templates_imported_post":false,"_kad_post_transparent":"default","_kad_post_title":"","_kad_post_layout":"default","_kad_post_sidebar_id":"","_kad_post_content_style":"default","_kad_post_vertical_padding":"default","_kad_post_feature":"","_kad_post_feature_position":"","_kad_post_header":false,"_kad_post_footer":false},"product_cat":[60],"product_tag":[],"class_list":{"0":"post-3539","1":"product","2":"type-product","3":"status-publish","4":"has-post-thumbnail","6":"product_cat-endurance-edice","8":"first","9":"instock","10":"taxable","11":"shipping-taxable","12":"purchasable","13":"product-type-simple","14":"entry","15":"content-bg","16":"loop-entry"},"yoast_head":"<!-- This site is optimized with the Yoast SEO plugin v24.0 - https:\/\/yoast.com\/wordpress\/plugins\/seo\/ -->\n<title>UNLIMITED POSSIBILITIES imunitn\u00ed kuli\u010dky s brusinkou a rakytn\u00edkem 40g - dehydraw.tech<\/title>\n<meta name=\"description\" content=\"Sladk\u00e9 dezert\u00edky ve tvaru kuli\u010dek jsou vhodn\u00e9 jako alternativa k pr\u016fmyslov\u011b vyr\u00e1b\u011bn\u00e9mu cukrov\u00ed. Neobsahuj\u00ed \u017e\u00e1dn\u00fd rafinovan\u00fd cukr...\" \/>\n<meta name=\"robots\" content=\"index, follow, max-snippet:-1, max-image-preview:large, max-video-preview:-1\" \/>\n<link rel=\"canonical\" href=\"https:\/\/www.dehydraw.tech\/en\/product\/unlimited-possibilities-imunitni-kulicky-s-brusinkou-a-rakytnikem\/\" \/>\n<meta property=\"og:locale\" content=\"en_GB\" \/>\n<meta property=\"og:type\" content=\"article\" \/>\n<meta property=\"og:title\" content=\"UNLIMITED POSSIBILITIES imunitn\u00ed kuli\u010dky s brusinkou a rakytn\u00edkem 40g - dehydraw.tech\" \/>\n<meta property=\"og:description\" content=\"Sladk\u00e9 dezert\u00edky ve tvaru kuli\u010dek jsou vhodn\u00e9 jako alternativa k pr\u016fmyslov\u011b vyr\u00e1b\u011bn\u00e9mu cukrov\u00ed. Neobsahuj\u00ed \u017e\u00e1dn\u00fd rafinovan\u00fd cukr...\" \/>\n<meta property=\"og:url\" content=\"https:\/\/www.dehydraw.tech\/en\/product\/unlimited-possibilities-imunitni-kulicky-s-brusinkou-a-rakytnikem\/\" \/>\n<meta property=\"og:site_name\" content=\"dehydraw.tech\" \/>\n<meta property=\"article:modified_time\" content=\"2026-03-07T06:52:57+00:00\" \/>\n<meta property=\"og:image\" content=\"http:\/\/www.dehydraw.tech\/wp-content\/uploads\/2023\/11\/IMG_3024-1024x683.png\" \/>\n\t<meta property=\"og:image:width\" content=\"1024\" \/>\n\t<meta property=\"og:image:height\" content=\"683\" \/>\n\t<meta property=\"og:image:type\" content=\"image\/png\" \/>\n<meta name=\"twitter:card\" content=\"summary_large_image\" \/>\n<meta name=\"twitter:label1\" content=\"Estimated reading time\" \/>\n\t<meta name=\"twitter:data1\" content=\"1 minute\" \/>\n<script type=\"application\/ld+json\" class=\"yoast-schema-graph\">{\"@context\":\"https:\/\/schema.org\",\"@graph\":[{\"@type\":\"WebPage\",\"@id\":\"https:\/\/www.dehydraw.tech\/produkt\/unlimited-possibilities-imunitni-kulicky-s-brusinkou-a-rakytnikem\/\",\"url\":\"https:\/\/www.dehydraw.tech\/produkt\/unlimited-possibilities-imunitni-kulicky-s-brusinkou-a-rakytnikem\/\",\"name\":\"UNLIMITED POSSIBILITIES imunitn\u00ed kuli\u010dky s brusinkou a rakytn\u00edkem 40g - dehydraw.tech\",\"isPartOf\":{\"@id\":\"https:\/\/www.dehydraw.tech\/#website\"},\"primaryImageOfPage\":{\"@id\":\"https:\/\/www.dehydraw.tech\/produkt\/unlimited-possibilities-imunitni-kulicky-s-brusinkou-a-rakytnikem\/#primaryimage\"},\"image\":{\"@id\":\"https:\/\/www.dehydraw.tech\/produkt\/unlimited-possibilities-imunitni-kulicky-s-brusinkou-a-rakytnikem\/#primaryimage\"},\"thumbnailUrl\":\"https:\/\/www.dehydraw.tech\/wp-content\/uploads\/2023\/11\/IMG_3024.png\",\"datePublished\":\"2023-11-28T09:36:17+00:00\",\"dateModified\":\"2026-03-07T06:52:57+00:00\",\"description\":\"Sladk\u00e9 dezert\u00edky ve tvaru kuli\u010dek jsou vhodn\u00e9 jako alternativa k pr\u016fmyslov\u011b vyr\u00e1b\u011bn\u00e9mu cukrov\u00ed. Neobsahuj\u00ed \u017e\u00e1dn\u00fd rafinovan\u00fd cukr...\",\"breadcrumb\":{\"@id\":\"https:\/\/www.dehydraw.tech\/produkt\/unlimited-possibilities-imunitni-kulicky-s-brusinkou-a-rakytnikem\/#breadcrumb\"},\"inLanguage\":\"en-GB\",\"potentialAction\":[{\"@type\":\"ReadAction\",\"target\":[\"https:\/\/www.dehydraw.tech\/produkt\/unlimited-possibilities-imunitni-kulicky-s-brusinkou-a-rakytnikem\/\"]}]},{\"@type\":\"ImageObject\",\"inLanguage\":\"en-GB\",\"@id\":\"https:\/\/www.dehydraw.tech\/produkt\/unlimited-possibilities-imunitni-kulicky-s-brusinkou-a-rakytnikem\/#primaryimage\",\"url\":\"https:\/\/www.dehydraw.tech\/wp-content\/uploads\/2023\/11\/IMG_3024.png\",\"contentUrl\":\"https:\/\/www.dehydraw.tech\/wp-content\/uploads\/2023\/11\/IMG_3024.png\",\"width\":1536,\"height\":1024},{\"@type\":\"BreadcrumbList\",\"@id\":\"https:\/\/www.dehydraw.tech\/produkt\/unlimited-possibilities-imunitni-kulicky-s-brusinkou-a-rakytnikem\/#breadcrumb\",\"itemListElement\":[{\"@type\":\"ListItem\",\"position\":1,\"name\":\"Dom\u016f\",\"item\":\"https:\/\/www.dehydraw.tech\/\"},{\"@type\":\"ListItem\",\"position\":2,\"name\":\"E-shop\",\"item\":\"https:\/\/www.dehydraw.tech\/e-shop\/\"},{\"@type\":\"ListItem\",\"position\":3,\"name\":\"UNLIMITED POSSIBILITIES imunitn\u00ed kuli\u010dky s brusinkou a rakytn\u00edkem 40g\"}]},{\"@type\":\"WebSite\",\"@id\":\"https:\/\/www.dehydraw.tech\/#website\",\"url\":\"https:\/\/www.dehydraw.tech\/\",\"name\":\"dehydraw.tech\",\"description\":\"Dehydraw Tech\",\"publisher\":{\"@id\":\"https:\/\/www.dehydraw.tech\/#organization\"},\"potentialAction\":[{\"@type\":\"SearchAction\",\"target\":{\"@type\":\"EntryPoint\",\"urlTemplate\":\"https:\/\/www.dehydraw.tech\/?s={search_term_string}\"},\"query-input\":{\"@type\":\"PropertyValueSpecification\",\"valueRequired\":true,\"valueName\":\"search_term_string\"}}],\"inLanguage\":\"en-GB\"},{\"@type\":\"Organization\",\"@id\":\"https:\/\/www.dehydraw.tech\/#organization\",\"name\":\"dehydraw.tech\",\"url\":\"https:\/\/www.dehydraw.tech\/\",\"logo\":{\"@type\":\"ImageObject\",\"inLanguage\":\"en-GB\",\"@id\":\"https:\/\/www.dehydraw.tech\/#\/schema\/logo\/image\/\",\"url\":\"https:\/\/www.dehydraw.tech\/wp-content\/uploads\/2023\/01\/dehydraw-logo.png\",\"contentUrl\":\"https:\/\/www.dehydraw.tech\/wp-content\/uploads\/2023\/01\/dehydraw-logo.png\",\"width\":700,\"height\":90,\"caption\":\"dehydraw.tech\"},\"image\":{\"@id\":\"https:\/\/www.dehydraw.tech\/#\/schema\/logo\/image\/\"}}]}<\/script>\n<!-- \/ Yoast SEO plugin. -->","yoast_head_json":{"title":"UNLIMITED POSSIBILITIES imunitn\u00ed kuli\u010dky s brusinkou a rakytn\u00edkem 40g - dehydraw.tech","description":"Sladk\u00e9 dezert\u00edky ve tvaru kuli\u010dek jsou vhodn\u00e9 jako alternativa k pr\u016fmyslov\u011b vyr\u00e1b\u011bn\u00e9mu cukrov\u00ed. Neobsahuj\u00ed \u017e\u00e1dn\u00fd rafinovan\u00fd cukr...","robots":{"index":"index","follow":"follow","max-snippet":"max-snippet:-1","max-image-preview":"max-image-preview:large","max-video-preview":"max-video-preview:-1"},"canonical":"https:\/\/www.dehydraw.tech\/en\/product\/unlimited-possibilities-imunitni-kulicky-s-brusinkou-a-rakytnikem\/","og_locale":"en_GB","og_type":"article","og_title":"UNLIMITED POSSIBILITIES imunitn\u00ed kuli\u010dky s brusinkou a rakytn\u00edkem 40g - dehydraw.tech","og_description":"Sladk\u00e9 dezert\u00edky ve tvaru kuli\u010dek jsou vhodn\u00e9 jako alternativa k pr\u016fmyslov\u011b vyr\u00e1b\u011bn\u00e9mu cukrov\u00ed. Neobsahuj\u00ed \u017e\u00e1dn\u00fd rafinovan\u00fd cukr...","og_url":"https:\/\/www.dehydraw.tech\/en\/product\/unlimited-possibilities-imunitni-kulicky-s-brusinkou-a-rakytnikem\/","og_site_name":"dehydraw.tech","article_modified_time":"2026-03-07T06:52:57+00:00","og_image":[{"width":1024,"height":683,"url":"http:\/\/www.dehydraw.tech\/wp-content\/uploads\/2023\/11\/IMG_3024-1024x683.png","type":"image\/png"}],"twitter_card":"summary_large_image","twitter_misc":{"Estimated reading time":"1 minute"},"schema":{"@context":"https:\/\/schema.org","@graph":[{"@type":"WebPage","@id":"https:\/\/www.dehydraw.tech\/produkt\/unlimited-possibilities-imunitni-kulicky-s-brusinkou-a-rakytnikem\/","url":"https:\/\/www.dehydraw.tech\/produkt\/unlimited-possibilities-imunitni-kulicky-s-brusinkou-a-rakytnikem\/","name":"UNLIMITED POSSIBILITIES imunitn\u00ed kuli\u010dky s brusinkou a rakytn\u00edkem 40g - dehydraw.tech","isPartOf":{"@id":"https:\/\/www.dehydraw.tech\/#website"},"primaryImageOfPage":{"@id":"https:\/\/www.dehydraw.tech\/produkt\/unlimited-possibilities-imunitni-kulicky-s-brusinkou-a-rakytnikem\/#primaryimage"},"image":{"@id":"https:\/\/www.dehydraw.tech\/produkt\/unlimited-possibilities-imunitni-kulicky-s-brusinkou-a-rakytnikem\/#primaryimage"},"thumbnailUrl":"https:\/\/www.dehydraw.tech\/wp-content\/uploads\/2023\/11\/IMG_3024.png","datePublished":"2023-11-28T09:36:17+00:00","dateModified":"2026-03-07T06:52:57+00:00","description":"Sladk\u00e9 dezert\u00edky ve tvaru kuli\u010dek jsou vhodn\u00e9 jako alternativa k pr\u016fmyslov\u011b vyr\u00e1b\u011bn\u00e9mu cukrov\u00ed. Neobsahuj\u00ed \u017e\u00e1dn\u00fd rafinovan\u00fd cukr...","breadcrumb":{"@id":"https:\/\/www.dehydraw.tech\/produkt\/unlimited-possibilities-imunitni-kulicky-s-brusinkou-a-rakytnikem\/#breadcrumb"},"inLanguage":"en-GB","potentialAction":[{"@type":"ReadAction","target":["https:\/\/www.dehydraw.tech\/produkt\/unlimited-possibilities-imunitni-kulicky-s-brusinkou-a-rakytnikem\/"]}]},{"@type":"ImageObject","inLanguage":"en-GB","@id":"https:\/\/www.dehydraw.tech\/produkt\/unlimited-possibilities-imunitni-kulicky-s-brusinkou-a-rakytnikem\/#primaryimage","url":"https:\/\/www.dehydraw.tech\/wp-content\/uploads\/2023\/11\/IMG_3024.png","contentUrl":"https:\/\/www.dehydraw.tech\/wp-content\/uploads\/2023\/11\/IMG_3024.png","width":1536,"height":1024},{"@type":"BreadcrumbList","@id":"https:\/\/www.dehydraw.tech\/produkt\/unlimited-possibilities-imunitni-kulicky-s-brusinkou-a-rakytnikem\/#breadcrumb","itemListElement":[{"@type":"ListItem","position":1,"name":"Dom\u016f","item":"https:\/\/www.dehydraw.tech\/"},{"@type":"ListItem","position":2,"name":"E-shop","item":"https:\/\/www.dehydraw.tech\/e-shop\/"},{"@type":"ListItem","position":3,"name":"UNLIMITED POSSIBILITIES imunitn\u00ed kuli\u010dky s brusinkou a rakytn\u00edkem 40g"}]},{"@type":"WebSite","@id":"https:\/\/www.dehydraw.tech\/#website","url":"https:\/\/www.dehydraw.tech\/","name":"dehydraw.tech","description":"Dehydraw Tech","publisher":{"@id":"https:\/\/www.dehydraw.tech\/#organization"},"potentialAction":[{"@type":"SearchAction","target":{"@type":"EntryPoint","urlTemplate":"https:\/\/www.dehydraw.tech\/?s={search_term_string}"},"query-input":{"@type":"PropertyValueSpecification","valueRequired":true,"valueName":"search_term_string"}}],"inLanguage":"en-GB"},{"@type":"Organization","@id":"https:\/\/www.dehydraw.tech\/#organization","name":"dehydraw.tech","url":"https:\/\/www.dehydraw.tech\/","logo":{"@type":"ImageObject","inLanguage":"en-GB","@id":"https:\/\/www.dehydraw.tech\/#\/schema\/logo\/image\/","url":"https:\/\/www.dehydraw.tech\/wp-content\/uploads\/2023\/01\/dehydraw-logo.png","contentUrl":"https:\/\/www.dehydraw.tech\/wp-content\/uploads\/2023\/01\/dehydraw-logo.png","width":700,"height":90,"caption":"dehydraw.tech"},"image":{"@id":"https:\/\/www.dehydraw.tech\/#\/schema\/logo\/image\/"}}]}},"_links":{"self":[{"href":"https:\/\/www.dehydraw.tech\/en\/wp-json\/wp\/v2\/product\/3539","targetHints":{"allow":["GET"]}}],"collection":[{"href":"https:\/\/www.dehydraw.tech\/en\/wp-json\/wp\/v2\/product"}],"about":[{"href":"https:\/\/www.dehydraw.tech\/en\/wp-json\/wp\/v2\/types\/product"}],"replies":[{"embeddable":true,"href":"https:\/\/www.dehydraw.tech\/en\/wp-json\/wp\/v2\/comments?post=3539"}],"wp:featuredmedia":[{"embeddable":true,"href":"https:\/\/www.dehydraw.tech\/en\/wp-json\/wp\/v2\/media\/3919"}],"wp:attachment":[{"href":"https:\/\/www.dehydraw.tech\/en\/wp-json\/wp\/v2\/media?parent=3539"}],"wp:term":[{"taxonomy":"product_cat","embeddable":true,"href":"https:\/\/www.dehydraw.tech\/en\/wp-json\/wp\/v2\/product_cat?post=3539"},{"taxonomy":"product_tag","embeddable":true,"href":"https:\/\/www.dehydraw.tech\/en\/wp-json\/wp\/v2\/product_tag?post=3539"}],"curies":[{"name":"wp","href":"https:\/\/api.w.org\/{rel}","templated":true}]}}