{"id":3452,"date":"2023-09-05T11:52:13","date_gmt":"2023-09-05T11:52:13","guid":{"rendered":"https:\/\/www.dehydraw.tech\/?post_type=product&#038;p=3452"},"modified":"2026-03-07T06:45:32","modified_gmt":"2026-03-07T06:45:32","slug":"bio-tigernut-raw-granola-banan-a-chia-seminka","status":"publish","type":"product","link":"https:\/\/www.dehydraw.tech\/en\/product\/bio-tigernut-raw-granola-banan-a-chia-seminka\/","title":{"rendered":"TIGERNUT RAW GRANOLA BAN\u00c1N A CHIA SEM\u00cdNKA 300g"},"content":{"rendered":"<p>A filling and gut-friendly breakfast.<br \/>\nRAW granola je p\u0159irozen\u011b bezlepkov\u00e1 sn\u00edda\u0148ov\u00e1 sm\u011bs, kter\u00e1 neobsahuje \u017e\u00e1dn\u00fd p\u0159idan\u00fd cukr a je vhodn\u00e1 i jako v\u00fd\u017eivn\u00e1 sva\u010dina kdykoliv b\u011bhem dne. Jej\u00ed p\u0159\u00edprava je rychl\u00e1, sta\u010d\u00ed zal\u00edt ml\u00e9kem, anebo si ji d\u00e1t jen tak. Za\u010dn\u011bte sv\u016fj den t\u00edm spr\u00e1vn\u00fdm soustem! Jsou su\u0161en\u00e9 za studena, tak\u017ee si uchov\u00e1vaj\u00ed v\u0161echny sv\u00e9 \u017eiviny v p\u016fvodn\u00ed neznehodnocen\u00e9 form\u011b.<\/p>\n<p data-start=\"98\" data-end=\"321\"><strong>Slo\u017een\u00ed:<\/strong> zemn\u00ed mandle (Cyperus esculentus Tiger Nuts) (23,8 %), ban\u00e1ny (23 %), datle*, slune\u010dnicov\u00e1 sem\u00ednka*, rozinky*, ln\u011bn\u00e1 sem\u00ednka*, chia sem\u00ednka (5 %), vanilkov\u00fd extrakt, mo\u0159sk\u00e1 s\u016fl. <em>* = produkt ekologick\u00e9ho zem\u011bd\u011blstv\u00ed<\/em><\/p>\n<p data-start=\"323\" data-end=\"527\">V\u00fdrobek se \u0161etrn\u011b su\u0161\u00ed p\u0159i n\u00edzk\u00e9 teplot\u011b do 42 \u00b0C tak, aby z\u016fstaly zachov\u00e1ny v\u0161echny zdrav\u00ed prosp\u011b\u0161n\u00e9 l\u00e1tky. Produkt ur\u010den\u00fd k p\u0159\u00edm\u00e9 konzumaci.<\/p>\n<div class=\"_tableContainer_1rjym_1\">\n<div class=\"group _tableWrapper_1rjym_13 flex w-fit flex-col-reverse\" tabindex=\"-1\">\n<table class=\"w-fit min-w-(--thread-content-width)\" data-start=\"570\" data-end=\"858\">\n<thead data-start=\"570\" data-end=\"601\">\n<tr data-start=\"570\" data-end=\"601\">\n<th style=\"text-align: left;\" data-start=\"570\" data-end=\"589\" data-col-size=\"sm\">V\u00fd\u017eivov\u00e9 hodnoty<\/th>\n<th style=\"text-align: left;\" data-start=\"589\" data-end=\"601\" data-col-size=\"sm\">Na 100g<\/th>\n<\/tr>\n<\/thead>\n<tbody data-start=\"635\" data-end=\"858\">\n<tr data-start=\"635\" data-end=\"669\">\n<td data-start=\"635\" data-end=\"645\" data-col-size=\"sm\">Energie<\/td>\n<td data-start=\"645\" data-end=\"669\" data-col-size=\"sm\">1644 kJ \/ 391,1 kcal<\/td>\n<\/tr>\n<tr data-start=\"670\" data-end=\"688\">\n<td data-start=\"670\" data-end=\"677\" data-col-size=\"sm\">Tuky<\/td>\n<td data-start=\"677\" data-end=\"688\" data-col-size=\"sm\">18,68 g<\/td>\n<\/tr>\n<tr data-start=\"689\" data-end=\"735\">\n<td data-start=\"689\" data-end=\"725\" data-col-size=\"sm\"><em>z toho nasycen\u00e9 mastn\u00e9 kyseliny<\/em><\/td>\n<td data-start=\"725\" data-end=\"735\" data-col-size=\"sm\"><em>3,67 g<\/em><\/td>\n<\/tr>\n<tr data-start=\"736\" data-end=\"766\">\n<td data-start=\"736\" data-end=\"755\" data-col-size=\"sm\">Sacharidy celkem<\/td>\n<td data-start=\"755\" data-end=\"766\" data-col-size=\"sm\">32,88 g<\/td>\n<\/tr>\n<tr data-start=\"767\" data-end=\"795\">\n<td data-start=\"767\" data-end=\"784\" data-col-size=\"sm\"><em>z toho cukry<\/em><\/td>\n<td data-start=\"784\" data-end=\"795\" data-col-size=\"sm\"><em>14,56 g<\/em><\/td>\n<\/tr>\n<tr data-start=\"796\" data-end=\"818\">\n<td data-start=\"796\" data-end=\"807\" data-col-size=\"sm\">Vl\u00e1knina<\/td>\n<td data-start=\"807\" data-end=\"818\" data-col-size=\"sm\">20,22 g<\/td>\n<\/tr>\n<tr data-start=\"819\" data-end=\"841\">\n<td data-start=\"819\" data-end=\"831\" data-col-size=\"sm\">B\u00edlkoviny<\/td>\n<td data-start=\"831\" data-end=\"841\" data-col-size=\"sm\">7,66 g<\/td>\n<\/tr>\n<tr data-start=\"842\" data-end=\"858\">\n<td data-start=\"842\" data-end=\"848\" data-col-size=\"sm\">S\u016fl<\/td>\n<td data-start=\"848\" data-end=\"858\" data-col-size=\"sm\">0,04 g<\/td>\n<\/tr>\n<\/tbody>\n<\/table>\n<\/div>\n<\/div>\n<p><em>Uveden\u00e9 v\u00fd\u017eivov\u00e9 hodnoty jsou pr\u016fm\u011brn\u00e9 a mohou se li\u0161it v z\u00e1vislosti na zralosti, sez\u00f3n\u011b a zp\u016fsobu skladov\u00e1n\u00ed.<\/em><\/p>\n<p><strong data-start=\"1509\" data-end=\"1548\">\u2714\ufe0fRAW GUARANTEE \u2714\ufe0fECO FRIENDLY \u2714\ufe0fSTOP FOOD WASTE \u2714\ufe0fGLUTEN-FREE<\/strong><strong data-start=\"1551\" data-end=\"1600\"> \u2714\ufe0fNUTS-FREE \u2714\ufe0fGUARANTEE OF ORIGIN<\/strong><\/p>","protected":false},"excerpt":{"rendered":"<p>Rychl\u00e1 a v\u00fd\u017eivn\u00e1 sn\u00eddan\u011b. RAW granola je p\u0159irozen\u011b bezlepkov\u00e1 sn\u00edda\u0148ov\u00e1 sm\u011bs, kter\u00e1 neobsahuje \u017e\u00e1dn\u00fd p\u0159idan\u00fd cukr a je vhodn\u00e1 i jako v\u00fd\u017eivn\u00e1 sva\u010dina kdykoliv b\u011bhem dne. Jej\u00ed p\u0159\u00edprava je rychl\u00e1, sta\u010d\u00ed zal\u00edt ml\u00e9kem, anebo si ji d\u00e1t jen tak. Za\u010dn\u011bte sv\u016fj den t\u00edm spr\u00e1vn\u00fdm soustem! Jsou su\u0161en\u00e9 za studena, tak\u017ee si uchov\u00e1vaj\u00ed v\u0161echny sv\u00e9 \u017eiviny&#8230;<\/p>","protected":false},"featured_media":3918,"comment_status":"open","ping_status":"closed","template":"","meta":{"_kadence_starter_templates_imported_post":false,"_kad_post_transparent":"default","_kad_post_title":"","_kad_post_layout":"default","_kad_post_sidebar_id":"","_kad_post_content_style":"default","_kad_post_vertical_padding":"default","_kad_post_feature":"","_kad_post_feature_position":"","_kad_post_header":false,"_kad_post_footer":false},"product_cat":[60],"product_tag":[],"class_list":{"0":"post-3452","1":"product","2":"type-product","3":"status-publish","4":"has-post-thumbnail","6":"product_cat-endurance-edice","8":"first","9":"instock","10":"taxable","11":"shipping-taxable","12":"purchasable","13":"product-type-simple","14":"entry","15":"content-bg","16":"loop-entry"},"yoast_head":"<!-- This site is optimized with the Yoast SEO plugin v24.0 - https:\/\/yoast.com\/wordpress\/plugins\/seo\/ -->\n<title>TIGERNUT RAW GRANOLA BAN\u00c1N A CHIA SEM\u00cdNKA 300g - dehydraw.tech<\/title>\n<meta name=\"description\" content=\"RAW granola je p\u0159irozen\u011b bezlepkov\u00e1 sn\u00edda\u0148ov\u00e1 sm\u011bs, kter\u00e1 neobsahuje \u017e\u00e1dn\u00fd p\u0159idan\u00fd cukr a je vhodn\u00e1 i jako v\u00fd\u017eivn\u00e1 sva\u010dina kdykoliv b\u011bhem dne.\" \/>\n<meta name=\"robots\" content=\"index, follow, max-snippet:-1, max-image-preview:large, max-video-preview:-1\" \/>\n<link rel=\"canonical\" href=\"https:\/\/www.dehydraw.tech\/en\/product\/bio-tigernut-raw-granola-banan-a-chia-seminka\/\" \/>\n<meta property=\"og:locale\" content=\"en_GB\" \/>\n<meta property=\"og:type\" content=\"article\" \/>\n<meta property=\"og:title\" content=\"TIGERNUT RAW GRANOLA BAN\u00c1N A CHIA SEM\u00cdNKA 300g - dehydraw.tech\" \/>\n<meta property=\"og:description\" content=\"RAW granola je p\u0159irozen\u011b bezlepkov\u00e1 sn\u00edda\u0148ov\u00e1 sm\u011bs, kter\u00e1 neobsahuje \u017e\u00e1dn\u00fd p\u0159idan\u00fd cukr a je vhodn\u00e1 i jako v\u00fd\u017eivn\u00e1 sva\u010dina kdykoliv b\u011bhem dne.\" \/>\n<meta property=\"og:url\" content=\"https:\/\/www.dehydraw.tech\/en\/product\/bio-tigernut-raw-granola-banan-a-chia-seminka\/\" \/>\n<meta property=\"og:site_name\" content=\"dehydraw.tech\" \/>\n<meta property=\"article:modified_time\" content=\"2026-03-07T06:45:32+00:00\" \/>\n<meta property=\"og:image\" content=\"http:\/\/www.dehydraw.tech\/wp-content\/uploads\/2023\/09\/IMG_3023-1024x683.png\" \/>\n\t<meta property=\"og:image:width\" content=\"1024\" \/>\n\t<meta property=\"og:image:height\" content=\"683\" \/>\n\t<meta property=\"og:image:type\" content=\"image\/png\" \/>\n<meta name=\"twitter:card\" content=\"summary_large_image\" \/>\n<meta name=\"twitter:label1\" content=\"Estimated reading time\" \/>\n\t<meta name=\"twitter:data1\" content=\"2 minutes\" \/>\n<script type=\"application\/ld+json\" class=\"yoast-schema-graph\">{\"@context\":\"https:\/\/schema.org\",\"@graph\":[{\"@type\":\"WebPage\",\"@id\":\"https:\/\/www.dehydraw.tech\/produkt\/bio-tigernut-raw-granola-banan-a-chia-seminka\/\",\"url\":\"https:\/\/www.dehydraw.tech\/produkt\/bio-tigernut-raw-granola-banan-a-chia-seminka\/\",\"name\":\"TIGERNUT RAW GRANOLA BAN\u00c1N A CHIA SEM\u00cdNKA 300g - dehydraw.tech\",\"isPartOf\":{\"@id\":\"https:\/\/www.dehydraw.tech\/#website\"},\"primaryImageOfPage\":{\"@id\":\"https:\/\/www.dehydraw.tech\/produkt\/bio-tigernut-raw-granola-banan-a-chia-seminka\/#primaryimage\"},\"image\":{\"@id\":\"https:\/\/www.dehydraw.tech\/produkt\/bio-tigernut-raw-granola-banan-a-chia-seminka\/#primaryimage\"},\"thumbnailUrl\":\"https:\/\/www.dehydraw.tech\/wp-content\/uploads\/2023\/09\/IMG_3023.png\",\"datePublished\":\"2023-09-05T11:52:13+00:00\",\"dateModified\":\"2026-03-07T06:45:32+00:00\",\"description\":\"RAW granola je p\u0159irozen\u011b bezlepkov\u00e1 sn\u00edda\u0148ov\u00e1 sm\u011bs, kter\u00e1 neobsahuje \u017e\u00e1dn\u00fd p\u0159idan\u00fd cukr a je vhodn\u00e1 i jako v\u00fd\u017eivn\u00e1 sva\u010dina kdykoliv b\u011bhem dne.\",\"breadcrumb\":{\"@id\":\"https:\/\/www.dehydraw.tech\/produkt\/bio-tigernut-raw-granola-banan-a-chia-seminka\/#breadcrumb\"},\"inLanguage\":\"en-GB\",\"potentialAction\":[{\"@type\":\"ReadAction\",\"target\":[\"https:\/\/www.dehydraw.tech\/produkt\/bio-tigernut-raw-granola-banan-a-chia-seminka\/\"]}]},{\"@type\":\"ImageObject\",\"inLanguage\":\"en-GB\",\"@id\":\"https:\/\/www.dehydraw.tech\/produkt\/bio-tigernut-raw-granola-banan-a-chia-seminka\/#primaryimage\",\"url\":\"https:\/\/www.dehydraw.tech\/wp-content\/uploads\/2023\/09\/IMG_3023.png\",\"contentUrl\":\"https:\/\/www.dehydraw.tech\/wp-content\/uploads\/2023\/09\/IMG_3023.png\",\"width\":1536,\"height\":1024},{\"@type\":\"BreadcrumbList\",\"@id\":\"https:\/\/www.dehydraw.tech\/produkt\/bio-tigernut-raw-granola-banan-a-chia-seminka\/#breadcrumb\",\"itemListElement\":[{\"@type\":\"ListItem\",\"position\":1,\"name\":\"Dom\u016f\",\"item\":\"https:\/\/www.dehydraw.tech\/\"},{\"@type\":\"ListItem\",\"position\":2,\"name\":\"E-shop\",\"item\":\"https:\/\/www.dehydraw.tech\/e-shop\/\"},{\"@type\":\"ListItem\",\"position\":3,\"name\":\"TIGERNUT RAW GRANOLA BAN\u00c1N A CHIA SEM\u00cdNKA 300g\"}]},{\"@type\":\"WebSite\",\"@id\":\"https:\/\/www.dehydraw.tech\/#website\",\"url\":\"https:\/\/www.dehydraw.tech\/\",\"name\":\"dehydraw.tech\",\"description\":\"Dehydraw Tech\",\"publisher\":{\"@id\":\"https:\/\/www.dehydraw.tech\/#organization\"},\"potentialAction\":[{\"@type\":\"SearchAction\",\"target\":{\"@type\":\"EntryPoint\",\"urlTemplate\":\"https:\/\/www.dehydraw.tech\/?s={search_term_string}\"},\"query-input\":{\"@type\":\"PropertyValueSpecification\",\"valueRequired\":true,\"valueName\":\"search_term_string\"}}],\"inLanguage\":\"en-GB\"},{\"@type\":\"Organization\",\"@id\":\"https:\/\/www.dehydraw.tech\/#organization\",\"name\":\"dehydraw.tech\",\"url\":\"https:\/\/www.dehydraw.tech\/\",\"logo\":{\"@type\":\"ImageObject\",\"inLanguage\":\"en-GB\",\"@id\":\"https:\/\/www.dehydraw.tech\/#\/schema\/logo\/image\/\",\"url\":\"https:\/\/www.dehydraw.tech\/wp-content\/uploads\/2023\/01\/dehydraw-logo.png\",\"contentUrl\":\"https:\/\/www.dehydraw.tech\/wp-content\/uploads\/2023\/01\/dehydraw-logo.png\",\"width\":700,\"height\":90,\"caption\":\"dehydraw.tech\"},\"image\":{\"@id\":\"https:\/\/www.dehydraw.tech\/#\/schema\/logo\/image\/\"}}]}<\/script>\n<!-- \/ Yoast SEO plugin. -->","yoast_head_json":{"title":"TIGERNUT RAW GRANOLA BAN\u00c1N A CHIA SEM\u00cdNKA 300g - dehydraw.tech","description":"RAW granola je p\u0159irozen\u011b bezlepkov\u00e1 sn\u00edda\u0148ov\u00e1 sm\u011bs, kter\u00e1 neobsahuje \u017e\u00e1dn\u00fd p\u0159idan\u00fd cukr a je vhodn\u00e1 i jako v\u00fd\u017eivn\u00e1 sva\u010dina kdykoliv b\u011bhem dne.","robots":{"index":"index","follow":"follow","max-snippet":"max-snippet:-1","max-image-preview":"max-image-preview:large","max-video-preview":"max-video-preview:-1"},"canonical":"https:\/\/www.dehydraw.tech\/en\/product\/bio-tigernut-raw-granola-banan-a-chia-seminka\/","og_locale":"en_GB","og_type":"article","og_title":"TIGERNUT RAW GRANOLA BAN\u00c1N A CHIA SEM\u00cdNKA 300g - dehydraw.tech","og_description":"RAW granola je p\u0159irozen\u011b bezlepkov\u00e1 sn\u00edda\u0148ov\u00e1 sm\u011bs, kter\u00e1 neobsahuje \u017e\u00e1dn\u00fd p\u0159idan\u00fd cukr a je vhodn\u00e1 i jako v\u00fd\u017eivn\u00e1 sva\u010dina kdykoliv b\u011bhem dne.","og_url":"https:\/\/www.dehydraw.tech\/en\/product\/bio-tigernut-raw-granola-banan-a-chia-seminka\/","og_site_name":"dehydraw.tech","article_modified_time":"2026-03-07T06:45:32+00:00","og_image":[{"width":1024,"height":683,"url":"http:\/\/www.dehydraw.tech\/wp-content\/uploads\/2023\/09\/IMG_3023-1024x683.png","type":"image\/png"}],"twitter_card":"summary_large_image","twitter_misc":{"Estimated reading time":"2 minutes"},"schema":{"@context":"https:\/\/schema.org","@graph":[{"@type":"WebPage","@id":"https:\/\/www.dehydraw.tech\/produkt\/bio-tigernut-raw-granola-banan-a-chia-seminka\/","url":"https:\/\/www.dehydraw.tech\/produkt\/bio-tigernut-raw-granola-banan-a-chia-seminka\/","name":"TIGERNUT RAW GRANOLA BAN\u00c1N A CHIA SEM\u00cdNKA 300g - dehydraw.tech","isPartOf":{"@id":"https:\/\/www.dehydraw.tech\/#website"},"primaryImageOfPage":{"@id":"https:\/\/www.dehydraw.tech\/produkt\/bio-tigernut-raw-granola-banan-a-chia-seminka\/#primaryimage"},"image":{"@id":"https:\/\/www.dehydraw.tech\/produkt\/bio-tigernut-raw-granola-banan-a-chia-seminka\/#primaryimage"},"thumbnailUrl":"https:\/\/www.dehydraw.tech\/wp-content\/uploads\/2023\/09\/IMG_3023.png","datePublished":"2023-09-05T11:52:13+00:00","dateModified":"2026-03-07T06:45:32+00:00","description":"RAW granola je p\u0159irozen\u011b bezlepkov\u00e1 sn\u00edda\u0148ov\u00e1 sm\u011bs, kter\u00e1 neobsahuje \u017e\u00e1dn\u00fd p\u0159idan\u00fd cukr a je vhodn\u00e1 i jako v\u00fd\u017eivn\u00e1 sva\u010dina kdykoliv b\u011bhem dne.","breadcrumb":{"@id":"https:\/\/www.dehydraw.tech\/produkt\/bio-tigernut-raw-granola-banan-a-chia-seminka\/#breadcrumb"},"inLanguage":"en-GB","potentialAction":[{"@type":"ReadAction","target":["https:\/\/www.dehydraw.tech\/produkt\/bio-tigernut-raw-granola-banan-a-chia-seminka\/"]}]},{"@type":"ImageObject","inLanguage":"en-GB","@id":"https:\/\/www.dehydraw.tech\/produkt\/bio-tigernut-raw-granola-banan-a-chia-seminka\/#primaryimage","url":"https:\/\/www.dehydraw.tech\/wp-content\/uploads\/2023\/09\/IMG_3023.png","contentUrl":"https:\/\/www.dehydraw.tech\/wp-content\/uploads\/2023\/09\/IMG_3023.png","width":1536,"height":1024},{"@type":"BreadcrumbList","@id":"https:\/\/www.dehydraw.tech\/produkt\/bio-tigernut-raw-granola-banan-a-chia-seminka\/#breadcrumb","itemListElement":[{"@type":"ListItem","position":1,"name":"Dom\u016f","item":"https:\/\/www.dehydraw.tech\/"},{"@type":"ListItem","position":2,"name":"E-shop","item":"https:\/\/www.dehydraw.tech\/e-shop\/"},{"@type":"ListItem","position":3,"name":"TIGERNUT RAW GRANOLA BAN\u00c1N A CHIA SEM\u00cdNKA 300g"}]},{"@type":"WebSite","@id":"https:\/\/www.dehydraw.tech\/#website","url":"https:\/\/www.dehydraw.tech\/","name":"dehydraw.tech","description":"Dehydraw Tech","publisher":{"@id":"https:\/\/www.dehydraw.tech\/#organization"},"potentialAction":[{"@type":"SearchAction","target":{"@type":"EntryPoint","urlTemplate":"https:\/\/www.dehydraw.tech\/?s={search_term_string}"},"query-input":{"@type":"PropertyValueSpecification","valueRequired":true,"valueName":"search_term_string"}}],"inLanguage":"en-GB"},{"@type":"Organization","@id":"https:\/\/www.dehydraw.tech\/#organization","name":"dehydraw.tech","url":"https:\/\/www.dehydraw.tech\/","logo":{"@type":"ImageObject","inLanguage":"en-GB","@id":"https:\/\/www.dehydraw.tech\/#\/schema\/logo\/image\/","url":"https:\/\/www.dehydraw.tech\/wp-content\/uploads\/2023\/01\/dehydraw-logo.png","contentUrl":"https:\/\/www.dehydraw.tech\/wp-content\/uploads\/2023\/01\/dehydraw-logo.png","width":700,"height":90,"caption":"dehydraw.tech"},"image":{"@id":"https:\/\/www.dehydraw.tech\/#\/schema\/logo\/image\/"}}]}},"_links":{"self":[{"href":"https:\/\/www.dehydraw.tech\/en\/wp-json\/wp\/v2\/product\/3452","targetHints":{"allow":["GET"]}}],"collection":[{"href":"https:\/\/www.dehydraw.tech\/en\/wp-json\/wp\/v2\/product"}],"about":[{"href":"https:\/\/www.dehydraw.tech\/en\/wp-json\/wp\/v2\/types\/product"}],"replies":[{"embeddable":true,"href":"https:\/\/www.dehydraw.tech\/en\/wp-json\/wp\/v2\/comments?post=3452"}],"wp:featuredmedia":[{"embeddable":true,"href":"https:\/\/www.dehydraw.tech\/en\/wp-json\/wp\/v2\/media\/3918"}],"wp:attachment":[{"href":"https:\/\/www.dehydraw.tech\/en\/wp-json\/wp\/v2\/media?parent=3452"}],"wp:term":[{"taxonomy":"product_cat","embeddable":true,"href":"https:\/\/www.dehydraw.tech\/en\/wp-json\/wp\/v2\/product_cat?post=3452"},{"taxonomy":"product_tag","embeddable":true,"href":"https:\/\/www.dehydraw.tech\/en\/wp-json\/wp\/v2\/product_tag?post=3452"}],"curies":[{"name":"wp","href":"https:\/\/api.w.org\/{rel}","templated":true}]}}