{"id":2894,"date":"2023-04-27T17:16:16","date_gmt":"2023-04-27T17:16:16","guid":{"rendered":"https:\/\/www.dehydraw.tech\/?post_type=product&#038;p=2894"},"modified":"2026-03-07T08:11:38","modified_gmt":"2026-03-07T08:11:38","slug":"vanille-bio-vanilkove-kesu-kolacky-s-nakladanymi-tresnemi","status":"publish","type":"product","link":"https:\/\/www.dehydraw.tech\/en\/product\/vanille-bio-vanilkove-kesu-kolacky-s-nakladanymi-tresnemi\/","title":{"rendered":"VANILKOV\u00c9 KE\u0160U KOL\u00c1\u010cKY S NAKL\u00c1DAN\u00ddMI T\u0158E\u0160N\u011aMI 100g"},"content":{"rendered":"<p>Exkluzivn\u00ed RAW kol\u00e1\u010dky z ke\u0161u o\u0159\u00ed\u0161k\u016f, rafinovan\u011b dopln\u011bn\u00e9 chut\u00ed vanilky, zdoben\u00e9 RAW d\u017eemem ze su\u0161en\u00fdch vi\u0161n\u00ed, jsou skv\u011bl\u00e9 jako cukrov\u00ed nebo z\u00e1kusek k \u010daji. Jsou su\u0161en\u00e9 za studena, tak\u017ee si uchov\u00e1vaj\u00ed v\u0161echny sv\u00e9 \u017eiviny v p\u016fvodn\u00ed neznehodnocen\u00e9 form\u011b.<\/p>\n<p><strong data-start=\"104\" data-end=\"116\">Slo\u017een\u00ed: <\/strong>ke\u0161u o\u0159ech* (45 %), kokosov\u00e9 ml\u00e9ko (15 %), ban\u00e1ny* (15 %), raw ag\u00e1ve* (10 %), t\u0159e\u0161n\u011b su\u0161en\u00e9* (8 %), med* (5 %), limetka* (2 %), vanilkov\u00fd pr\u00e1\u0161ek (&lt;1 %). <em>* = produkt ekologick\u00e9ho zem\u011bd\u011blstv\u00ed<\/em><\/p>\n<div class=\"_tableContainer_1rjym_1\">\n<div class=\"group _tableWrapper_1rjym_13 flex w-fit flex-col-reverse\" tabindex=\"-1\">\n<table class=\"w-fit min-w-(--thread-content-width)\" data-start=\"517\" data-end=\"798\">\n<thead data-start=\"517\" data-end=\"548\">\n<tr data-start=\"517\" data-end=\"548\">\n<th style=\"text-align: left;\" data-start=\"517\" data-end=\"536\" data-col-size=\"sm\">Nutri\u010dn\u00ed hodnoty<\/th>\n<th style=\"text-align: left;\" data-start=\"536\" data-end=\"548\" data-col-size=\"sm\">Na 100g<\/th>\n<\/tr>\n<\/thead>\n<tbody data-start=\"582\" data-end=\"798\">\n<tr data-start=\"582\" data-end=\"614\">\n<td data-start=\"582\" data-end=\"592\" data-col-size=\"sm\">Energie<\/td>\n<td data-start=\"592\" data-end=\"614\" data-col-size=\"sm\">1727 kJ \/ 407 kcal<\/td>\n<\/tr>\n<tr data-start=\"615\" data-end=\"632\">\n<td data-start=\"615\" data-end=\"622\" data-col-size=\"sm\">Tuky<\/td>\n<td data-start=\"622\" data-end=\"632\" data-col-size=\"sm\">29,3 g<\/td>\n<\/tr>\n<tr data-start=\"633\" data-end=\"678\">\n<td data-start=\"633\" data-end=\"669\" data-col-size=\"sm\"><em>z toho nasycen\u00e9 mastn\u00e9 kyseliny<\/em><\/td>\n<td data-start=\"669\" data-end=\"678\" data-col-size=\"sm\"><em>7,9 g<\/em><\/td>\n<\/tr>\n<tr data-start=\"679\" data-end=\"708\">\n<td data-start=\"679\" data-end=\"698\" data-col-size=\"sm\">Sacharidy celkem<\/td>\n<td data-start=\"698\" data-end=\"708\" data-col-size=\"sm\">29,0 g<\/td>\n<\/tr>\n<tr data-start=\"709\" data-end=\"736\">\n<td data-start=\"709\" data-end=\"726\" data-col-size=\"sm\"><em>z toho cukry<\/em><\/td>\n<td data-start=\"726\" data-end=\"736\" data-col-size=\"sm\"><em>19,3 g<\/em><\/td>\n<\/tr>\n<tr data-start=\"737\" data-end=\"758\">\n<td data-start=\"737\" data-end=\"748\" data-col-size=\"sm\">Vl\u00e1knina<\/td>\n<td data-start=\"748\" data-end=\"758\" data-col-size=\"sm\">10,4 g<\/td>\n<\/tr>\n<tr data-start=\"759\" data-end=\"781\">\n<td data-start=\"759\" data-end=\"771\" data-col-size=\"sm\">B\u00edlkoviny<\/td>\n<td data-start=\"771\" data-end=\"781\" data-col-size=\"sm\">12,4 g<\/td>\n<\/tr>\n<tr data-start=\"782\" data-end=\"798\">\n<td data-start=\"782\" data-end=\"788\" data-col-size=\"sm\">S\u016fl<\/td>\n<td data-start=\"788\" data-end=\"798\" data-col-size=\"sm\">0,02 g<\/td>\n<\/tr>\n<\/tbody>\n<\/table>\n<\/div>\n<\/div>\n<p><em>Uveden\u00e9 v\u00fd\u017eivov\u00e9 hodnoty jsou pr\u016fm\u011brn\u00e9 a mohou se li\u0161it v z\u00e1vislosti na zralosti, sez\u00f3n\u011b a zp\u016fsobu skladov\u00e1n\u00ed.<\/em><\/p>\n<p><strong data-start=\"1509\" data-end=\"1548\">\u2714\ufe0fRAW GUARANTEE \u2714\ufe0fECO FRIENDLY \u2714\ufe0fSTOP FOOD WASTE \u2714\ufe0fGLUTEN-FREE<\/strong><strong data-start=\"1551\" data-end=\"1600\">\u00a0\u2714\ufe0fINNOVATOR \u2714\ufe0fGUARANTEE OF ORIGIN<\/strong><\/p>","protected":false},"excerpt":{"rendered":"<p>Exkluzivn\u00ed RAW kol\u00e1\u010dky z ke\u0161u o\u0159\u00ed\u0161k\u016f, rafinovan\u011b dopln\u011bn\u00e9 chut\u00ed vanilky, zdoben\u00e9 RAW d\u017eemem ze su\u0161en\u00fdch vi\u0161n\u00ed, jsou skv\u011bl\u00e9 jako cukrov\u00ed nebo z\u00e1kusek k \u010daji. Jsou su\u0161en\u00e9 za studena, tak\u017ee si uchov\u00e1vaj\u00ed v\u0161echny sv\u00e9 \u017eiviny v p\u016fvodn\u00ed neznehodnocen\u00e9 form\u011b. Slo\u017een\u00ed: ke\u0161u o\u0159ech* (45 %), kokosov\u00e9 ml\u00e9ko (15 %), ban\u00e1ny* (15 %), raw ag\u00e1ve* (10 %), t\u0159e\u0161n\u011b&#8230;<\/p>","protected":false},"featured_media":3928,"comment_status":"open","ping_status":"closed","template":"","meta":{"_kadence_starter_templates_imported_post":false,"_kad_post_transparent":"default","_kad_post_title":"","_kad_post_layout":"default","_kad_post_sidebar_id":"","_kad_post_content_style":"default","_kad_post_vertical_padding":"default","_kad_post_feature":"","_kad_post_feature_position":"","_kad_post_header":false,"_kad_post_footer":false},"product_cat":[61],"product_tag":[],"class_list":{"0":"post-2894","1":"product","2":"type-product","3":"status-publish","4":"has-post-thumbnail","6":"product_cat-emotion-edice","8":"first","9":"instock","10":"taxable","11":"shipping-taxable","12":"purchasable","13":"product-type-simple","14":"entry","15":"content-bg","16":"loop-entry"},"yoast_head":"<!-- This site is optimized with the Yoast SEO plugin v24.0 - https:\/\/yoast.com\/wordpress\/plugins\/seo\/ -->\n<title>VANILKOV\u00c9 KE\u0160U KOL\u00c1\u010cKY S NAKL\u00c1DAN\u00ddMI T\u0158E\u0160N\u011aMI 100g - dehydraw.tech<\/title>\n<meta name=\"description\" content=\"Exkluzivn\u00ed RAW kol\u00e1\u010dky z ke\u0161u o\u0159\u00ed\u0161k\u016f, rafinovan\u011b dopln\u011bn\u00e9 chut\u00ed vanilky, zdoben\u00e9 RAW d\u017eemem ze su\u0161en\u00fdch vi\u0161n\u00ed, jsou skv\u011bl\u00e9 jako cukrov\u00ed nebo z\u00e1kusek k \u010daji.\" \/>\n<meta name=\"robots\" content=\"index, follow, max-snippet:-1, max-image-preview:large, max-video-preview:-1\" \/>\n<link rel=\"canonical\" href=\"https:\/\/www.dehydraw.tech\/en\/product\/vanille-bio-vanilkove-kesu-kolacky-s-nakladanymi-tresnemi\/\" \/>\n<meta property=\"og:locale\" content=\"en_GB\" \/>\n<meta property=\"og:type\" content=\"article\" \/>\n<meta property=\"og:title\" content=\"VANILKOV\u00c9 KE\u0160U KOL\u00c1\u010cKY S NAKL\u00c1DAN\u00ddMI T\u0158E\u0160N\u011aMI 100g - dehydraw.tech\" \/>\n<meta property=\"og:description\" content=\"Exkluzivn\u00ed RAW kol\u00e1\u010dky z ke\u0161u o\u0159\u00ed\u0161k\u016f, rafinovan\u011b dopln\u011bn\u00e9 chut\u00ed vanilky, zdoben\u00e9 RAW d\u017eemem ze su\u0161en\u00fdch vi\u0161n\u00ed, jsou skv\u011bl\u00e9 jako cukrov\u00ed nebo z\u00e1kusek k \u010daji.\" \/>\n<meta property=\"og:url\" content=\"https:\/\/www.dehydraw.tech\/en\/product\/vanille-bio-vanilkove-kesu-kolacky-s-nakladanymi-tresnemi\/\" \/>\n<meta property=\"og:site_name\" content=\"dehydraw.tech\" \/>\n<meta property=\"article:modified_time\" content=\"2026-03-07T08:11:38+00:00\" \/>\n<meta property=\"og:image\" content=\"http:\/\/www.dehydraw.tech\/wp-content\/uploads\/2023\/04\/IMG_3033-1024x683.png\" \/>\n\t<meta property=\"og:image:width\" content=\"1024\" \/>\n\t<meta property=\"og:image:height\" content=\"683\" \/>\n\t<meta property=\"og:image:type\" content=\"image\/png\" \/>\n<meta name=\"twitter:card\" content=\"summary_large_image\" \/>\n<meta name=\"twitter:label1\" content=\"Estimated reading time\" \/>\n\t<meta name=\"twitter:data1\" content=\"1 minute\" \/>\n<script type=\"application\/ld+json\" class=\"yoast-schema-graph\">{\"@context\":\"https:\/\/schema.org\",\"@graph\":[{\"@type\":\"WebPage\",\"@id\":\"https:\/\/www.dehydraw.tech\/produkt\/vanille-bio-vanilkove-kesu-kolacky-s-nakladanymi-tresnemi\/\",\"url\":\"https:\/\/www.dehydraw.tech\/produkt\/vanille-bio-vanilkove-kesu-kolacky-s-nakladanymi-tresnemi\/\",\"name\":\"VANILKOV\u00c9 KE\u0160U KOL\u00c1\u010cKY S NAKL\u00c1DAN\u00ddMI T\u0158E\u0160N\u011aMI 100g - dehydraw.tech\",\"isPartOf\":{\"@id\":\"https:\/\/www.dehydraw.tech\/#website\"},\"primaryImageOfPage\":{\"@id\":\"https:\/\/www.dehydraw.tech\/produkt\/vanille-bio-vanilkove-kesu-kolacky-s-nakladanymi-tresnemi\/#primaryimage\"},\"image\":{\"@id\":\"https:\/\/www.dehydraw.tech\/produkt\/vanille-bio-vanilkove-kesu-kolacky-s-nakladanymi-tresnemi\/#primaryimage\"},\"thumbnailUrl\":\"https:\/\/www.dehydraw.tech\/wp-content\/uploads\/2023\/04\/IMG_3033.png\",\"datePublished\":\"2023-04-27T17:16:16+00:00\",\"dateModified\":\"2026-03-07T08:11:38+00:00\",\"description\":\"Exkluzivn\u00ed RAW kol\u00e1\u010dky z ke\u0161u o\u0159\u00ed\u0161k\u016f, rafinovan\u011b dopln\u011bn\u00e9 chut\u00ed vanilky, zdoben\u00e9 RAW d\u017eemem ze su\u0161en\u00fdch vi\u0161n\u00ed, jsou skv\u011bl\u00e9 jako cukrov\u00ed nebo z\u00e1kusek k \u010daji.\",\"breadcrumb\":{\"@id\":\"https:\/\/www.dehydraw.tech\/produkt\/vanille-bio-vanilkove-kesu-kolacky-s-nakladanymi-tresnemi\/#breadcrumb\"},\"inLanguage\":\"en-GB\",\"potentialAction\":[{\"@type\":\"ReadAction\",\"target\":[\"https:\/\/www.dehydraw.tech\/produkt\/vanille-bio-vanilkove-kesu-kolacky-s-nakladanymi-tresnemi\/\"]}]},{\"@type\":\"ImageObject\",\"inLanguage\":\"en-GB\",\"@id\":\"https:\/\/www.dehydraw.tech\/produkt\/vanille-bio-vanilkove-kesu-kolacky-s-nakladanymi-tresnemi\/#primaryimage\",\"url\":\"https:\/\/www.dehydraw.tech\/wp-content\/uploads\/2023\/04\/IMG_3033.png\",\"contentUrl\":\"https:\/\/www.dehydraw.tech\/wp-content\/uploads\/2023\/04\/IMG_3033.png\",\"width\":1536,\"height\":1024},{\"@type\":\"BreadcrumbList\",\"@id\":\"https:\/\/www.dehydraw.tech\/produkt\/vanille-bio-vanilkove-kesu-kolacky-s-nakladanymi-tresnemi\/#breadcrumb\",\"itemListElement\":[{\"@type\":\"ListItem\",\"position\":1,\"name\":\"Dom\u016f\",\"item\":\"https:\/\/www.dehydraw.tech\/\"},{\"@type\":\"ListItem\",\"position\":2,\"name\":\"E-shop\",\"item\":\"https:\/\/www.dehydraw.tech\/e-shop\/\"},{\"@type\":\"ListItem\",\"position\":3,\"name\":\"VANILKOV\u00c9 KE\u0160U KOL\u00c1\u010cKY S NAKL\u00c1DAN\u00ddMI T\u0158E\u0160N\u011aMI 100g\"}]},{\"@type\":\"WebSite\",\"@id\":\"https:\/\/www.dehydraw.tech\/#website\",\"url\":\"https:\/\/www.dehydraw.tech\/\",\"name\":\"dehydraw.tech\",\"description\":\"Dehydraw Tech\",\"publisher\":{\"@id\":\"https:\/\/www.dehydraw.tech\/#organization\"},\"potentialAction\":[{\"@type\":\"SearchAction\",\"target\":{\"@type\":\"EntryPoint\",\"urlTemplate\":\"https:\/\/www.dehydraw.tech\/?s={search_term_string}\"},\"query-input\":{\"@type\":\"PropertyValueSpecification\",\"valueRequired\":true,\"valueName\":\"search_term_string\"}}],\"inLanguage\":\"en-GB\"},{\"@type\":\"Organization\",\"@id\":\"https:\/\/www.dehydraw.tech\/#organization\",\"name\":\"dehydraw.tech\",\"url\":\"https:\/\/www.dehydraw.tech\/\",\"logo\":{\"@type\":\"ImageObject\",\"inLanguage\":\"en-GB\",\"@id\":\"https:\/\/www.dehydraw.tech\/#\/schema\/logo\/image\/\",\"url\":\"https:\/\/www.dehydraw.tech\/wp-content\/uploads\/2023\/01\/dehydraw-logo.png\",\"contentUrl\":\"https:\/\/www.dehydraw.tech\/wp-content\/uploads\/2023\/01\/dehydraw-logo.png\",\"width\":700,\"height\":90,\"caption\":\"dehydraw.tech\"},\"image\":{\"@id\":\"https:\/\/www.dehydraw.tech\/#\/schema\/logo\/image\/\"}}]}<\/script>\n<!-- \/ Yoast SEO plugin. -->","yoast_head_json":{"title":"VANILKOV\u00c9 KE\u0160U KOL\u00c1\u010cKY S NAKL\u00c1DAN\u00ddMI T\u0158E\u0160N\u011aMI 100g - dehydraw.tech","description":"Exkluzivn\u00ed RAW kol\u00e1\u010dky z ke\u0161u o\u0159\u00ed\u0161k\u016f, rafinovan\u011b dopln\u011bn\u00e9 chut\u00ed vanilky, zdoben\u00e9 RAW d\u017eemem ze su\u0161en\u00fdch vi\u0161n\u00ed, jsou skv\u011bl\u00e9 jako cukrov\u00ed nebo z\u00e1kusek k \u010daji.","robots":{"index":"index","follow":"follow","max-snippet":"max-snippet:-1","max-image-preview":"max-image-preview:large","max-video-preview":"max-video-preview:-1"},"canonical":"https:\/\/www.dehydraw.tech\/en\/product\/vanille-bio-vanilkove-kesu-kolacky-s-nakladanymi-tresnemi\/","og_locale":"en_GB","og_type":"article","og_title":"VANILKOV\u00c9 KE\u0160U KOL\u00c1\u010cKY S NAKL\u00c1DAN\u00ddMI T\u0158E\u0160N\u011aMI 100g - dehydraw.tech","og_description":"Exkluzivn\u00ed RAW kol\u00e1\u010dky z ke\u0161u o\u0159\u00ed\u0161k\u016f, rafinovan\u011b dopln\u011bn\u00e9 chut\u00ed vanilky, zdoben\u00e9 RAW d\u017eemem ze su\u0161en\u00fdch vi\u0161n\u00ed, jsou skv\u011bl\u00e9 jako cukrov\u00ed nebo z\u00e1kusek k \u010daji.","og_url":"https:\/\/www.dehydraw.tech\/en\/product\/vanille-bio-vanilkove-kesu-kolacky-s-nakladanymi-tresnemi\/","og_site_name":"dehydraw.tech","article_modified_time":"2026-03-07T08:11:38+00:00","og_image":[{"width":1024,"height":683,"url":"http:\/\/www.dehydraw.tech\/wp-content\/uploads\/2023\/04\/IMG_3033-1024x683.png","type":"image\/png"}],"twitter_card":"summary_large_image","twitter_misc":{"Estimated reading time":"1 minute"},"schema":{"@context":"https:\/\/schema.org","@graph":[{"@type":"WebPage","@id":"https:\/\/www.dehydraw.tech\/produkt\/vanille-bio-vanilkove-kesu-kolacky-s-nakladanymi-tresnemi\/","url":"https:\/\/www.dehydraw.tech\/produkt\/vanille-bio-vanilkove-kesu-kolacky-s-nakladanymi-tresnemi\/","name":"VANILKOV\u00c9 KE\u0160U KOL\u00c1\u010cKY S NAKL\u00c1DAN\u00ddMI T\u0158E\u0160N\u011aMI 100g - dehydraw.tech","isPartOf":{"@id":"https:\/\/www.dehydraw.tech\/#website"},"primaryImageOfPage":{"@id":"https:\/\/www.dehydraw.tech\/produkt\/vanille-bio-vanilkove-kesu-kolacky-s-nakladanymi-tresnemi\/#primaryimage"},"image":{"@id":"https:\/\/www.dehydraw.tech\/produkt\/vanille-bio-vanilkove-kesu-kolacky-s-nakladanymi-tresnemi\/#primaryimage"},"thumbnailUrl":"https:\/\/www.dehydraw.tech\/wp-content\/uploads\/2023\/04\/IMG_3033.png","datePublished":"2023-04-27T17:16:16+00:00","dateModified":"2026-03-07T08:11:38+00:00","description":"Exkluzivn\u00ed RAW kol\u00e1\u010dky z ke\u0161u o\u0159\u00ed\u0161k\u016f, rafinovan\u011b dopln\u011bn\u00e9 chut\u00ed vanilky, zdoben\u00e9 RAW d\u017eemem ze su\u0161en\u00fdch vi\u0161n\u00ed, jsou skv\u011bl\u00e9 jako cukrov\u00ed nebo z\u00e1kusek k \u010daji.","breadcrumb":{"@id":"https:\/\/www.dehydraw.tech\/produkt\/vanille-bio-vanilkove-kesu-kolacky-s-nakladanymi-tresnemi\/#breadcrumb"},"inLanguage":"en-GB","potentialAction":[{"@type":"ReadAction","target":["https:\/\/www.dehydraw.tech\/produkt\/vanille-bio-vanilkove-kesu-kolacky-s-nakladanymi-tresnemi\/"]}]},{"@type":"ImageObject","inLanguage":"en-GB","@id":"https:\/\/www.dehydraw.tech\/produkt\/vanille-bio-vanilkove-kesu-kolacky-s-nakladanymi-tresnemi\/#primaryimage","url":"https:\/\/www.dehydraw.tech\/wp-content\/uploads\/2023\/04\/IMG_3033.png","contentUrl":"https:\/\/www.dehydraw.tech\/wp-content\/uploads\/2023\/04\/IMG_3033.png","width":1536,"height":1024},{"@type":"BreadcrumbList","@id":"https:\/\/www.dehydraw.tech\/produkt\/vanille-bio-vanilkove-kesu-kolacky-s-nakladanymi-tresnemi\/#breadcrumb","itemListElement":[{"@type":"ListItem","position":1,"name":"Dom\u016f","item":"https:\/\/www.dehydraw.tech\/"},{"@type":"ListItem","position":2,"name":"E-shop","item":"https:\/\/www.dehydraw.tech\/e-shop\/"},{"@type":"ListItem","position":3,"name":"VANILKOV\u00c9 KE\u0160U KOL\u00c1\u010cKY S NAKL\u00c1DAN\u00ddMI T\u0158E\u0160N\u011aMI 100g"}]},{"@type":"WebSite","@id":"https:\/\/www.dehydraw.tech\/#website","url":"https:\/\/www.dehydraw.tech\/","name":"dehydraw.tech","description":"Dehydraw Tech","publisher":{"@id":"https:\/\/www.dehydraw.tech\/#organization"},"potentialAction":[{"@type":"SearchAction","target":{"@type":"EntryPoint","urlTemplate":"https:\/\/www.dehydraw.tech\/?s={search_term_string}"},"query-input":{"@type":"PropertyValueSpecification","valueRequired":true,"valueName":"search_term_string"}}],"inLanguage":"en-GB"},{"@type":"Organization","@id":"https:\/\/www.dehydraw.tech\/#organization","name":"dehydraw.tech","url":"https:\/\/www.dehydraw.tech\/","logo":{"@type":"ImageObject","inLanguage":"en-GB","@id":"https:\/\/www.dehydraw.tech\/#\/schema\/logo\/image\/","url":"https:\/\/www.dehydraw.tech\/wp-content\/uploads\/2023\/01\/dehydraw-logo.png","contentUrl":"https:\/\/www.dehydraw.tech\/wp-content\/uploads\/2023\/01\/dehydraw-logo.png","width":700,"height":90,"caption":"dehydraw.tech"},"image":{"@id":"https:\/\/www.dehydraw.tech\/#\/schema\/logo\/image\/"}}]}},"_links":{"self":[{"href":"https:\/\/www.dehydraw.tech\/en\/wp-json\/wp\/v2\/product\/2894","targetHints":{"allow":["GET"]}}],"collection":[{"href":"https:\/\/www.dehydraw.tech\/en\/wp-json\/wp\/v2\/product"}],"about":[{"href":"https:\/\/www.dehydraw.tech\/en\/wp-json\/wp\/v2\/types\/product"}],"replies":[{"embeddable":true,"href":"https:\/\/www.dehydraw.tech\/en\/wp-json\/wp\/v2\/comments?post=2894"}],"wp:featuredmedia":[{"embeddable":true,"href":"https:\/\/www.dehydraw.tech\/en\/wp-json\/wp\/v2\/media\/3928"}],"wp:attachment":[{"href":"https:\/\/www.dehydraw.tech\/en\/wp-json\/wp\/v2\/media?parent=2894"}],"wp:term":[{"taxonomy":"product_cat","embeddable":true,"href":"https:\/\/www.dehydraw.tech\/en\/wp-json\/wp\/v2\/product_cat?post=2894"},{"taxonomy":"product_tag","embeddable":true,"href":"https:\/\/www.dehydraw.tech\/en\/wp-json\/wp\/v2\/product_tag?post=2894"}],"curies":[{"name":"wp","href":"https:\/\/api.w.org\/{rel}","templated":true}]}}