{"id":2892,"date":"2023-04-27T17:09:58","date_gmt":"2023-04-27T17:09:58","guid":{"rendered":"https:\/\/www.dehydraw.tech\/?post_type=product&#038;p=2892"},"modified":"2026-03-07T06:29:18","modified_gmt":"2026-03-07T06:29:18","slug":"bio-energy-rolky-jahodove-daiquiri","status":"publish","type":"product","link":"https:\/\/www.dehydraw.tech\/en\/product\/bio-energy-rolky-jahodove-daiquiri\/","title":{"rendered":"ENERGY ROLKY jahodov\u00e9 daiquiri 100g"},"content":{"rendered":"<p>Raw Fruit Cold Dried Rollsnacks. Contains 5% of natural guarana.<\/p>\n<p><strong>Slo\u017een\u00ed:<\/strong> ln\u011bn\u00e9 sem\u00ednko zlat\u00e9* \u00a0(43 %), raw sirup z ag\u00e1ve* (30 %), jahody* (12 %), slune\u010dnicov\u00e9 sem\u00ednko* \u00a0(8 %), guarana pr\u00e1\u0161ek* (5 %), limetka* (2 %) <em>* = produkt ekologick\u00e9ho zem\u011bd\u011bl\u0161t\u00edi\u00a0<\/em><\/p>\n<div class=\"_tableContainer_1rjym_1\">\n<div class=\"group _tableWrapper_1rjym_13 flex w-fit flex-col-reverse\" tabindex=\"-1\">\n<table class=\"w-fit min-w-(--thread-content-width)\" data-start=\"372\" data-end=\"634\">\n<thead data-start=\"372\" data-end=\"403\">\n<tr data-start=\"372\" data-end=\"403\">\n<th style=\"text-align: left;\" data-start=\"372\" data-end=\"391\" data-col-size=\"sm\">V\u00fd\u017eivov\u00e9 hodnoty<\/th>\n<th style=\"text-align: left;\" data-start=\"391\" data-end=\"403\" data-col-size=\"sm\">Na 100g<\/th>\n<\/tr>\n<\/thead>\n<tbody data-start=\"437\" data-end=\"634\">\n<tr data-start=\"437\" data-end=\"458\">\n<td data-start=\"437\" data-end=\"447\" data-col-size=\"sm\">Energie<\/td>\n<td data-start=\"447\" data-end=\"458\" data-col-size=\"sm\">1971 kJ<\/td>\n<\/tr>\n<tr data-start=\"459\" data-end=\"474\">\n<td data-start=\"459\" data-end=\"466\" data-col-size=\"sm\">Tuky<\/td>\n<td data-start=\"466\" data-end=\"474\" data-col-size=\"sm\">24 g<\/td>\n<\/tr>\n<tr data-start=\"475\" data-end=\"518\">\n<td data-start=\"475\" data-end=\"511\" data-col-size=\"sm\"><em>z toho nasycen\u00e9 mastn\u00e9 kyseliny<\/em><\/td>\n<td data-start=\"511\" data-end=\"518\" data-col-size=\"sm\"><em>2 g<\/em><\/td>\n<\/tr>\n<tr data-start=\"519\" data-end=\"550\">\n<td data-start=\"519\" data-end=\"542\" data-col-size=\"sm\">Sacharidy vyu\u017eiteln\u00e9<\/td>\n<td data-start=\"542\" data-end=\"550\" data-col-size=\"sm\">43 g<\/td>\n<\/tr>\n<tr data-start=\"551\" data-end=\"576\">\n<td data-start=\"551\" data-end=\"568\" data-col-size=\"sm\"><em>z toho cukry<\/em><\/td>\n<td data-start=\"568\" data-end=\"576\" data-col-size=\"sm\"><em>38 g<\/em><\/td>\n<\/tr>\n<tr data-start=\"577\" data-end=\"596\">\n<td data-start=\"577\" data-end=\"588\" data-col-size=\"sm\">Vl\u00e1knina<\/td>\n<td data-start=\"588\" data-end=\"596\" data-col-size=\"sm\">18 g<\/td>\n<\/tr>\n<tr data-start=\"597\" data-end=\"617\">\n<td data-start=\"597\" data-end=\"609\" data-col-size=\"sm\">B\u00edlkoviny<\/td>\n<td data-start=\"609\" data-end=\"617\" data-col-size=\"sm\">11 g<\/td>\n<\/tr>\n<tr data-start=\"618\" data-end=\"634\">\n<td data-start=\"618\" data-end=\"624\" data-col-size=\"sm\">S\u016fl<\/td>\n<td data-start=\"624\" data-end=\"634\" data-col-size=\"sm\">0,04 g<\/td>\n<\/tr>\n<\/tbody>\n<\/table>\n<\/div>\n<\/div>\n<p><em>Uveden\u00e9 v\u00fd\u017eivov\u00e9 hodnoty jsou pr\u016fm\u011brn\u00e9 a mohou se li\u0161it v z\u00e1vislosti na zralosti, sez\u00f3n\u011b a zp\u016fsobu skladov\u00e1n\u00ed.<\/em><\/p>\n<p><strong data-start=\"1509\" data-end=\"1548\">\u2714\ufe0fRAW GUARANTEE \u2714\ufe0fECO FRIENDLY \u2714\ufe0fSTOP FOOD WASTE \u2714\ufe0fGLUTEN-FREE<\/strong><strong data-start=\"1551\" data-end=\"1600\">\u00a0\u2714\ufe0fINNOVATOR \u2714\ufe0fGUARANTEE OF ORIGIN<\/strong><\/p>","protected":false},"excerpt":{"rendered":"<p>T\u00e9to exkluzivn\u011b delikatesn\u00ed jahodov\u00e9 ln\u011bn\u00e9 rolky obsahuje 5 % p\u0159\u00edrodn\u00ed guarany, co\u017e odpov\u00edd\u00e1 80 mg kofeinu. P\u0159\u00edrodn\u00ed zdroj vitam\u00ednu C. Jsou su\u0161en\u00e9 za studena, tak\u017ee si uchov\u00e1vaj\u00ed v\u0161echny sv\u00e9 \u017eiviny v p\u016fvodn\u00ed neznehodnocen\u00e9 form\u011b. Slo\u017een\u00ed: ln\u011bn\u00e9 sem\u00ednko zlat\u00e9* \u00a0(43 %), raw sirup z ag\u00e1ve* (30 %), jahody* (12 %), slune\u010dnicov\u00e9 sem\u00ednko* \u00a0(8 %), guarana pr\u00e1\u0161ek*&#8230;<\/p>","protected":false},"featured_media":3916,"comment_status":"open","ping_status":"closed","template":"","meta":{"_kadence_starter_templates_imported_post":false,"_kad_post_transparent":"default","_kad_post_title":"","_kad_post_layout":"default","_kad_post_sidebar_id":"","_kad_post_content_style":"default","_kad_post_vertical_padding":"default","_kad_post_feature":"","_kad_post_feature_position":"","_kad_post_header":false,"_kad_post_footer":false},"product_cat":[60],"product_tag":[],"class_list":{"0":"post-2892","1":"product","2":"type-product","3":"status-publish","4":"has-post-thumbnail","6":"product_cat-endurance-edice","7":"product_shipping_class-placena","9":"first","10":"instock","11":"taxable","12":"shipping-taxable","13":"purchasable","14":"product-type-simple","15":"entry","16":"content-bg","17":"loop-entry"},"yoast_head":"<!-- This site is optimized with the Yoast SEO plugin v24.0 - https:\/\/yoast.com\/wordpress\/plugins\/seo\/ -->\n<title>ENERGY ROLKY jahodov\u00e9 daiquiri 100g - dehydraw.tech<\/title>\n<meta name=\"description\" content=\"BIO ENERGY ROLKY jahodov\u00e9 daiquiri. P\u0159\u00edrodn\u00ed zdroj vitam\u00ednu C a energie z extraktu semen guarany, su\u0161en\u00e9 za studenta.\" \/>\n<meta name=\"robots\" content=\"index, follow, max-snippet:-1, max-image-preview:large, max-video-preview:-1\" \/>\n<link rel=\"canonical\" href=\"https:\/\/www.dehydraw.tech\/en\/product\/bio-energy-rolky-jahodove-daiquiri\/\" \/>\n<meta property=\"og:locale\" content=\"en_GB\" \/>\n<meta property=\"og:type\" content=\"article\" \/>\n<meta property=\"og:title\" content=\"ENERGY ROLKY jahodov\u00e9 daiquiri 100g - dehydraw.tech\" \/>\n<meta property=\"og:description\" content=\"BIO ENERGY ROLKY jahodov\u00e9 daiquiri. P\u0159\u00edrodn\u00ed zdroj vitam\u00ednu C a energie z extraktu semen guarany, su\u0161en\u00e9 za studenta.\" \/>\n<meta property=\"og:url\" content=\"https:\/\/www.dehydraw.tech\/en\/product\/bio-energy-rolky-jahodove-daiquiri\/\" \/>\n<meta property=\"og:site_name\" content=\"dehydraw.tech\" \/>\n<meta property=\"article:modified_time\" content=\"2026-03-07T06:29:18+00:00\" \/>\n<meta property=\"og:image\" content=\"http:\/\/www.dehydraw.tech\/wp-content\/uploads\/2023\/04\/IMG_3020-1024x683.png\" \/>\n\t<meta property=\"og:image:width\" content=\"1024\" \/>\n\t<meta property=\"og:image:height\" content=\"683\" \/>\n\t<meta property=\"og:image:type\" content=\"image\/png\" \/>\n<meta name=\"twitter:card\" content=\"summary_large_image\" \/>\n<meta name=\"twitter:label1\" content=\"Estimated reading time\" \/>\n\t<meta name=\"twitter:data1\" content=\"1 minute\" \/>\n<script type=\"application\/ld+json\" class=\"yoast-schema-graph\">{\"@context\":\"https:\/\/schema.org\",\"@graph\":[{\"@type\":\"WebPage\",\"@id\":\"https:\/\/www.dehydraw.tech\/produkt\/bio-energy-rolky-jahodove-daiquiri\/\",\"url\":\"https:\/\/www.dehydraw.tech\/produkt\/bio-energy-rolky-jahodove-daiquiri\/\",\"name\":\"ENERGY ROLKY jahodov\u00e9 daiquiri 100g - dehydraw.tech\",\"isPartOf\":{\"@id\":\"https:\/\/www.dehydraw.tech\/#website\"},\"primaryImageOfPage\":{\"@id\":\"https:\/\/www.dehydraw.tech\/produkt\/bio-energy-rolky-jahodove-daiquiri\/#primaryimage\"},\"image\":{\"@id\":\"https:\/\/www.dehydraw.tech\/produkt\/bio-energy-rolky-jahodove-daiquiri\/#primaryimage\"},\"thumbnailUrl\":\"https:\/\/www.dehydraw.tech\/wp-content\/uploads\/2023\/04\/IMG_3020.png\",\"datePublished\":\"2023-04-27T17:09:58+00:00\",\"dateModified\":\"2026-03-07T06:29:18+00:00\",\"description\":\"BIO ENERGY ROLKY jahodov\u00e9 daiquiri. P\u0159\u00edrodn\u00ed zdroj vitam\u00ednu C a energie z extraktu semen guarany, su\u0161en\u00e9 za studenta.\",\"breadcrumb\":{\"@id\":\"https:\/\/www.dehydraw.tech\/produkt\/bio-energy-rolky-jahodove-daiquiri\/#breadcrumb\"},\"inLanguage\":\"en-GB\",\"potentialAction\":[{\"@type\":\"ReadAction\",\"target\":[\"https:\/\/www.dehydraw.tech\/produkt\/bio-energy-rolky-jahodove-daiquiri\/\"]}]},{\"@type\":\"ImageObject\",\"inLanguage\":\"en-GB\",\"@id\":\"https:\/\/www.dehydraw.tech\/produkt\/bio-energy-rolky-jahodove-daiquiri\/#primaryimage\",\"url\":\"https:\/\/www.dehydraw.tech\/wp-content\/uploads\/2023\/04\/IMG_3020.png\",\"contentUrl\":\"https:\/\/www.dehydraw.tech\/wp-content\/uploads\/2023\/04\/IMG_3020.png\",\"width\":1536,\"height\":1024},{\"@type\":\"BreadcrumbList\",\"@id\":\"https:\/\/www.dehydraw.tech\/produkt\/bio-energy-rolky-jahodove-daiquiri\/#breadcrumb\",\"itemListElement\":[{\"@type\":\"ListItem\",\"position\":1,\"name\":\"Dom\u016f\",\"item\":\"https:\/\/www.dehydraw.tech\/\"},{\"@type\":\"ListItem\",\"position\":2,\"name\":\"E-shop\",\"item\":\"https:\/\/www.dehydraw.tech\/e-shop\/\"},{\"@type\":\"ListItem\",\"position\":3,\"name\":\"ENERGY ROLKY jahodov\u00e9 daiquiri 100g\"}]},{\"@type\":\"WebSite\",\"@id\":\"https:\/\/www.dehydraw.tech\/#website\",\"url\":\"https:\/\/www.dehydraw.tech\/\",\"name\":\"dehydraw.tech\",\"description\":\"Dehydraw Tech\",\"publisher\":{\"@id\":\"https:\/\/www.dehydraw.tech\/#organization\"},\"potentialAction\":[{\"@type\":\"SearchAction\",\"target\":{\"@type\":\"EntryPoint\",\"urlTemplate\":\"https:\/\/www.dehydraw.tech\/?s={search_term_string}\"},\"query-input\":{\"@type\":\"PropertyValueSpecification\",\"valueRequired\":true,\"valueName\":\"search_term_string\"}}],\"inLanguage\":\"en-GB\"},{\"@type\":\"Organization\",\"@id\":\"https:\/\/www.dehydraw.tech\/#organization\",\"name\":\"dehydraw.tech\",\"url\":\"https:\/\/www.dehydraw.tech\/\",\"logo\":{\"@type\":\"ImageObject\",\"inLanguage\":\"en-GB\",\"@id\":\"https:\/\/www.dehydraw.tech\/#\/schema\/logo\/image\/\",\"url\":\"https:\/\/www.dehydraw.tech\/wp-content\/uploads\/2023\/01\/dehydraw-logo.png\",\"contentUrl\":\"https:\/\/www.dehydraw.tech\/wp-content\/uploads\/2023\/01\/dehydraw-logo.png\",\"width\":700,\"height\":90,\"caption\":\"dehydraw.tech\"},\"image\":{\"@id\":\"https:\/\/www.dehydraw.tech\/#\/schema\/logo\/image\/\"}}]}<\/script>\n<!-- \/ Yoast SEO plugin. -->","yoast_head_json":{"title":"ENERGY ROLKY jahodov\u00e9 daiquiri 100g - dehydraw.tech","description":"BIO ENERGY ROLKY jahodov\u00e9 daiquiri. P\u0159\u00edrodn\u00ed zdroj vitam\u00ednu C a energie z extraktu semen guarany, su\u0161en\u00e9 za studenta.","robots":{"index":"index","follow":"follow","max-snippet":"max-snippet:-1","max-image-preview":"max-image-preview:large","max-video-preview":"max-video-preview:-1"},"canonical":"https:\/\/www.dehydraw.tech\/en\/product\/bio-energy-rolky-jahodove-daiquiri\/","og_locale":"en_GB","og_type":"article","og_title":"ENERGY ROLKY jahodov\u00e9 daiquiri 100g - dehydraw.tech","og_description":"BIO ENERGY ROLKY jahodov\u00e9 daiquiri. P\u0159\u00edrodn\u00ed zdroj vitam\u00ednu C a energie z extraktu semen guarany, su\u0161en\u00e9 za studenta.","og_url":"https:\/\/www.dehydraw.tech\/en\/product\/bio-energy-rolky-jahodove-daiquiri\/","og_site_name":"dehydraw.tech","article_modified_time":"2026-03-07T06:29:18+00:00","og_image":[{"width":1024,"height":683,"url":"http:\/\/www.dehydraw.tech\/wp-content\/uploads\/2023\/04\/IMG_3020-1024x683.png","type":"image\/png"}],"twitter_card":"summary_large_image","twitter_misc":{"Estimated reading time":"1 minute"},"schema":{"@context":"https:\/\/schema.org","@graph":[{"@type":"WebPage","@id":"https:\/\/www.dehydraw.tech\/produkt\/bio-energy-rolky-jahodove-daiquiri\/","url":"https:\/\/www.dehydraw.tech\/produkt\/bio-energy-rolky-jahodove-daiquiri\/","name":"ENERGY ROLKY jahodov\u00e9 daiquiri 100g - dehydraw.tech","isPartOf":{"@id":"https:\/\/www.dehydraw.tech\/#website"},"primaryImageOfPage":{"@id":"https:\/\/www.dehydraw.tech\/produkt\/bio-energy-rolky-jahodove-daiquiri\/#primaryimage"},"image":{"@id":"https:\/\/www.dehydraw.tech\/produkt\/bio-energy-rolky-jahodove-daiquiri\/#primaryimage"},"thumbnailUrl":"https:\/\/www.dehydraw.tech\/wp-content\/uploads\/2023\/04\/IMG_3020.png","datePublished":"2023-04-27T17:09:58+00:00","dateModified":"2026-03-07T06:29:18+00:00","description":"BIO ENERGY ROLKY jahodov\u00e9 daiquiri. P\u0159\u00edrodn\u00ed zdroj vitam\u00ednu C a energie z extraktu semen guarany, su\u0161en\u00e9 za studenta.","breadcrumb":{"@id":"https:\/\/www.dehydraw.tech\/produkt\/bio-energy-rolky-jahodove-daiquiri\/#breadcrumb"},"inLanguage":"en-GB","potentialAction":[{"@type":"ReadAction","target":["https:\/\/www.dehydraw.tech\/produkt\/bio-energy-rolky-jahodove-daiquiri\/"]}]},{"@type":"ImageObject","inLanguage":"en-GB","@id":"https:\/\/www.dehydraw.tech\/produkt\/bio-energy-rolky-jahodove-daiquiri\/#primaryimage","url":"https:\/\/www.dehydraw.tech\/wp-content\/uploads\/2023\/04\/IMG_3020.png","contentUrl":"https:\/\/www.dehydraw.tech\/wp-content\/uploads\/2023\/04\/IMG_3020.png","width":1536,"height":1024},{"@type":"BreadcrumbList","@id":"https:\/\/www.dehydraw.tech\/produkt\/bio-energy-rolky-jahodove-daiquiri\/#breadcrumb","itemListElement":[{"@type":"ListItem","position":1,"name":"Dom\u016f","item":"https:\/\/www.dehydraw.tech\/"},{"@type":"ListItem","position":2,"name":"E-shop","item":"https:\/\/www.dehydraw.tech\/e-shop\/"},{"@type":"ListItem","position":3,"name":"ENERGY ROLKY jahodov\u00e9 daiquiri 100g"}]},{"@type":"WebSite","@id":"https:\/\/www.dehydraw.tech\/#website","url":"https:\/\/www.dehydraw.tech\/","name":"dehydraw.tech","description":"Dehydraw Tech","publisher":{"@id":"https:\/\/www.dehydraw.tech\/#organization"},"potentialAction":[{"@type":"SearchAction","target":{"@type":"EntryPoint","urlTemplate":"https:\/\/www.dehydraw.tech\/?s={search_term_string}"},"query-input":{"@type":"PropertyValueSpecification","valueRequired":true,"valueName":"search_term_string"}}],"inLanguage":"en-GB"},{"@type":"Organization","@id":"https:\/\/www.dehydraw.tech\/#organization","name":"dehydraw.tech","url":"https:\/\/www.dehydraw.tech\/","logo":{"@type":"ImageObject","inLanguage":"en-GB","@id":"https:\/\/www.dehydraw.tech\/#\/schema\/logo\/image\/","url":"https:\/\/www.dehydraw.tech\/wp-content\/uploads\/2023\/01\/dehydraw-logo.png","contentUrl":"https:\/\/www.dehydraw.tech\/wp-content\/uploads\/2023\/01\/dehydraw-logo.png","width":700,"height":90,"caption":"dehydraw.tech"},"image":{"@id":"https:\/\/www.dehydraw.tech\/#\/schema\/logo\/image\/"}}]}},"_links":{"self":[{"href":"https:\/\/www.dehydraw.tech\/en\/wp-json\/wp\/v2\/product\/2892","targetHints":{"allow":["GET"]}}],"collection":[{"href":"https:\/\/www.dehydraw.tech\/en\/wp-json\/wp\/v2\/product"}],"about":[{"href":"https:\/\/www.dehydraw.tech\/en\/wp-json\/wp\/v2\/types\/product"}],"replies":[{"embeddable":true,"href":"https:\/\/www.dehydraw.tech\/en\/wp-json\/wp\/v2\/comments?post=2892"}],"wp:featuredmedia":[{"embeddable":true,"href":"https:\/\/www.dehydraw.tech\/en\/wp-json\/wp\/v2\/media\/3916"}],"wp:attachment":[{"href":"https:\/\/www.dehydraw.tech\/en\/wp-json\/wp\/v2\/media?parent=2892"}],"wp:term":[{"taxonomy":"product_cat","embeddable":true,"href":"https:\/\/www.dehydraw.tech\/en\/wp-json\/wp\/v2\/product_cat?post=2892"},{"taxonomy":"product_tag","embeddable":true,"href":"https:\/\/www.dehydraw.tech\/en\/wp-json\/wp\/v2\/product_tag?post=2892"}],"curies":[{"name":"wp","href":"https:\/\/api.w.org\/{rel}","templated":true}]}}