{"id":2891,"date":"2023-04-27T17:06:42","date_gmt":"2023-04-27T17:06:42","guid":{"rendered":"https:\/\/www.dehydraw.tech\/?post_type=product&#038;p=2891"},"modified":"2026-03-07T06:38:52","modified_gmt":"2026-03-07T06:38:52","slug":"bio-ovesne-chlebicky-s-morskou-rasou-a-islandskou-lavovou-soli","status":"publish","type":"product","link":"https:\/\/www.dehydraw.tech\/en\/product\/bio-ovesne-chlebicky-s-morskou-rasou-a-islandskou-lavovou-soli\/","title":{"rendered":"OVESN\u00c9 CHLEB\u00cd\u010cKY s mo\u0159skou \u0159asou a islandskou l\u00e1vovou sol\u00ed 300g"},"content":{"rendered":"<p>Na\u0161e chutn\u00e9, pomalu pe\u010den\u00e9 chlebi\u010dky, stejn\u011b jako na\u0161e syrov\u00e9 krekry, jsou vyrobeny na b\u00e1zi aktivovan\u00fdch sem\u00ednek. Mimo skv\u011bl\u00e9 chuti je skv\u011bl\u00fdm zdrojem p\u0159\u00edrodn\u00ed vl\u00e1kniny z ovesn\u00fdch vlo\u010dek a o\u0159\u00ed\u0161k\u016f, kter\u00e1 t\u011b spole\u010dn\u011b s komplexn\u00edmi sacharidy spolehliv\u011b zasyt\u00ed a podpo\u0159\u00ed funkci st\u0159evn\u00edho traktu<\/p>\n<p data-start=\"125\" data-end=\"455\"><strong>Slo\u017een\u00ed:<\/strong> ovesn\u00e9 vlo\u010dky* (35 %), ara\u0161\u00eddy* (20 %), slune\u010dnicov\u00e1 sem\u00ednka j\u00e1dra* \u00a0(10 %), ln\u011bn\u00e9 sem\u00ednko zlat\u00e9* \u00a0(10 %), d\u00fd\u0148ov\u00e9 sem\u00ednko* \u00a0(10 %), kokosov\u00fd o\u0159ech strouhan\u00fd* (8 %), mo\u0159sk\u00e9 \u0159asy vlo\u010dky* (5 %), z\u00e1zvor* (1 %), pep\u0159 \u010dern\u00fd mlet\u00fd* (&lt;1 %), l\u00e1vov\u00e1 islandsk\u00e1 s\u016fl (&lt;1 %) <em>* = produkt ekologick\u00e9ho zem\u011bd\u011blstv\u00ed<\/em><\/p>\n<h3 data-start=\"462\" data-end=\"496\"><strong data-start=\"466\" data-end=\"496\">V\u00fd\u017eivov\u00e9 hodnoty na 100 g:<\/strong><\/h3>\n<div class=\"_tableContainer_1rjym_1\">\n<div class=\"group _tableWrapper_1rjym_13 flex w-fit flex-col-reverse\" tabindex=\"-1\">\n<table class=\"w-fit min-w-(--thread-content-width)\" data-start=\"498\" data-end=\"779\">\n<thead data-start=\"498\" data-end=\"529\">\n<tr data-start=\"498\" data-end=\"529\">\n<th style=\"text-align: left;\" data-start=\"498\" data-end=\"517\" data-col-size=\"sm\">V\u00fd\u017eivov\u00e9 hodnoty<\/th>\n<th style=\"text-align: left;\" data-start=\"517\" data-end=\"529\" data-col-size=\"sm\">Na 100g<\/th>\n<\/tr>\n<\/thead>\n<tbody data-start=\"563\" data-end=\"779\">\n<tr data-start=\"563\" data-end=\"599\">\n<td data-start=\"563\" data-end=\"573\" data-col-size=\"sm\">Energie<\/td>\n<td data-start=\"573\" data-end=\"599\" data-col-size=\"sm\">1985,1 kJ \/ 477,3 kcal<\/td>\n<\/tr>\n<tr data-start=\"600\" data-end=\"617\">\n<td data-start=\"600\" data-end=\"607\" data-col-size=\"sm\">Tuky<\/td>\n<td data-start=\"607\" data-end=\"617\" data-col-size=\"sm\">29,7 g<\/td>\n<\/tr>\n<tr data-start=\"618\" data-end=\"663\">\n<td data-start=\"618\" data-end=\"654\" data-col-size=\"sm\"><em>z toho nasycen\u00e9 mastn\u00e9 kyseliny<\/em><\/td>\n<td data-start=\"654\" data-end=\"663\" data-col-size=\"sm\"><em>3,9 g<\/em><\/td>\n<\/tr>\n<tr data-start=\"664\" data-end=\"691\">\n<td data-start=\"664\" data-end=\"683\" data-col-size=\"sm\">Sacharidy celkem<\/td>\n<td data-start=\"683\" data-end=\"691\" data-col-size=\"sm\">36 g<\/td>\n<\/tr>\n<tr data-start=\"692\" data-end=\"718\">\n<td data-start=\"692\" data-end=\"709\" data-col-size=\"sm\"><em>z toho cukry<\/em><\/td>\n<td data-start=\"709\" data-end=\"718\" data-col-size=\"sm\"><em>1,6 g<\/em><\/td>\n<\/tr>\n<tr data-start=\"719\" data-end=\"740\">\n<td data-start=\"719\" data-end=\"730\" data-col-size=\"sm\">Vl\u00e1knina<\/td>\n<td data-start=\"730\" data-end=\"740\" data-col-size=\"sm\">10,4 g<\/td>\n<\/tr>\n<tr data-start=\"741\" data-end=\"763\">\n<td data-start=\"741\" data-end=\"753\" data-col-size=\"sm\">B\u00edlkoviny<\/td>\n<td data-start=\"753\" data-end=\"763\" data-col-size=\"sm\">18,2 g<\/td>\n<\/tr>\n<tr data-start=\"764\" data-end=\"779\">\n<td data-start=\"764\" data-end=\"770\" data-col-size=\"sm\">S\u016fl<\/td>\n<td data-start=\"770\" data-end=\"779\" data-col-size=\"sm\">1,1 g<\/td>\n<\/tr>\n<\/tbody>\n<\/table>\n<\/div>\n<\/div>\n<div class=\"_tableContainer_1rjym_1\">\n<div class=\"group _tableWrapper_1rjym_13 flex w-fit flex-col-reverse\" tabindex=\"-1\">\n<p><em>Uveden\u00e9 v\u00fd\u017eivov\u00e9 hodnoty jsou pr\u016fm\u011brn\u00e9 a mohou se li\u0161it v z\u00e1vislosti na zralosti, sez\u00f3n\u011b a zp\u016fsobu skladov\u00e1n\u00ed.<\/em><\/p>\n<p><strong data-start=\"1509\" data-end=\"1548\">\u2714\ufe0fSLOW BAKERY \u2714\ufe0fECO FRIENDLY \u2714\ufe0fSTOP FOOD WASTE \u2714\ufe0fGLUTEN-FREE<\/strong><strong data-start=\"1551\" data-end=\"1600\"> \u2714\ufe0f PLANT BASED \u2714\ufe0fGUARANTEE OF ORIGIN<\/strong><\/p>\n<\/div>\n<\/div>\n<p>&nbsp;<\/p>","protected":false},"excerpt":{"rendered":"<p>Na\u0161e chutn\u00e9, pomalu pe\u010den\u00e9 chlebi\u010dky, stejn\u011b jako na\u0161e syrov\u00e9 krekry, jsou vyrobeny na b\u00e1zi aktivovan\u00fdch sem\u00ednek. Mimo skv\u011bl\u00e9 chuti je skv\u011bl\u00fdm zdrojem p\u0159\u00edrodn\u00ed vl\u00e1kniny z ovesn\u00fdch vlo\u010dek a o\u0159\u00ed\u0161k\u016f, kter\u00e1 t\u011b spole\u010dn\u011b s komplexn\u00edmi sacharidy spolehliv\u011b zasyt\u00ed a podpo\u0159\u00ed funkci st\u0159evn\u00edho traktu Slo\u017een\u00ed: ovesn\u00e9 vlo\u010dky* (35 %), ara\u0161\u00eddy* (20 %), slune\u010dnicov\u00e1 sem\u00ednka j\u00e1dra* \u00a0(10 %),&#8230;<\/p>","protected":false},"featured_media":3917,"comment_status":"open","ping_status":"closed","template":"","meta":{"_kadence_starter_templates_imported_post":false,"_kad_post_transparent":"default","_kad_post_title":"","_kad_post_layout":"default","_kad_post_sidebar_id":"","_kad_post_content_style":"default","_kad_post_vertical_padding":"default","_kad_post_feature":"","_kad_post_feature_position":"","_kad_post_header":false,"_kad_post_footer":false},"product_cat":[60],"product_tag":[],"class_list":{"0":"post-2891","1":"product","2":"type-product","3":"status-publish","4":"has-post-thumbnail","6":"product_cat-endurance-edice","8":"first","9":"instock","10":"taxable","11":"shipping-taxable","12":"purchasable","13":"product-type-simple","14":"entry","15":"content-bg","16":"loop-entry"},"yoast_head":"<!-- This site is optimized with the Yoast SEO plugin v24.0 - https:\/\/yoast.com\/wordpress\/plugins\/seo\/ -->\n<title>OVESN\u00c9 CHLEB\u00cd\u010cKY s mo\u0159skou \u0159asou a islandskou l\u00e1vovou sol\u00ed 300g - dehydraw.tech<\/title>\n<meta name=\"description\" content=\"V\u00fd\u017eivov\u011b bohat\u00e9 s vysok\u00fdm obsahem Beta-Glukanu, su\u0161en\u00e9 za studena. Hmotnost: 300g. Endurance edice.\" \/>\n<meta name=\"robots\" content=\"index, follow, max-snippet:-1, max-image-preview:large, max-video-preview:-1\" \/>\n<link rel=\"canonical\" href=\"https:\/\/www.dehydraw.tech\/en\/product\/bio-ovesne-chlebicky-s-morskou-rasou-a-islandskou-lavovou-soli\/\" \/>\n<meta property=\"og:locale\" content=\"en_GB\" \/>\n<meta property=\"og:type\" content=\"article\" \/>\n<meta property=\"og:title\" content=\"OVESN\u00c9 CHLEB\u00cd\u010cKY s mo\u0159skou \u0159asou a islandskou l\u00e1vovou sol\u00ed 300g - dehydraw.tech\" \/>\n<meta property=\"og:description\" content=\"V\u00fd\u017eivov\u011b bohat\u00e9 s vysok\u00fdm obsahem Beta-Glukanu, su\u0161en\u00e9 za studena. Hmotnost: 300g. Endurance edice.\" \/>\n<meta property=\"og:url\" content=\"https:\/\/www.dehydraw.tech\/en\/product\/bio-ovesne-chlebicky-s-morskou-rasou-a-islandskou-lavovou-soli\/\" \/>\n<meta property=\"og:site_name\" content=\"dehydraw.tech\" \/>\n<meta property=\"article:modified_time\" content=\"2026-03-07T06:38:52+00:00\" \/>\n<meta property=\"og:image\" content=\"http:\/\/www.dehydraw.tech\/wp-content\/uploads\/2023\/04\/IMG_3021-1024x683.png\" \/>\n\t<meta property=\"og:image:width\" content=\"1024\" \/>\n\t<meta property=\"og:image:height\" content=\"683\" \/>\n\t<meta property=\"og:image:type\" content=\"image\/png\" \/>\n<meta name=\"twitter:card\" content=\"summary_large_image\" \/>\n<meta name=\"twitter:label1\" content=\"Estimated reading time\" \/>\n\t<meta name=\"twitter:data1\" content=\"2 minutes\" \/>\n<script type=\"application\/ld+json\" class=\"yoast-schema-graph\">{\"@context\":\"https:\/\/schema.org\",\"@graph\":[{\"@type\":\"WebPage\",\"@id\":\"https:\/\/www.dehydraw.tech\/produkt\/bio-ovesne-chlebicky-s-morskou-rasou-a-islandskou-lavovou-soli\/\",\"url\":\"https:\/\/www.dehydraw.tech\/produkt\/bio-ovesne-chlebicky-s-morskou-rasou-a-islandskou-lavovou-soli\/\",\"name\":\"OVESN\u00c9 CHLEB\u00cd\u010cKY s mo\u0159skou \u0159asou a islandskou l\u00e1vovou sol\u00ed 300g - dehydraw.tech\",\"isPartOf\":{\"@id\":\"https:\/\/www.dehydraw.tech\/#website\"},\"primaryImageOfPage\":{\"@id\":\"https:\/\/www.dehydraw.tech\/produkt\/bio-ovesne-chlebicky-s-morskou-rasou-a-islandskou-lavovou-soli\/#primaryimage\"},\"image\":{\"@id\":\"https:\/\/www.dehydraw.tech\/produkt\/bio-ovesne-chlebicky-s-morskou-rasou-a-islandskou-lavovou-soli\/#primaryimage\"},\"thumbnailUrl\":\"https:\/\/www.dehydraw.tech\/wp-content\/uploads\/2023\/04\/IMG_3021.png\",\"datePublished\":\"2023-04-27T17:06:42+00:00\",\"dateModified\":\"2026-03-07T06:38:52+00:00\",\"description\":\"V\u00fd\u017eivov\u011b bohat\u00e9 s vysok\u00fdm obsahem Beta-Glukanu, su\u0161en\u00e9 za studena. Hmotnost: 300g. Endurance edice.\",\"breadcrumb\":{\"@id\":\"https:\/\/www.dehydraw.tech\/produkt\/bio-ovesne-chlebicky-s-morskou-rasou-a-islandskou-lavovou-soli\/#breadcrumb\"},\"inLanguage\":\"en-GB\",\"potentialAction\":[{\"@type\":\"ReadAction\",\"target\":[\"https:\/\/www.dehydraw.tech\/produkt\/bio-ovesne-chlebicky-s-morskou-rasou-a-islandskou-lavovou-soli\/\"]}]},{\"@type\":\"ImageObject\",\"inLanguage\":\"en-GB\",\"@id\":\"https:\/\/www.dehydraw.tech\/produkt\/bio-ovesne-chlebicky-s-morskou-rasou-a-islandskou-lavovou-soli\/#primaryimage\",\"url\":\"https:\/\/www.dehydraw.tech\/wp-content\/uploads\/2023\/04\/IMG_3021.png\",\"contentUrl\":\"https:\/\/www.dehydraw.tech\/wp-content\/uploads\/2023\/04\/IMG_3021.png\",\"width\":1536,\"height\":1024},{\"@type\":\"BreadcrumbList\",\"@id\":\"https:\/\/www.dehydraw.tech\/produkt\/bio-ovesne-chlebicky-s-morskou-rasou-a-islandskou-lavovou-soli\/#breadcrumb\",\"itemListElement\":[{\"@type\":\"ListItem\",\"position\":1,\"name\":\"Dom\u016f\",\"item\":\"https:\/\/www.dehydraw.tech\/\"},{\"@type\":\"ListItem\",\"position\":2,\"name\":\"E-shop\",\"item\":\"https:\/\/www.dehydraw.tech\/e-shop\/\"},{\"@type\":\"ListItem\",\"position\":3,\"name\":\"OVESN\u00c9 CHLEB\u00cd\u010cKY s mo\u0159skou \u0159asou a islandskou l\u00e1vovou sol\u00ed 300g\"}]},{\"@type\":\"WebSite\",\"@id\":\"https:\/\/www.dehydraw.tech\/#website\",\"url\":\"https:\/\/www.dehydraw.tech\/\",\"name\":\"dehydraw.tech\",\"description\":\"Dehydraw Tech\",\"publisher\":{\"@id\":\"https:\/\/www.dehydraw.tech\/#organization\"},\"potentialAction\":[{\"@type\":\"SearchAction\",\"target\":{\"@type\":\"EntryPoint\",\"urlTemplate\":\"https:\/\/www.dehydraw.tech\/?s={search_term_string}\"},\"query-input\":{\"@type\":\"PropertyValueSpecification\",\"valueRequired\":true,\"valueName\":\"search_term_string\"}}],\"inLanguage\":\"en-GB\"},{\"@type\":\"Organization\",\"@id\":\"https:\/\/www.dehydraw.tech\/#organization\",\"name\":\"dehydraw.tech\",\"url\":\"https:\/\/www.dehydraw.tech\/\",\"logo\":{\"@type\":\"ImageObject\",\"inLanguage\":\"en-GB\",\"@id\":\"https:\/\/www.dehydraw.tech\/#\/schema\/logo\/image\/\",\"url\":\"https:\/\/www.dehydraw.tech\/wp-content\/uploads\/2023\/01\/dehydraw-logo.png\",\"contentUrl\":\"https:\/\/www.dehydraw.tech\/wp-content\/uploads\/2023\/01\/dehydraw-logo.png\",\"width\":700,\"height\":90,\"caption\":\"dehydraw.tech\"},\"image\":{\"@id\":\"https:\/\/www.dehydraw.tech\/#\/schema\/logo\/image\/\"}}]}<\/script>\n<!-- \/ Yoast SEO plugin. -->","yoast_head_json":{"title":"OVESN\u00c9 CHLEB\u00cd\u010cKY s mo\u0159skou \u0159asou a islandskou l\u00e1vovou sol\u00ed 300g - dehydraw.tech","description":"V\u00fd\u017eivov\u011b bohat\u00e9 s vysok\u00fdm obsahem Beta-Glukanu, su\u0161en\u00e9 za studena. Hmotnost: 300g. Endurance edice.","robots":{"index":"index","follow":"follow","max-snippet":"max-snippet:-1","max-image-preview":"max-image-preview:large","max-video-preview":"max-video-preview:-1"},"canonical":"https:\/\/www.dehydraw.tech\/en\/product\/bio-ovesne-chlebicky-s-morskou-rasou-a-islandskou-lavovou-soli\/","og_locale":"en_GB","og_type":"article","og_title":"OVESN\u00c9 CHLEB\u00cd\u010cKY s mo\u0159skou \u0159asou a islandskou l\u00e1vovou sol\u00ed 300g - dehydraw.tech","og_description":"V\u00fd\u017eivov\u011b bohat\u00e9 s vysok\u00fdm obsahem Beta-Glukanu, su\u0161en\u00e9 za studena. Hmotnost: 300g. Endurance edice.","og_url":"https:\/\/www.dehydraw.tech\/en\/product\/bio-ovesne-chlebicky-s-morskou-rasou-a-islandskou-lavovou-soli\/","og_site_name":"dehydraw.tech","article_modified_time":"2026-03-07T06:38:52+00:00","og_image":[{"width":1024,"height":683,"url":"http:\/\/www.dehydraw.tech\/wp-content\/uploads\/2023\/04\/IMG_3021-1024x683.png","type":"image\/png"}],"twitter_card":"summary_large_image","twitter_misc":{"Estimated reading time":"2 minutes"},"schema":{"@context":"https:\/\/schema.org","@graph":[{"@type":"WebPage","@id":"https:\/\/www.dehydraw.tech\/produkt\/bio-ovesne-chlebicky-s-morskou-rasou-a-islandskou-lavovou-soli\/","url":"https:\/\/www.dehydraw.tech\/produkt\/bio-ovesne-chlebicky-s-morskou-rasou-a-islandskou-lavovou-soli\/","name":"OVESN\u00c9 CHLEB\u00cd\u010cKY s mo\u0159skou \u0159asou a islandskou l\u00e1vovou sol\u00ed 300g - dehydraw.tech","isPartOf":{"@id":"https:\/\/www.dehydraw.tech\/#website"},"primaryImageOfPage":{"@id":"https:\/\/www.dehydraw.tech\/produkt\/bio-ovesne-chlebicky-s-morskou-rasou-a-islandskou-lavovou-soli\/#primaryimage"},"image":{"@id":"https:\/\/www.dehydraw.tech\/produkt\/bio-ovesne-chlebicky-s-morskou-rasou-a-islandskou-lavovou-soli\/#primaryimage"},"thumbnailUrl":"https:\/\/www.dehydraw.tech\/wp-content\/uploads\/2023\/04\/IMG_3021.png","datePublished":"2023-04-27T17:06:42+00:00","dateModified":"2026-03-07T06:38:52+00:00","description":"V\u00fd\u017eivov\u011b bohat\u00e9 s vysok\u00fdm obsahem Beta-Glukanu, su\u0161en\u00e9 za studena. Hmotnost: 300g. Endurance edice.","breadcrumb":{"@id":"https:\/\/www.dehydraw.tech\/produkt\/bio-ovesne-chlebicky-s-morskou-rasou-a-islandskou-lavovou-soli\/#breadcrumb"},"inLanguage":"en-GB","potentialAction":[{"@type":"ReadAction","target":["https:\/\/www.dehydraw.tech\/produkt\/bio-ovesne-chlebicky-s-morskou-rasou-a-islandskou-lavovou-soli\/"]}]},{"@type":"ImageObject","inLanguage":"en-GB","@id":"https:\/\/www.dehydraw.tech\/produkt\/bio-ovesne-chlebicky-s-morskou-rasou-a-islandskou-lavovou-soli\/#primaryimage","url":"https:\/\/www.dehydraw.tech\/wp-content\/uploads\/2023\/04\/IMG_3021.png","contentUrl":"https:\/\/www.dehydraw.tech\/wp-content\/uploads\/2023\/04\/IMG_3021.png","width":1536,"height":1024},{"@type":"BreadcrumbList","@id":"https:\/\/www.dehydraw.tech\/produkt\/bio-ovesne-chlebicky-s-morskou-rasou-a-islandskou-lavovou-soli\/#breadcrumb","itemListElement":[{"@type":"ListItem","position":1,"name":"Dom\u016f","item":"https:\/\/www.dehydraw.tech\/"},{"@type":"ListItem","position":2,"name":"E-shop","item":"https:\/\/www.dehydraw.tech\/e-shop\/"},{"@type":"ListItem","position":3,"name":"OVESN\u00c9 CHLEB\u00cd\u010cKY s mo\u0159skou \u0159asou a islandskou l\u00e1vovou sol\u00ed 300g"}]},{"@type":"WebSite","@id":"https:\/\/www.dehydraw.tech\/#website","url":"https:\/\/www.dehydraw.tech\/","name":"dehydraw.tech","description":"Dehydraw Tech","publisher":{"@id":"https:\/\/www.dehydraw.tech\/#organization"},"potentialAction":[{"@type":"SearchAction","target":{"@type":"EntryPoint","urlTemplate":"https:\/\/www.dehydraw.tech\/?s={search_term_string}"},"query-input":{"@type":"PropertyValueSpecification","valueRequired":true,"valueName":"search_term_string"}}],"inLanguage":"en-GB"},{"@type":"Organization","@id":"https:\/\/www.dehydraw.tech\/#organization","name":"dehydraw.tech","url":"https:\/\/www.dehydraw.tech\/","logo":{"@type":"ImageObject","inLanguage":"en-GB","@id":"https:\/\/www.dehydraw.tech\/#\/schema\/logo\/image\/","url":"https:\/\/www.dehydraw.tech\/wp-content\/uploads\/2023\/01\/dehydraw-logo.png","contentUrl":"https:\/\/www.dehydraw.tech\/wp-content\/uploads\/2023\/01\/dehydraw-logo.png","width":700,"height":90,"caption":"dehydraw.tech"},"image":{"@id":"https:\/\/www.dehydraw.tech\/#\/schema\/logo\/image\/"}}]}},"_links":{"self":[{"href":"https:\/\/www.dehydraw.tech\/en\/wp-json\/wp\/v2\/product\/2891","targetHints":{"allow":["GET"]}}],"collection":[{"href":"https:\/\/www.dehydraw.tech\/en\/wp-json\/wp\/v2\/product"}],"about":[{"href":"https:\/\/www.dehydraw.tech\/en\/wp-json\/wp\/v2\/types\/product"}],"replies":[{"embeddable":true,"href":"https:\/\/www.dehydraw.tech\/en\/wp-json\/wp\/v2\/comments?post=2891"}],"wp:featuredmedia":[{"embeddable":true,"href":"https:\/\/www.dehydraw.tech\/en\/wp-json\/wp\/v2\/media\/3917"}],"wp:attachment":[{"href":"https:\/\/www.dehydraw.tech\/en\/wp-json\/wp\/v2\/media?parent=2891"}],"wp:term":[{"taxonomy":"product_cat","embeddable":true,"href":"https:\/\/www.dehydraw.tech\/en\/wp-json\/wp\/v2\/product_cat?post=2891"},{"taxonomy":"product_tag","embeddable":true,"href":"https:\/\/www.dehydraw.tech\/en\/wp-json\/wp\/v2\/product_tag?post=2891"}],"curies":[{"name":"wp","href":"https:\/\/api.w.org\/{rel}","templated":true}]}}