{"id":2829,"date":"2023-04-27T15:16:48","date_gmt":"2023-04-27T15:16:48","guid":{"rendered":"https:\/\/www.dehydraw.tech\/?page_id=2829"},"modified":"2023-05-22T10:21:50","modified_gmt":"2023-05-22T10:21:50","slug":"muj-ucet","status":"publish","type":"page","link":"https:\/\/www.dehydraw.tech\/en\/muj-ucet\/","title":{"rendered":"My account"},"content":{"rendered":"<style>.kb-row-layout-id_dc22cb-13 > .kt-row-column-wrap{align-content:start;}:where(.kb-row-layout-id_dc22cb-13 > .kt-row-column-wrap) > .wp-block-kadence-column{justify-content:start;}.kb-row-layout-id_dc22cb-13 > .kt-row-column-wrap{column-gap:var(--global-kb-gap-md, 2rem);row-gap:var(--global-kb-gap-none, 0rem );max-width:1200px;margin-left:auto;margin-right:auto;padding-top:100px;padding-right:25px;padding-bottom:120px;padding-left:25px;grid-template-columns:minmax(0, 1fr);}.kb-row-layout-id_dc22cb-13 > .kt-row-layout-overlay{opacity:0.10;background-image:url('http:\/\/www.dehydraw.tech\/wp-content\/uploads\/2023\/01\/dehydraw_tech-logo-mark-white-rgb-100px@72ppi.png');background-size:auto;background-position:0% 0%;background-attachment:scroll;background-repeat:repeat;}.kb-row-layout-id_dc22cb-13 ,.kb-row-layout-id_dc22cb-13 h1,.kb-row-layout-id_dc22cb-13 h2,.kb-row-layout-id_dc22cb-13 h3,.kb-row-layout-id_dc22cb-13 h4,.kb-row-layout-id_dc22cb-13 h5,.kb-row-layout-id_dc22cb-13 h6{color:#ffffff;}.kb-row-layout-id_dc22cb-13 .kt-row-layout-bottom-sep{height:100px;}.kb-row-layout-id_dc22cb-13 .kt-row-layout-bottom-sep svg{width:100%;}.kb-row-layout-id_dc22cb-13 .kt-row-layout-bottom-sep svg{fill:var(--global-palette9, #ffffff)!important;}@media all and (max-width: 1024px){.kb-row-layout-id_dc22cb-13 > .kt-row-column-wrap{grid-template-columns:minmax(0, 1fr);}}@media all and (max-width: 1024px){.kb-row-layout-id_dc22cb-13 .kt-row-layout-bottom-sep{height:px;}}@media all and (max-width: 1024px){.kb-row-layout-id_dc22cb-13 .kt-row-layout-bottom-sep svg{width:%;}}@media all and (max-width: 767px){.kb-row-layout-id_dc22cb-13 > .kt-row-column-wrap{grid-template-columns:minmax(0, 1fr);}.kb-row-layout-id_dc22cb-13 .kt-row-layout-bottom-sep{height:px;}.kb-row-layout-id_dc22cb-13 .kt-row-layout-bottom-sep svg{width:%;}}<\/style><div class=\"kb-row-layout-wrap kb-row-layout-id_dc22cb-13 alignfull has-theme-palette1-background-color kt-row-has-bg wp-block-kadence-rowlayout\"><div class=\"kt-row-layout-overlay kt-row-overlay-normal\"><\/div><div class=\"kt-row-layout-bottom-sep kt-row-sep-type-sltl\"><svg viewbox=\"0 0 1000 100\" preserveaspectratio=\"none\"><path d=\"M1000,0l-1000,100l1000,0l0,-100Z\" \/><\/svg><\/div><div class=\"kt-row-column-wrap kt-has-1-columns kt-row-layout-equal kt-tab-layout-inherit kt-mobile-layout-row kt-row-valign-top\">\n<style>.kadence-column_954a1c-65 > .kt-inside-inner-col,.kadence-column_954a1c-65 > .kt-inside-inner-col:before{border-top-left-radius:0px;border-top-right-radius:0px;border-bottom-right-radius:0px;border-bottom-left-radius:0px;}.kadence-column_954a1c-65 > .kt-inside-inner-col{column-gap:var(--global-kb-gap-sm, 1rem);}.kadence-column_954a1c-65 > .kt-inside-inner-col{flex-direction:column;}.kadence-column_954a1c-65 > .kt-inside-inner-col > .aligncenter{width:100%;}.kadence-column_954a1c-65 > .kt-inside-inner-col:before{opacity:0.3;}.kadence-column_954a1c-65{position:relative;}@media all and (max-width: 1024px){.kadence-column_954a1c-65 > .kt-inside-inner-col{flex-direction:column;}}@media all and (max-width: 767px){.kadence-column_954a1c-65 > .kt-inside-inner-col{flex-direction:column;}}<\/style>\n<div class=\"wp-block-kadence-column kadence-column_954a1c-65 inner-column-1\"><div class=\"kt-inside-inner-col\"><style>.kb-row-layout-id_0638c0-d6 > .kt-row-column-wrap{align-content:start;}:where(.kb-row-layout-id_0638c0-d6 > .kt-row-column-wrap) > .wp-block-kadence-column{justify-content:start;}.kb-row-layout-id_0638c0-d6 > .kt-row-column-wrap{column-gap:var(--global-kb-gap-md, 2rem);row-gap:var(--global-kb-gap-md, 2rem);max-width:1000px;margin-left:auto;margin-right:auto;padding-top:25px;padding-right:25px;padding-bottom:25px;padding-left:25px;grid-template-columns:minmax(0, 1fr);}.kb-row-layout-id_0638c0-d6 > .kt-row-layout-overlay{opacity:0.30;}@media all and (max-width: 1024px){.kb-row-layout-id_0638c0-d6 > .kt-row-column-wrap{grid-template-columns:minmax(0, 1fr);}}@media all and (max-width: 767px){.kb-row-layout-id_0638c0-d6 > .kt-row-column-wrap{grid-template-columns:minmax(0, 1fr);}}<\/style><div class=\"kb-row-layout-wrap kb-row-layout-id_0638c0-d6 alignnone wp-block-kadence-rowlayout\"><div class=\"kt-row-column-wrap kt-has-1-columns kt-row-layout-equal kt-tab-layout-inherit kt-mobile-layout-row kt-row-valign-top\">\n<style>.kadence-column_c1dd5f-eb > .kt-inside-inner-col,.kadence-column_c1dd5f-eb > .kt-inside-inner-col:before{border-top-left-radius:0px;border-top-right-radius:0px;border-bottom-right-radius:0px;border-bottom-left-radius:0px;}.kadence-column_c1dd5f-eb > .kt-inside-inner-col{column-gap:var(--global-kb-gap-sm, 1rem);}.kadence-column_c1dd5f-eb > .kt-inside-inner-col{flex-direction:column;}.kadence-column_c1dd5f-eb > .kt-inside-inner-col > .aligncenter{width:100%;}.kadence-column_c1dd5f-eb > .kt-inside-inner-col:before{opacity:0.3;}.kadence-column_c1dd5f-eb{position:relative;}@media all and (max-width: 1024px){.kadence-column_c1dd5f-eb > .kt-inside-inner-col{flex-direction:column;}}@media all and (max-width: 767px){.kadence-column_c1dd5f-eb > .kt-inside-inner-col{flex-direction:column;}}<\/style>\n<div class=\"wp-block-kadence-column kadence-column_c1dd5f-eb inner-column-1\"><div class=\"kt-inside-inner-col\"><style>.wp-block-kadence-advancedheading.kt-adv-heading_f8c2ba-ab, .wp-block-kadence-advancedheading.kt-adv-heading_f8c2ba-ab[data-kb-block=\"kb-adv-heading_f8c2ba-ab\"]{text-align:center;font-size:2.5rem;font-weight:600;font-style:normal;font-family:'Familjen Grotesk';text-transform:uppercase;letter-spacing:1px;}.wp-block-kadence-advancedheading.kt-adv-heading_f8c2ba-ab mark.kt-highlight, .wp-block-kadence-advancedheading.kt-adv-heading_f8c2ba-ab[data-kb-block=\"kb-adv-heading_f8c2ba-ab\"] mark.kt-highlight{font-weight:normal;font-style:normal;color:#f76a0c;-webkit-box-decoration-break:clone;box-decoration-break:clone;padding-top:0px;padding-right:0px;padding-bottom:0px;padding-left:0px;}@media all and (max-width: 767px){.wp-block-kadence-advancedheading.kt-adv-heading_f8c2ba-ab, .wp-block-kadence-advancedheading.kt-adv-heading_f8c2ba-ab[data-kb-block=\"kb-adv-heading_f8c2ba-ab\"]{font-size:1.3rem;}}<\/style>\n<h2 class=\"kt-adv-heading_f8c2ba-ab wp-block-kadence-advancedheading\" data-kb-block=\"kb-adv-heading_f8c2ba-ab\">My account<\/h2><\/div><\/div>\n<\/div><\/div><\/div><\/div>\n<\/div><\/div><style>.kb-row-layout-id_90187f-2d > .kt-row-column-wrap{align-content:start;}:where(.kb-row-layout-id_90187f-2d > .kt-row-column-wrap) > .wp-block-kadence-column{justify-content:start;}.kb-row-layout-id_90187f-2d > .kt-row-column-wrap{column-gap:var(--global-kb-gap-md, 2rem);row-gap:var(--global-kb-gap-md, 2rem);padding-top:var(--global-kb-spacing-3xl, 6.5rem);padding-bottom:var(--global-kb-spacing-xxl, 5rem);grid-template-columns:minmax(0, 1fr);}.kb-row-layout-id_90187f-2d > .kt-row-layout-overlay{opacity:0.30;}@media all and (max-width: 1024px){.kb-row-layout-id_90187f-2d > .kt-row-column-wrap{grid-template-columns:minmax(0, 1fr);}}@media all and (max-width: 767px){.kb-row-layout-id_90187f-2d > .kt-row-column-wrap{grid-template-columns:minmax(0, 1fr);}}<\/style><div class=\"kb-row-layout-wrap kb-row-layout-id_90187f-2d alignnone wp-block-kadence-rowlayout\"><div class=\"kt-row-column-wrap kt-has-1-columns kt-row-layout-equal kt-tab-layout-inherit kt-mobile-layout-row kt-row-valign-top\">\n<style>.kadence-column_29e6e8-fa > .kt-inside-inner-col,.kadence-column_29e6e8-fa > .kt-inside-inner-col:before{border-top-left-radius:0px;border-top-right-radius:0px;border-bottom-right-radius:0px;border-bottom-left-radius:0px;}.kadence-column_29e6e8-fa > .kt-inside-inner-col{column-gap:var(--global-kb-gap-sm, 1rem);}.kadence-column_29e6e8-fa > .kt-inside-inner-col{flex-direction:column;}.kadence-column_29e6e8-fa > .kt-inside-inner-col > .aligncenter{width:100%;}.kadence-column_29e6e8-fa > .kt-inside-inner-col:before{opacity:0.3;}.kadence-column_29e6e8-fa{position:relative;}@media all and (max-width: 1024px){.kadence-column_29e6e8-fa > .kt-inside-inner-col{flex-direction:column;}}@media all and (max-width: 767px){.kadence-column_29e6e8-fa > .kt-inside-inner-col{flex-direction:column;}}<\/style>\n<div class=\"wp-block-kadence-column kadence-column_29e6e8-fa\"><div class=\"kt-inside-inner-col\"><div class=\"woocommerce\"><\/div><\/div><\/div>\n<\/div><\/div>","protected":false},"excerpt":{"rendered":"<p>My account<\/p>","protected":false},"author":1,"featured_media":0,"parent":0,"menu_order":0,"comment_status":"closed","ping_status":"closed","template":"","meta":{"_kadence_starter_templates_imported_post":false,"_kad_post_transparent":"","_kad_post_title":"hide","_kad_post_layout":"","_kad_post_sidebar_id":"","_kad_post_content_style":"","_kad_post_vertical_padding":"","_kad_post_feature":"","_kad_post_feature_position":"","_kad_post_header":false,"_kad_post_footer":false,"footnotes":""},"class_list":["post-2829","page","type-page","status-publish","hentry"],"yoast_head":"<!-- This site is optimized with the Yoast SEO plugin v24.0 - https:\/\/yoast.com\/wordpress\/plugins\/seo\/ -->\n<title>M\u016fj \u00fa\u010det - dehydraw.tech<\/title>\n<meta name=\"robots\" content=\"index, follow, max-snippet:-1, max-image-preview:large, max-video-preview:-1\" \/>\n<link rel=\"canonical\" href=\"https:\/\/www.dehydraw.tech\/en\/muj-ucet\/\" \/>\n<meta property=\"og:locale\" content=\"en_GB\" \/>\n<meta property=\"og:type\" content=\"article\" \/>\n<meta property=\"og:title\" content=\"M\u016fj \u00fa\u010det - dehydraw.tech\" \/>\n<meta property=\"og:description\" content=\"M\u016fj \u00fa\u010det\" \/>\n<meta property=\"og:url\" content=\"https:\/\/www.dehydraw.tech\/en\/muj-ucet\/\" \/>\n<meta property=\"og:site_name\" content=\"dehydraw.tech\" \/>\n<meta property=\"article:modified_time\" content=\"2023-05-22T10:21:50+00:00\" \/>\n<meta name=\"twitter:card\" content=\"summary_large_image\" \/>\n<meta name=\"twitter:label1\" content=\"Estimated reading time\" \/>\n\t<meta name=\"twitter:data1\" content=\"1 minute\" \/>\n<script type=\"application\/ld+json\" class=\"yoast-schema-graph\">{\"@context\":\"https:\/\/schema.org\",\"@graph\":[{\"@type\":\"WebPage\",\"@id\":\"https:\/\/www.dehydraw.tech\/muj-ucet\/\",\"url\":\"https:\/\/www.dehydraw.tech\/muj-ucet\/\",\"name\":\"M\u016fj \u00fa\u010det - dehydraw.tech\",\"isPartOf\":{\"@id\":\"https:\/\/www.dehydraw.tech\/#website\"},\"datePublished\":\"2023-04-27T15:16:48+00:00\",\"dateModified\":\"2023-05-22T10:21:50+00:00\",\"breadcrumb\":{\"@id\":\"https:\/\/www.dehydraw.tech\/muj-ucet\/#breadcrumb\"},\"inLanguage\":\"en-GB\",\"potentialAction\":[{\"@type\":\"ReadAction\",\"target\":[\"https:\/\/www.dehydraw.tech\/muj-ucet\/\"]}]},{\"@type\":\"BreadcrumbList\",\"@id\":\"https:\/\/www.dehydraw.tech\/muj-ucet\/#breadcrumb\",\"itemListElement\":[{\"@type\":\"ListItem\",\"position\":1,\"name\":\"Dom\u016f\",\"item\":\"https:\/\/www.dehydraw.tech\/\"},{\"@type\":\"ListItem\",\"position\":2,\"name\":\"M\u016fj \u00fa\u010det\"}]},{\"@type\":\"WebSite\",\"@id\":\"https:\/\/www.dehydraw.tech\/#website\",\"url\":\"https:\/\/www.dehydraw.tech\/\",\"name\":\"dehydraw.tech\",\"description\":\"Dehydraw Tech\",\"publisher\":{\"@id\":\"https:\/\/www.dehydraw.tech\/#organization\"},\"potentialAction\":[{\"@type\":\"SearchAction\",\"target\":{\"@type\":\"EntryPoint\",\"urlTemplate\":\"https:\/\/www.dehydraw.tech\/?s={search_term_string}\"},\"query-input\":{\"@type\":\"PropertyValueSpecification\",\"valueRequired\":true,\"valueName\":\"search_term_string\"}}],\"inLanguage\":\"en-GB\"},{\"@type\":\"Organization\",\"@id\":\"https:\/\/www.dehydraw.tech\/#organization\",\"name\":\"dehydraw.tech\",\"url\":\"https:\/\/www.dehydraw.tech\/\",\"logo\":{\"@type\":\"ImageObject\",\"inLanguage\":\"en-GB\",\"@id\":\"https:\/\/www.dehydraw.tech\/#\/schema\/logo\/image\/\",\"url\":\"https:\/\/www.dehydraw.tech\/wp-content\/uploads\/2023\/01\/dehydraw-logo.png\",\"contentUrl\":\"https:\/\/www.dehydraw.tech\/wp-content\/uploads\/2023\/01\/dehydraw-logo.png\",\"width\":700,\"height\":90,\"caption\":\"dehydraw.tech\"},\"image\":{\"@id\":\"https:\/\/www.dehydraw.tech\/#\/schema\/logo\/image\/\"}}]}<\/script>\n<!-- \/ Yoast SEO plugin. -->","yoast_head_json":{"title":"M\u016fj \u00fa\u010det - dehydraw.tech","robots":{"index":"index","follow":"follow","max-snippet":"max-snippet:-1","max-image-preview":"max-image-preview:large","max-video-preview":"max-video-preview:-1"},"canonical":"https:\/\/www.dehydraw.tech\/en\/muj-ucet\/","og_locale":"en_GB","og_type":"article","og_title":"M\u016fj \u00fa\u010det - dehydraw.tech","og_description":"M\u016fj \u00fa\u010det","og_url":"https:\/\/www.dehydraw.tech\/en\/muj-ucet\/","og_site_name":"dehydraw.tech","article_modified_time":"2023-05-22T10:21:50+00:00","twitter_card":"summary_large_image","twitter_misc":{"Estimated reading time":"1 minute"},"schema":{"@context":"https:\/\/schema.org","@graph":[{"@type":"WebPage","@id":"https:\/\/www.dehydraw.tech\/muj-ucet\/","url":"https:\/\/www.dehydraw.tech\/muj-ucet\/","name":"M\u016fj \u00fa\u010det - dehydraw.tech","isPartOf":{"@id":"https:\/\/www.dehydraw.tech\/#website"},"datePublished":"2023-04-27T15:16:48+00:00","dateModified":"2023-05-22T10:21:50+00:00","breadcrumb":{"@id":"https:\/\/www.dehydraw.tech\/muj-ucet\/#breadcrumb"},"inLanguage":"en-GB","potentialAction":[{"@type":"ReadAction","target":["https:\/\/www.dehydraw.tech\/muj-ucet\/"]}]},{"@type":"BreadcrumbList","@id":"https:\/\/www.dehydraw.tech\/muj-ucet\/#breadcrumb","itemListElement":[{"@type":"ListItem","position":1,"name":"Dom\u016f","item":"https:\/\/www.dehydraw.tech\/"},{"@type":"ListItem","position":2,"name":"M\u016fj \u00fa\u010det"}]},{"@type":"WebSite","@id":"https:\/\/www.dehydraw.tech\/#website","url":"https:\/\/www.dehydraw.tech\/","name":"dehydraw.tech","description":"Dehydraw Tech","publisher":{"@id":"https:\/\/www.dehydraw.tech\/#organization"},"potentialAction":[{"@type":"SearchAction","target":{"@type":"EntryPoint","urlTemplate":"https:\/\/www.dehydraw.tech\/?s={search_term_string}"},"query-input":{"@type":"PropertyValueSpecification","valueRequired":true,"valueName":"search_term_string"}}],"inLanguage":"en-GB"},{"@type":"Organization","@id":"https:\/\/www.dehydraw.tech\/#organization","name":"dehydraw.tech","url":"https:\/\/www.dehydraw.tech\/","logo":{"@type":"ImageObject","inLanguage":"en-GB","@id":"https:\/\/www.dehydraw.tech\/#\/schema\/logo\/image\/","url":"https:\/\/www.dehydraw.tech\/wp-content\/uploads\/2023\/01\/dehydraw-logo.png","contentUrl":"https:\/\/www.dehydraw.tech\/wp-content\/uploads\/2023\/01\/dehydraw-logo.png","width":700,"height":90,"caption":"dehydraw.tech"},"image":{"@id":"https:\/\/www.dehydraw.tech\/#\/schema\/logo\/image\/"}}]}},"_links":{"self":[{"href":"https:\/\/www.dehydraw.tech\/en\/wp-json\/wp\/v2\/pages\/2829","targetHints":{"allow":["GET"]}}],"collection":[{"href":"https:\/\/www.dehydraw.tech\/en\/wp-json\/wp\/v2\/pages"}],"about":[{"href":"https:\/\/www.dehydraw.tech\/en\/wp-json\/wp\/v2\/types\/page"}],"author":[{"embeddable":true,"href":"https:\/\/www.dehydraw.tech\/en\/wp-json\/wp\/v2\/users\/1"}],"replies":[{"embeddable":true,"href":"https:\/\/www.dehydraw.tech\/en\/wp-json\/wp\/v2\/comments?post=2829"}],"version-history":[{"count":2,"href":"https:\/\/www.dehydraw.tech\/en\/wp-json\/wp\/v2\/pages\/2829\/revisions"}],"predecessor-version":[{"id":3235,"href":"https:\/\/www.dehydraw.tech\/en\/wp-json\/wp\/v2\/pages\/2829\/revisions\/3235"}],"wp:attachment":[{"href":"https:\/\/www.dehydraw.tech\/en\/wp-json\/wp\/v2\/media?parent=2829"}],"curies":[{"name":"wp","href":"https:\/\/api.w.org\/{rel}","templated":true}]}}