{"id":2798,"date":"2023-04-27T12:00:52","date_gmt":"2023-04-27T12:00:52","guid":{"rendered":"https:\/\/www.dehydraw.tech\/?page_id=2798"},"modified":"2023-06-04T09:53:41","modified_gmt":"2023-06-04T09:53:41","slug":"kosik","status":"publish","type":"page","link":"https:\/\/www.dehydraw.tech\/en\/kosik\/","title":{"rendered":"Basket"},"content":{"rendered":"<style>.kb-row-layout-id_dc22cb-13 > .kt-row-column-wrap{align-content:start;}:where(.kb-row-layout-id_dc22cb-13 > .kt-row-column-wrap) > .wp-block-kadence-column{justify-content:start;}.kb-row-layout-id_dc22cb-13 > .kt-row-column-wrap{column-gap:var(--global-kb-gap-md, 2rem);row-gap:var(--global-kb-gap-none, 0rem );max-width:1200px;margin-left:auto;margin-right:auto;padding-top:100px;padding-right:25px;padding-bottom:120px;padding-left:25px;grid-template-columns:minmax(0, 1fr);}.kb-row-layout-id_dc22cb-13 > .kt-row-layout-overlay{opacity:0.10;background-image:url('http:\/\/www.dehydraw.tech\/wp-content\/uploads\/2023\/01\/dehydraw_tech-logo-mark-white-rgb-100px@72ppi.png');background-size:auto;background-position:0% 0%;background-attachment:scroll;background-repeat:repeat;}.kb-row-layout-id_dc22cb-13 ,.kb-row-layout-id_dc22cb-13 h1,.kb-row-layout-id_dc22cb-13 h2,.kb-row-layout-id_dc22cb-13 h3,.kb-row-layout-id_dc22cb-13 h4,.kb-row-layout-id_dc22cb-13 h5,.kb-row-layout-id_dc22cb-13 h6{color:#ffffff;}.kb-row-layout-id_dc22cb-13 .kt-row-layout-bottom-sep{height:100px;}.kb-row-layout-id_dc22cb-13 .kt-row-layout-bottom-sep svg{width:100%;}.kb-row-layout-id_dc22cb-13 .kt-row-layout-bottom-sep svg{fill:var(--global-palette9, #ffffff)!important;}@media all and (max-width: 1024px){.kb-row-layout-id_dc22cb-13 > .kt-row-column-wrap{grid-template-columns:minmax(0, 1fr);}}@media all and (max-width: 1024px){.kb-row-layout-id_dc22cb-13 .kt-row-layout-bottom-sep{height:px;}}@media all and (max-width: 1024px){.kb-row-layout-id_dc22cb-13 .kt-row-layout-bottom-sep svg{width:%;}}@media all and (max-width: 767px){.kb-row-layout-id_dc22cb-13 > .kt-row-column-wrap{grid-template-columns:minmax(0, 1fr);}.kb-row-layout-id_dc22cb-13 .kt-row-layout-bottom-sep{height:px;}.kb-row-layout-id_dc22cb-13 .kt-row-layout-bottom-sep svg{width:%;}}<\/style><div class=\"kb-row-layout-wrap kb-row-layout-id_dc22cb-13 alignfull has-theme-palette1-background-color kt-row-has-bg wp-block-kadence-rowlayout\"><div class=\"kt-row-layout-overlay kt-row-overlay-normal\"><\/div><div class=\"kt-row-layout-bottom-sep kt-row-sep-type-sltl\"><svg viewbox=\"0 0 1000 100\" preserveaspectratio=\"none\"><path d=\"M1000,0l-1000,100l1000,0l0,-100Z\" \/><\/svg><\/div><div class=\"kt-row-column-wrap kt-has-1-columns kt-row-layout-equal kt-tab-layout-inherit kt-mobile-layout-row kt-row-valign-top\">\n<style>.kadence-column_954a1c-65 > .kt-inside-inner-col,.kadence-column_954a1c-65 > .kt-inside-inner-col:before{border-top-left-radius:0px;border-top-right-radius:0px;border-bottom-right-radius:0px;border-bottom-left-radius:0px;}.kadence-column_954a1c-65 > .kt-inside-inner-col{column-gap:var(--global-kb-gap-sm, 1rem);}.kadence-column_954a1c-65 > .kt-inside-inner-col{flex-direction:column;}.kadence-column_954a1c-65 > .kt-inside-inner-col > .aligncenter{width:100%;}.kadence-column_954a1c-65 > .kt-inside-inner-col:before{opacity:0.3;}.kadence-column_954a1c-65{position:relative;}@media all and (max-width: 1024px){.kadence-column_954a1c-65 > .kt-inside-inner-col{flex-direction:column;}}@media all and (max-width: 767px){.kadence-column_954a1c-65 > .kt-inside-inner-col{flex-direction:column;}}<\/style>\n<div class=\"wp-block-kadence-column kadence-column_954a1c-65 inner-column-1\"><div class=\"kt-inside-inner-col\"><style>.kb-row-layout-id_0638c0-d6 > .kt-row-column-wrap{align-content:start;}:where(.kb-row-layout-id_0638c0-d6 > .kt-row-column-wrap) > .wp-block-kadence-column{justify-content:start;}.kb-row-layout-id_0638c0-d6 > .kt-row-column-wrap{column-gap:var(--global-kb-gap-md, 2rem);row-gap:var(--global-kb-gap-md, 2rem);max-width:1000px;margin-left:auto;margin-right:auto;padding-top:25px;padding-right:25px;padding-bottom:25px;padding-left:25px;grid-template-columns:minmax(0, 1fr);}.kb-row-layout-id_0638c0-d6 > .kt-row-layout-overlay{opacity:0.30;}@media all and (max-width: 1024px){.kb-row-layout-id_0638c0-d6 > .kt-row-column-wrap{grid-template-columns:minmax(0, 1fr);}}@media all and (max-width: 767px){.kb-row-layout-id_0638c0-d6 > .kt-row-column-wrap{grid-template-columns:minmax(0, 1fr);}}<\/style><div class=\"kb-row-layout-wrap kb-row-layout-id_0638c0-d6 alignnone wp-block-kadence-rowlayout\"><div class=\"kt-row-column-wrap kt-has-1-columns kt-row-layout-equal kt-tab-layout-inherit kt-mobile-layout-row kt-row-valign-top\">\n<style>.kadence-column_c1dd5f-eb > .kt-inside-inner-col,.kadence-column_c1dd5f-eb > .kt-inside-inner-col:before{border-top-left-radius:0px;border-top-right-radius:0px;border-bottom-right-radius:0px;border-bottom-left-radius:0px;}.kadence-column_c1dd5f-eb > .kt-inside-inner-col{column-gap:var(--global-kb-gap-sm, 1rem);}.kadence-column_c1dd5f-eb > .kt-inside-inner-col{flex-direction:column;}.kadence-column_c1dd5f-eb > .kt-inside-inner-col > .aligncenter{width:100%;}.kadence-column_c1dd5f-eb > .kt-inside-inner-col:before{opacity:0.3;}.kadence-column_c1dd5f-eb{position:relative;}@media all and (max-width: 1024px){.kadence-column_c1dd5f-eb > .kt-inside-inner-col{flex-direction:column;}}@media all and (max-width: 767px){.kadence-column_c1dd5f-eb > .kt-inside-inner-col{flex-direction:column;}}<\/style>\n<div class=\"wp-block-kadence-column kadence-column_c1dd5f-eb inner-column-1\"><div class=\"kt-inside-inner-col\"><style>.wp-block-kadence-advancedheading.kt-adv-heading_f8c2ba-ab, .wp-block-kadence-advancedheading.kt-adv-heading_f8c2ba-ab[data-kb-block=\"kb-adv-heading_f8c2ba-ab\"]{text-align:center;font-size:2.5rem;font-weight:600;font-style:normal;font-family:'Familjen Grotesk';text-transform:uppercase;letter-spacing:1px;}.wp-block-kadence-advancedheading.kt-adv-heading_f8c2ba-ab mark.kt-highlight, .wp-block-kadence-advancedheading.kt-adv-heading_f8c2ba-ab[data-kb-block=\"kb-adv-heading_f8c2ba-ab\"] mark.kt-highlight{font-weight:normal;font-style:normal;color:#f76a0c;-webkit-box-decoration-break:clone;box-decoration-break:clone;padding-top:0px;padding-right:0px;padding-bottom:0px;padding-left:0px;}@media all and (max-width: 767px){.wp-block-kadence-advancedheading.kt-adv-heading_f8c2ba-ab, .wp-block-kadence-advancedheading.kt-adv-heading_f8c2ba-ab[data-kb-block=\"kb-adv-heading_f8c2ba-ab\"]{font-size:1.3rem;}}<\/style>\n<h2 class=\"kt-adv-heading_f8c2ba-ab wp-block-kadence-advancedheading\" data-kb-block=\"kb-adv-heading_f8c2ba-ab\">Basket<\/h2><\/div><\/div>\n<\/div><\/div><\/div><\/div>\n<\/div><\/div><style>.kb-row-layout-id_807e89-46 > .kt-row-column-wrap{align-content:start;}:where(.kb-row-layout-id_807e89-46 > .kt-row-column-wrap) > .wp-block-kadence-column{justify-content:start;}.kb-row-layout-id_807e89-46 > .kt-row-column-wrap{column-gap:var(--global-kb-gap-md, 2rem);row-gap:var(--global-kb-gap-md, 2rem);padding-top:var(--global-kb-spacing-xxl, 5rem);padding-bottom:var(--global-kb-spacing-sm, 1.5rem);grid-template-columns:minmax(0, 1fr);}.kb-row-layout-id_807e89-46 > .kt-row-layout-overlay{opacity:0.30;}@media all and (max-width: 1024px){.kb-row-layout-id_807e89-46 > .kt-row-column-wrap{grid-template-columns:minmax(0, 1fr);}}@media all and (max-width: 767px){.kb-row-layout-id_807e89-46 > .kt-row-column-wrap{padding-bottom:var(--global-kb-spacing-xl, 4rem);grid-template-columns:minmax(0, 1fr);}}<\/style><div class=\"kb-row-layout-wrap kb-row-layout-id_807e89-46 alignnone wp-block-kadence-rowlayout\"><div class=\"kt-row-column-wrap kt-has-1-columns kt-row-layout-equal kt-tab-layout-inherit kt-mobile-layout-row kt-row-valign-top\">\n<style>.kadence-column_b0e69e-4a > .kt-inside-inner-col,.kadence-column_b0e69e-4a > .kt-inside-inner-col:before{border-top-left-radius:0px;border-top-right-radius:0px;border-bottom-right-radius:0px;border-bottom-left-radius:0px;}.kadence-column_b0e69e-4a > .kt-inside-inner-col{column-gap:var(--global-kb-gap-sm, 1rem);}.kadence-column_b0e69e-4a > .kt-inside-inner-col{flex-direction:column;}.kadence-column_b0e69e-4a > .kt-inside-inner-col > .aligncenter{width:100%;}.kadence-column_b0e69e-4a > .kt-inside-inner-col:before{opacity:0.3;}.kadence-column_b0e69e-4a{position:relative;}@media all and (max-width: 1024px){.kadence-column_b0e69e-4a > .kt-inside-inner-col{flex-direction:column;}}@media all and (max-width: 767px){.kadence-column_b0e69e-4a > .kt-inside-inner-col{flex-direction:column;}}<\/style>\n<div class=\"wp-block-kadence-column kadence-column_b0e69e-4a\"><div class=\"kt-inside-inner-col\"><style>.kb-row-layout-id_8a9897-57 > .kt-row-column-wrap{align-content:start;}:where(.kb-row-layout-id_8a9897-57 > .kt-row-column-wrap) > .wp-block-kadence-column{justify-content:start;}.kb-row-layout-id_8a9897-57 > .kt-row-column-wrap{column-gap:var(--global-kb-gap-none, 0rem );row-gap:var(--global-kb-gap-none, 0rem );max-width:var( --global-content-width, 1290px );padding-left:var(--global-content-edge-padding);padding-right:var(--global-content-edge-padding);padding-top:0px;padding-bottom:var(--global-kb-spacing-xl, 4rem);grid-template-columns:repeat(2, minmax(0, 1fr));}.kb-row-layout-id_8a9897-57 > .kt-row-layout-overlay{opacity:0.30;}@media all and (max-width: 1024px){.kb-row-layout-id_8a9897-57 > .kt-row-column-wrap{grid-template-columns:repeat(2, minmax(0, 1fr));}}@media all and (max-width: 767px){.kb-row-layout-id_8a9897-57 > .kt-row-column-wrap{column-gap:var(--global-kb-gap-none, 0rem );padding-bottom:var(--global-kb-spacing-xxs, 0.5rem);grid-template-columns:repeat(2, minmax(0, 1fr));}}<\/style><div class=\"kb-row-layout-wrap kb-row-layout-id_8a9897-57 alignnone wp-block-kadence-rowlayout\"><div class=\"kt-row-column-wrap kt-has-2-columns kt-row-layout-equal kt-tab-layout-inherit kt-mobile-layout-equal kt-row-valign-top kb-theme-content-width\">\n<style>.kadence-column_53d165-d0 > .kt-inside-inner-col,.kadence-column_53d165-d0 > .kt-inside-inner-col:before{border-top-left-radius:0px;border-top-right-radius:0px;border-bottom-right-radius:0px;border-bottom-left-radius:0px;}.kadence-column_53d165-d0 > .kt-inside-inner-col{column-gap:var(--global-kb-gap-sm, 1rem);}.kadence-column_53d165-d0 > .kt-inside-inner-col{flex-direction:column;}.kadence-column_53d165-d0 > .kt-inside-inner-col > .aligncenter{width:100%;}.kadence-column_53d165-d0 > .kt-inside-inner-col:before{opacity:0.3;}.kadence-column_53d165-d0{text-align:right;}.kadence-column_53d165-d0{position:relative;}@media all and (max-width: 1024px){.kadence-column_53d165-d0 > .kt-inside-inner-col{flex-direction:column;}}@media all and (max-width: 767px){.kadence-column_53d165-d0 > .kt-inside-inner-col{display:flex;flex-direction:row;flex-wrap:wrap;align-items:center;justify-content:flex-start;}.kadence-column_53d165-d0{text-align:left;}.kadence-column_53d165-d0 > .kt-inside-inner-col > *, .kadence-column_53d165-d0 > .kt-inside-inner-col > figure.wp-block-image, .kadence-column_53d165-d0 > .kt-inside-inner-col > figure.wp-block-kadence-image{margin-top:0px;margin-bottom:0px;}.kadence-column_53d165-d0 > .kt-inside-inner-col > .kb-image-is-ratio-size{flex-grow:1;}}<\/style>\n<div class=\"wp-block-kadence-column kadence-column_53d165-d0 kb-section-dir-vertical kb-section-sm-dir-horizontal\"><div class=\"kt-inside-inner-col\"><style>.wp-block-kadence-advancedheading.kt-adv-heading_d44956-7f, .wp-block-kadence-advancedheading.kt-adv-heading_d44956-7f[data-kb-block=\"kb-adv-heading_d44956-7f\"]{text-align:left;font-size:1rem;line-height:1.3em;font-weight:600;font-style:normal;font-family:'Open Sans';}.wp-block-kadence-advancedheading.kt-adv-heading_d44956-7f mark.kt-highlight, .wp-block-kadence-advancedheading.kt-adv-heading_d44956-7f[data-kb-block=\"kb-adv-heading_d44956-7f\"] mark.kt-highlight{font-style:normal;color:#f76a0c;-webkit-box-decoration-break:clone;box-decoration-break:clone;padding-top:0px;padding-right:0px;padding-bottom:0px;padding-left:0px;}.wp-block-kadence-advancedheading.kt-adv-heading_d44956-7f[data-kb-block=\"kb-adv-heading_d44956-7f\"] a, .kt-adv-heading-link_d44956-7f, .kt-adv-heading-link_d44956-7f .kt-adv-heading_d44956-7f[data-kb-block=\"kb-adv-heading_d44956-7f\"]{color:var(--global-palette3, #1A202C);}.wp-block-kadence-advancedheading.kt-adv-heading_d44956-7f[data-kb-block=\"kb-adv-heading_d44956-7f\"] a:hover, .kt-adv-heading-link_d44956-7f:hover, .kt-adv-heading-link_d44956-7f:hover .kt-adv-heading_d44956-7f[data-kb-block=\"kb-adv-heading_d44956-7f\"]{color:var(--global-palette2, #2B6CB0);}.wp-block-kadence-advancedheading.kt-adv-heading_d44956-7f[data-kb-block=\"kb-adv-heading_d44956-7f\"] a, a.kb-advanced-heading-link.kt-adv-heading-link_d44956-7f{text-decoration:underline;}.wp-block-kadence-advancedheading.kt-adv-heading_d44956-7f[data-kb-block=\"kb-adv-heading_d44956-7f\"] a:hover, a.kb-advanced-heading-link.kt-adv-heading-link_d44956-7f:hover{text-decoration:underline;}<\/style>\n<a href=\"https:\/\/www.dehydraw.tech\/en\/e-shop\/\" class=\"kb-advanced-heading-link kt-adv-heading-link_d44956-7f hls-underline\"><h2 class=\"kt-adv-heading_d44956-7f wp-block-kadence-advancedheading has-theme-palette-3-color has-text-color\" data-kb-block=\"kb-adv-heading_d44956-7f\"><a href=\"https:\/\/www.dehydraw.tech\/en\/e-shop\/\">E-shop<\/a><\/h2><\/a><\/div><\/div>\n\n<style>.kadence-column_6c9bee-ac > .kt-inside-inner-col,.kadence-column_6c9bee-ac > .kt-inside-inner-col:before{border-top-left-radius:0px;border-top-right-radius:0px;border-bottom-right-radius:0px;border-bottom-left-radius:0px;}.kadence-column_6c9bee-ac > .kt-inside-inner-col{column-gap:var(--global-kb-gap-sm, 1rem);}.kadence-column_6c9bee-ac > .kt-inside-inner-col{flex-direction:column;}.kadence-column_6c9bee-ac > .kt-inside-inner-col > .aligncenter{width:100%;}.kadence-column_6c9bee-ac > .kt-inside-inner-col:before{opacity:0.3;}.kadence-column_6c9bee-ac{position:relative;}@media all and (max-width: 1024px){.kadence-column_6c9bee-ac > .kt-inside-inner-col{flex-direction:column;}}@media all and (max-width: 767px){.kadence-column_6c9bee-ac > .kt-inside-inner-col{display:flex;flex-direction:row;flex-wrap:wrap;align-items:center;justify-content:flex-end;}.kadence-column_6c9bee-ac{text-align:left;}.kadence-column_6c9bee-ac > .kt-inside-inner-col > *, .kadence-column_6c9bee-ac > .kt-inside-inner-col > figure.wp-block-image, .kadence-column_6c9bee-ac > .kt-inside-inner-col > figure.wp-block-kadence-image{margin-top:0px;margin-bottom:0px;}.kadence-column_6c9bee-ac > .kt-inside-inner-col > .kb-image-is-ratio-size{flex-grow:1;}}<\/style>\n<div class=\"wp-block-kadence-column kadence-column_6c9bee-ac kb-section-dir-vertical kb-section-sm-dir-horizontal\"><div class=\"kt-inside-inner-col\"><nav class=\"items-justified-right wp-block-navigation is-content-justification-right is-layout-flex wp-container-core-navigation-is-layout-765c4724 wp-block-navigation-is-layout-flex\" aria-label=\"eshop\"><ul class=\"wp-block-navigation__container items-justified-right wp-block-navigation\"><li data-wp-context=\"{ &quot;submenuOpenedBy&quot;: { &quot;click&quot;: false, &quot;hover&quot;: false, &quot;focus&quot;: false }, &quot;type&quot;: &quot;submenu&quot;, &quot;modal&quot;: null, &quot;previousFocus&quot;: null }\" data-wp-interactive=\"core\/navigation\" data-wp-on--focusout=\"actions.handleMenuFocusout\" data-wp-on--keydown=\"actions.handleMenuKeydown\" data-wp-watch=\"callbacks.initMenu\" tabindex=\"-1\" class=\"wp-block-navigation-item has-child open-on-click wp-block-navigation-submenu\"><button data-wp-bind--aria-expanded=\"state.isMenuOpen\" data-wp-on--click=\"actions.toggleMenuOnClick\" aria-label=\"P\u0159ihl\u00e1sit se submenu\" class=\"wp-block-navigation-item__content wp-block-navigation-submenu__toggle\" ><span class=\"wp-block-navigation-item__label\"><strong>Log in<\/strong><\/span><\/button><span class=\"wp-block-navigation__submenu-icon\"><svg xmlns=\"http:\/\/www.w3.org\/2000\/svg\" width=\"12\" height=\"12\" viewbox=\"0 0 12 12\" fill=\"none\" aria-hidden=\"true\" focusable=\"false\"><path d=\"M1.50002 4L6.00002 8L10.5 4\" stroke-width=\"1.5\"><\/path><\/svg><\/span><ul data-wp-on--focus=\"actions.openMenuOnFocus\" class=\"wp-block-navigation__submenu-container wp-block-navigation-submenu\"><li class=\"wp-block-navigation-item wp-block-navigation-link\"><a class=\"wp-block-navigation-item__content\"  href=\"https:\/\/www.dehydraw.tech\/en\/muj-ucet\/\"><span class=\"wp-block-navigation-item__label\">My account<\/span><\/a><\/li><li class=\"wp-block-navigation-item wp-block-navigation-link\"><a class=\"wp-block-navigation-item__content\"  href=\"https:\/\/www.dehydraw.tech\/en\/kosik\/\"><span class=\"wp-block-navigation-item__label\">Basket<\/span><\/a><\/li><\/ul><\/li><\/ul><\/nav><\/div><\/div>\n<\/div><\/div><\/div><\/div>\n<\/div><\/div><style>.kb-row-layout-id_a05763-c0 > .kt-row-column-wrap{align-content:start;}:where(.kb-row-layout-id_a05763-c0 > .kt-row-column-wrap) > .wp-block-kadence-column{justify-content:start;}.kb-row-layout-id_a05763-c0 > .kt-row-column-wrap{column-gap:var(--global-kb-gap-md, 2rem);row-gap:var(--global-kb-gap-md, 2rem);padding-top:var(--global-kb-spacing-xxs, 0.5rem);padding-bottom:var(--global-kb-spacing-xl, 4rem);grid-template-columns:minmax(0, 1fr);}.kb-row-layout-id_a05763-c0 > .kt-row-layout-overlay{opacity:0.30;}@media all and (max-width: 1024px){.kb-row-layout-id_a05763-c0 > .kt-row-column-wrap{grid-template-columns:minmax(0, 1fr);}}@media all and (max-width: 767px){.kb-row-layout-id_a05763-c0 > .kt-row-column-wrap{grid-template-columns:minmax(0, 1fr);}}<\/style><div class=\"kb-row-layout-wrap kb-row-layout-id_a05763-c0 alignnone has-theme-palette9-background-color kt-row-has-bg wp-block-kadence-rowlayout\"><div class=\"kt-row-column-wrap kt-has-1-columns kt-row-layout-equal kt-tab-layout-inherit kt-mobile-layout-row kt-row-valign-top\">\n<style>.kadence-column_70ec54-e5 > .kt-inside-inner-col,.kadence-column_70ec54-e5 > .kt-inside-inner-col:before{border-top-left-radius:0px;border-top-right-radius:0px;border-bottom-right-radius:0px;border-bottom-left-radius:0px;}.kadence-column_70ec54-e5 > .kt-inside-inner-col{column-gap:var(--global-kb-gap-sm, 1rem);}.kadence-column_70ec54-e5 > .kt-inside-inner-col{flex-direction:column;}.kadence-column_70ec54-e5 > .kt-inside-inner-col > .aligncenter{width:100%;}.kadence-column_70ec54-e5 > .kt-inside-inner-col:before{opacity:0.3;}.kadence-column_70ec54-e5{position:relative;}@media all and (max-width: 1024px){.kadence-column_70ec54-e5 > .kt-inside-inner-col{flex-direction:column;}}@media all and (max-width: 767px){.kadence-column_70ec54-e5 > .kt-inside-inner-col{flex-direction:column;}}<\/style>\n<div class=\"wp-block-kadence-column kadence-column_70ec54-e5\"><div class=\"kt-inside-inner-col\"><\/div><\/div>\n<\/div><\/div>","protected":false},"excerpt":{"rendered":"<p>Ko\u0161\u00edk E-shop<\/p>","protected":false},"author":1,"featured_media":0,"parent":0,"menu_order":0,"comment_status":"closed","ping_status":"closed","template":"","meta":{"_kadence_starter_templates_imported_post":false,"_kad_post_transparent":"","_kad_post_title":"","_kad_post_layout":"","_kad_post_sidebar_id":"","_kad_post_content_style":"","_kad_post_vertical_padding":"","_kad_post_feature":"","_kad_post_feature_position":"","_kad_post_header":false,"_kad_post_footer":false,"footnotes":""},"class_list":["post-2798","page","type-page","status-publish","hentry"],"yoast_head":"<!-- This site is optimized with the Yoast SEO plugin v24.0 - https:\/\/yoast.com\/wordpress\/plugins\/seo\/ -->\n<title>Ko\u0161\u00edk - dehydraw.tech<\/title>\n<meta name=\"robots\" content=\"index, follow, max-snippet:-1, max-image-preview:large, max-video-preview:-1\" \/>\n<link rel=\"canonical\" href=\"https:\/\/www.dehydraw.tech\/en\/kosik\/\" \/>\n<meta property=\"og:locale\" content=\"en_GB\" \/>\n<meta property=\"og:type\" content=\"article\" \/>\n<meta property=\"og:title\" content=\"Ko\u0161\u00edk - dehydraw.tech\" \/>\n<meta property=\"og:description\" content=\"Ko\u0161\u00edk E-shop\" \/>\n<meta property=\"og:url\" content=\"https:\/\/www.dehydraw.tech\/en\/kosik\/\" \/>\n<meta property=\"og:site_name\" content=\"dehydraw.tech\" \/>\n<meta property=\"article:modified_time\" content=\"2023-06-04T09:53:41+00:00\" \/>\n<meta name=\"twitter:card\" content=\"summary_large_image\" \/>\n<meta name=\"twitter:label1\" content=\"Estimated reading time\" \/>\n\t<meta name=\"twitter:data1\" content=\"1 minute\" \/>\n<script type=\"application\/ld+json\" class=\"yoast-schema-graph\">{\"@context\":\"https:\/\/schema.org\",\"@graph\":[{\"@type\":\"WebPage\",\"@id\":\"https:\/\/www.dehydraw.tech\/kosik\/\",\"url\":\"https:\/\/www.dehydraw.tech\/kosik\/\",\"name\":\"Ko\u0161\u00edk - dehydraw.tech\",\"isPartOf\":{\"@id\":\"https:\/\/www.dehydraw.tech\/#website\"},\"datePublished\":\"2023-04-27T12:00:52+00:00\",\"dateModified\":\"2023-06-04T09:53:41+00:00\",\"breadcrumb\":{\"@id\":\"https:\/\/www.dehydraw.tech\/kosik\/#breadcrumb\"},\"inLanguage\":\"en-GB\",\"potentialAction\":[{\"@type\":\"ReadAction\",\"target\":[\"https:\/\/www.dehydraw.tech\/kosik\/\"]}]},{\"@type\":\"BreadcrumbList\",\"@id\":\"https:\/\/www.dehydraw.tech\/kosik\/#breadcrumb\",\"itemListElement\":[{\"@type\":\"ListItem\",\"position\":1,\"name\":\"Dom\u016f\",\"item\":\"https:\/\/www.dehydraw.tech\/\"},{\"@type\":\"ListItem\",\"position\":2,\"name\":\"Ko\u0161\u00edk\"}]},{\"@type\":\"WebSite\",\"@id\":\"https:\/\/www.dehydraw.tech\/#website\",\"url\":\"https:\/\/www.dehydraw.tech\/\",\"name\":\"dehydraw.tech\",\"description\":\"Dehydraw Tech\",\"publisher\":{\"@id\":\"https:\/\/www.dehydraw.tech\/#organization\"},\"potentialAction\":[{\"@type\":\"SearchAction\",\"target\":{\"@type\":\"EntryPoint\",\"urlTemplate\":\"https:\/\/www.dehydraw.tech\/?s={search_term_string}\"},\"query-input\":{\"@type\":\"PropertyValueSpecification\",\"valueRequired\":true,\"valueName\":\"search_term_string\"}}],\"inLanguage\":\"en-GB\"},{\"@type\":\"Organization\",\"@id\":\"https:\/\/www.dehydraw.tech\/#organization\",\"name\":\"dehydraw.tech\",\"url\":\"https:\/\/www.dehydraw.tech\/\",\"logo\":{\"@type\":\"ImageObject\",\"inLanguage\":\"en-GB\",\"@id\":\"https:\/\/www.dehydraw.tech\/#\/schema\/logo\/image\/\",\"url\":\"https:\/\/www.dehydraw.tech\/wp-content\/uploads\/2023\/01\/dehydraw-logo.png\",\"contentUrl\":\"https:\/\/www.dehydraw.tech\/wp-content\/uploads\/2023\/01\/dehydraw-logo.png\",\"width\":700,\"height\":90,\"caption\":\"dehydraw.tech\"},\"image\":{\"@id\":\"https:\/\/www.dehydraw.tech\/#\/schema\/logo\/image\/\"}}]}<\/script>\n<!-- \/ Yoast SEO plugin. -->","yoast_head_json":{"title":"Ko\u0161\u00edk - dehydraw.tech","robots":{"index":"index","follow":"follow","max-snippet":"max-snippet:-1","max-image-preview":"max-image-preview:large","max-video-preview":"max-video-preview:-1"},"canonical":"https:\/\/www.dehydraw.tech\/en\/kosik\/","og_locale":"en_GB","og_type":"article","og_title":"Ko\u0161\u00edk - dehydraw.tech","og_description":"Ko\u0161\u00edk E-shop","og_url":"https:\/\/www.dehydraw.tech\/en\/kosik\/","og_site_name":"dehydraw.tech","article_modified_time":"2023-06-04T09:53:41+00:00","twitter_card":"summary_large_image","twitter_misc":{"Estimated reading time":"1 minute"},"schema":{"@context":"https:\/\/schema.org","@graph":[{"@type":"WebPage","@id":"https:\/\/www.dehydraw.tech\/kosik\/","url":"https:\/\/www.dehydraw.tech\/kosik\/","name":"Ko\u0161\u00edk - dehydraw.tech","isPartOf":{"@id":"https:\/\/www.dehydraw.tech\/#website"},"datePublished":"2023-04-27T12:00:52+00:00","dateModified":"2023-06-04T09:53:41+00:00","breadcrumb":{"@id":"https:\/\/www.dehydraw.tech\/kosik\/#breadcrumb"},"inLanguage":"en-GB","potentialAction":[{"@type":"ReadAction","target":["https:\/\/www.dehydraw.tech\/kosik\/"]}]},{"@type":"BreadcrumbList","@id":"https:\/\/www.dehydraw.tech\/kosik\/#breadcrumb","itemListElement":[{"@type":"ListItem","position":1,"name":"Dom\u016f","item":"https:\/\/www.dehydraw.tech\/"},{"@type":"ListItem","position":2,"name":"Ko\u0161\u00edk"}]},{"@type":"WebSite","@id":"https:\/\/www.dehydraw.tech\/#website","url":"https:\/\/www.dehydraw.tech\/","name":"dehydraw.tech","description":"Dehydraw Tech","publisher":{"@id":"https:\/\/www.dehydraw.tech\/#organization"},"potentialAction":[{"@type":"SearchAction","target":{"@type":"EntryPoint","urlTemplate":"https:\/\/www.dehydraw.tech\/?s={search_term_string}"},"query-input":{"@type":"PropertyValueSpecification","valueRequired":true,"valueName":"search_term_string"}}],"inLanguage":"en-GB"},{"@type":"Organization","@id":"https:\/\/www.dehydraw.tech\/#organization","name":"dehydraw.tech","url":"https:\/\/www.dehydraw.tech\/","logo":{"@type":"ImageObject","inLanguage":"en-GB","@id":"https:\/\/www.dehydraw.tech\/#\/schema\/logo\/image\/","url":"https:\/\/www.dehydraw.tech\/wp-content\/uploads\/2023\/01\/dehydraw-logo.png","contentUrl":"https:\/\/www.dehydraw.tech\/wp-content\/uploads\/2023\/01\/dehydraw-logo.png","width":700,"height":90,"caption":"dehydraw.tech"},"image":{"@id":"https:\/\/www.dehydraw.tech\/#\/schema\/logo\/image\/"}}]}},"_links":{"self":[{"href":"https:\/\/www.dehydraw.tech\/en\/wp-json\/wp\/v2\/pages\/2798","targetHints":{"allow":["GET"]}}],"collection":[{"href":"https:\/\/www.dehydraw.tech\/en\/wp-json\/wp\/v2\/pages"}],"about":[{"href":"https:\/\/www.dehydraw.tech\/en\/wp-json\/wp\/v2\/types\/page"}],"author":[{"embeddable":true,"href":"https:\/\/www.dehydraw.tech\/en\/wp-json\/wp\/v2\/users\/1"}],"replies":[{"embeddable":true,"href":"https:\/\/www.dehydraw.tech\/en\/wp-json\/wp\/v2\/comments?post=2798"}],"version-history":[{"count":68,"href":"https:\/\/www.dehydraw.tech\/en\/wp-json\/wp\/v2\/pages\/2798\/revisions"}],"predecessor-version":[{"id":3789,"href":"https:\/\/www.dehydraw.tech\/en\/wp-json\/wp\/v2\/pages\/2798\/revisions\/3789"}],"wp:attachment":[{"href":"https:\/\/www.dehydraw.tech\/en\/wp-json\/wp\/v2\/media?parent=2798"}],"curies":[{"name":"wp","href":"https:\/\/api.w.org\/{rel}","templated":true}]}}